{"id":5703,"date":"2018-02-13T11:39:12","date_gmt":"2018-02-13T10:39:12","guid":{"rendered":"http:\/\/marcottestyle.com\/?page_id=5703"},"modified":"2018-02-21T15:54:53","modified_gmt":"2018-02-21T14:54:53","slug":"armoires","status":"publish","type":"page","link":"https:\/\/marcottestyle.com\/fr\/armoires\/","title":{"rendered":"Armoires"},"content":{"rendered":"<h3>Collections propres:<\/h3>\n<p>Comme grossiste, importateur ou fabricant nous pouvons vous pr\u00e9senter un large choix de meubles, qui vous permet d&#8217;\u00e9conomiser des marges importantes ! Afin cibl\u00e9 un d\u00e9roulement professionnel lors d\u2019un projet d\u2019int\u00e9rieur entier, notre styliste d\u2019int\u00e9rieur vous proposera tout d&#8217;abord de s\u00e9lectionner ensemble tous les meubles qui s\u2019accordent dans votre nouvel int\u00e9rieur. Par la suite, avec le designer d&#8217;int\u00e9rieur vous pourrez choisir les meubles ad\u00e9quats dans les salles d&#8217;expositions. Comme cela nous obtenons rapidement un int\u00e9rieur parfaitement en harmonie.<\/p>\n<p>Il s&#8217;agit en plus d\u2019une situation de gagnant\/gagnant car lors de l\u2019ex\u00e9cution, nous ne facturons aucun honoraire pour les plans et design et de plus vous serez toujours servi moins chers que dans des boutiques de meubles ordinaire o\u00f9 m\u00eame des magasins de grande surface.<\/p>\n<p>Avec plus de 6000m\u00b2 de showroom, r\u00e9partis sur l&#8217;ensemble du pays vous serez facilement en mesure de faire votre choix. Dans le cadre du Concept total d\u2019int\u00e9rieur, nous restons toujours \u00e0 la recherche d\u2019alternatives qui correspondent parfaitement dans la cr\u00e9ation totale de votre int\u00e9rieur dans le cas o\u00f9 vous ne trouveriez pas directement le mobilier appropri\u00e9.<\/p>\n<p>Le mobilier de style rural cottage ou champ\u00eatre sont toujours de ch\u00eane massif et g\u00e9n\u00e9ralement blanchi \u00e0 l\u2019ammoniaque.<\/p>\n<p>[seo-gallery type=&#8221;3-columns&#8221; taxonomy=&#8221;128&#8243; num=&#8221;4,11&#8243;]<\/p>\n<p>Venez vous en convaincre et d\u00e9couvrez plus d&#8217;armoires de Marcottestyle. Admirez quelques-unes de\u00a0nos r\u00e9alisations\u00a0ou\u00a0contactez-nous\u00a0sans engagement.<\/p>\n","protected":false},"excerpt":{"rendered":"<p>Collections propres: Comme grossiste, importateur ou fabricant nous pouvons vous pr\u00e9senter un large choix de meubles, qui vous permet d&#8217;\u00e9conomiser des marges importantes ! Afin&#8230;<\/p>\n","protected":false},"author":2,"featured_media":0,"parent":0,"menu_order":18,"comment_status":"closed","ping_status":"closed","template":"elementor_header_footer","meta":{"ngg_post_thumbnail":0,"footnotes":""},"class_list":["post-5703","page","type-page","status-publish","hentry"],"_links":{"self":[{"href":"https:\/\/marcottestyle.com\/fr\/wp-json\/wp\/v2\/pages\/5703","targetHints":{"allow":["GET"]}}],"collection":[{"href":"https:\/\/marcottestyle.com\/fr\/wp-json\/wp\/v2\/pages"}],"about":[{"href":"https:\/\/marcottestyle.com\/fr\/wp-json\/wp\/v2\/types\/page"}],"author":[{"embeddable":true,"href":"https:\/\/marcottestyle.com\/fr\/wp-json\/wp\/v2\/users\/2"}],"replies":[{"embeddable":true,"href":"https:\/\/marcottestyle.com\/fr\/wp-json\/wp\/v2\/comments?post=5703"}],"version-history":[{"count":2,"href":"https:\/\/marcottestyle.com\/fr\/wp-json\/wp\/v2\/pages\/5703\/revisions"}],"predecessor-version":[{"id":6359,"href":"https:\/\/marcottestyle.com\/fr\/wp-json\/wp\/v2\/pages\/5703\/revisions\/6359"}],"wp:attachment":[{"href":"https:\/\/marcottestyle.com\/fr\/wp-json\/wp\/v2\/media?parent=5703"}],"curies":[{"name":"wp","href":"https:\/\/api.w.org\/{rel}","templated":true}]}}