{"id":5705,"date":"2018-02-13T11:37:18","date_gmt":"2018-02-13T10:37:18","guid":{"rendered":"http:\/\/marcottestyle.com\/?page_id=5705"},"modified":"2024-09-28T13:20:26","modified_gmt":"2024-09-28T11:20:26","slug":"lambris","status":"publish","type":"page","link":"https:\/\/marcottestyle.com\/fr\/lambris\/","title":{"rendered":"Panneaux"},"content":{"rendered":"<p>Vous souhaitez faire poser des lambris par Marcotte Style ?<br \/>\nNous veillons \u00e0 ce qu&#8217;elles soient toujours enti\u00e8rement personnalis\u00e9es et coup\u00e9es \u00e0 onglet en fonction de la longueur de chaque mur.<br \/>\nNous pouvons utiliser diff\u00e9rents types de mat\u00e9riaux.<br \/>\nMDF ou ch\u00eane massif par exemple.     <\/p>\n<h3>MDF : parfaitement adapt\u00e9<\/h3>\n<p>  Le MDF convient parfaitement \u00e0 la fabrication de panneaux.<br \/>\nLe MDF est en fait un panneau de bois press\u00e9 de haute qualit\u00e9 avec une densit\u00e9 tr\u00e8s \u00e9lev\u00e9e, de bonnes propri\u00e9t\u00e9s de gonflement et de r\u00e9sistance \u00e0 la flexion, ainsi qu&#8217;une possible r\u00e9sistance \u00e0 l&#8217;humidit\u00e9.<br \/>\nNos am\u00e9nagements int\u00e9rieurs sont naturellement r\u00e9alis\u00e9s avec des panneaux MDF de la meilleure qualit\u00e9.<br \/>\nCes panneaux sont plus faciles \u00e0 travailler que les panneaux de fibres plaqu\u00e9s ou le contreplaqu\u00e9.<br \/>\nDe plus, les panneaux MDF peuvent \u00eatre frais\u00e9s et se laissent travailler comme du bois massif.<br \/>\nDes rainures profondes sont possibles gr\u00e2ce aux machines perfectionn\u00e9es de CVC.<br \/>\nTous les panneaux sont toujours livr\u00e9s avec une couche d&#8217;appr\u00eat.<br \/>\nIci aussi, tout est dessin\u00e9 avec pr\u00e9cision \u00e0 l&#8217;aide de notre programme CAD.<br \/>\nRien n&#8217;est laiss\u00e9 au hasard.          <\/p>\n<blockquote><p>Vous avez besoin d&#8217;un lambris \u00e0 onglet ?<br \/>\nNous veillons \u00e0 ce qu&#8217;il soit toujours enti\u00e8rement personnalis\u00e9. <\/p><\/blockquote>\n<p>[seo-gallery type=&#8221;3-columns&#8221; taxonomy=&#8221;127&#8243; num=&#8221;4,11&#8243;]  Veillez \u00e0 ce que le lambris soit peint correctement !<br \/>\nSi vous souhaitez l&#8217;installer en bois, m\u00e9fiez-vous des d\u00e9corateurs d&#8217;int\u00e9rieur inexp\u00e9riment\u00e9s qui veulent vous faire \u00e9conomiser de l&#8217;argent et ne vous fournissent qu&#8217;une face appr\u00eat\u00e9e.<br \/>\nLes panneaux individuels qui ne sont pas fix\u00e9s sur les quatre c\u00f4t\u00e9s doivent recevoir le m\u00eame nombre d&#8217;appr\u00eats et de couches de peinture au recto et au verso pour \u00e9viter qu&#8217;ils ne se d\u00e9forment.<br \/>\nChez Marcotte Style, tous les types et styles de bois sont possibles.<br \/>\nIl n&#8217;est pas toujours n\u00e9cessaire d&#8217;\u00eatre classique, et un style moderne est \u00e9galement tout \u00e0 fait envisageable.<br \/>\nModerne mais \u00e9l\u00e9gant.<br \/>\nOutre le lambris standard d&#8217;une pi\u00e8ce donn\u00e9e, nous pouvons \u00e9galement poser des lambris sur les escaliers ou le plafond si vous le souhaitez.<br \/>\nBien qu&#8217;il soit d&#8217;usage de continuer \u00e0 les poser dans toutes les pi\u00e8ces de votre maison, vous pouvez \u00e9galement choisir de ne les poser que dans une seule pi\u00e8ce.<br \/>\nPar exemple, vous pouvez choisir de n&#8217;habiller que la chambre \u00e0 coucher ou de ne prendre que les toilettes.         <a href=\"http:\/\/marcottestyle.com\/contact\/\">Contactez-nous<\/a> sans engagement ou <a href=\"http:\/\/marcottestyle.com\/portfolio\/\">consultez nos r\u00e9alisations.<\/a><\/p>\n","protected":false},"excerpt":{"rendered":"<p>Vous souhaitez faire poser des lambris par Marcotte Style ? Nous veillons \u00e0 ce qu&#8217;elles soient toujours enti\u00e8rement personnalis\u00e9es et coup\u00e9es \u00e0 onglet en fonction&#8230;<\/p>\n","protected":false},"author":2,"featured_media":0,"parent":0,"menu_order":17,"comment_status":"closed","ping_status":"closed","template":"elementor_header_footer","meta":{"ngg_post_thumbnail":0,"footnotes":""},"class_list":["post-5705","page","type-page","status-publish","hentry"],"_links":{"self":[{"href":"https:\/\/marcottestyle.com\/fr\/wp-json\/wp\/v2\/pages\/5705","targetHints":{"allow":["GET"]}}],"collection":[{"href":"https:\/\/marcottestyle.com\/fr\/wp-json\/wp\/v2\/pages"}],"about":[{"href":"https:\/\/marcottestyle.com\/fr\/wp-json\/wp\/v2\/types\/page"}],"author":[{"embeddable":true,"href":"https:\/\/marcottestyle.com\/fr\/wp-json\/wp\/v2\/users\/2"}],"replies":[{"embeddable":true,"href":"https:\/\/marcottestyle.com\/fr\/wp-json\/wp\/v2\/comments?post=5705"}],"version-history":[{"count":3,"href":"https:\/\/marcottestyle.com\/fr\/wp-json\/wp\/v2\/pages\/5705\/revisions"}],"predecessor-version":[{"id":39343,"href":"https:\/\/marcottestyle.com\/fr\/wp-json\/wp\/v2\/pages\/5705\/revisions\/39343"}],"wp:attachment":[{"href":"https:\/\/marcottestyle.com\/fr\/wp-json\/wp\/v2\/media?parent=5705"}],"curies":[{"name":"wp","href":"https:\/\/api.w.org\/{rel}","templated":true}]}}