{"id":5708,"date":"2018-02-13T11:35:22","date_gmt":"2018-02-13T10:35:22","guid":{"rendered":"http:\/\/marcottestyle.com\/?page_id=5708"},"modified":"2020-02-07T13:35:51","modified_gmt":"2020-02-07T12:35:51","slug":"cuisines-sur-mesure","status":"publish","type":"page","link":"https:\/\/marcottestyle.com\/fr\/cuisines-sur-mesure\/","title":{"rendered":"Cuisines sur mesure"},"content":{"rendered":"<p>Pour garantir la continuit\u00e9 en passant dans tous les espaces, nous avons pour beaucoup de nos clients fabriqu\u00e9 des cuisines sur mesure. Le travail sur mesure est en effet LA solution pour obtenir un am\u00e9nagement int\u00e9rieur du m\u00eame style. Dans une cuisine ouverte sur mesure, tout architecte sera bien d\u2019accord que cela est d\u2019une importance fondamentale. Nous vous assistons bien volontiers dans ce domaine!<\/p>\n<p>[seo-gallery type=&#8221;3-columns&#8221; taxonomy=&#8221;147&#8243; num=&#8221;4,11&#8243;]<\/p>\n<h3>Cuisines sur mesure: des cr\u00e9ations uniques.<\/h3>\n<p>Chez nous, toutes les cuisines sont toujours fabriqu\u00e9es \u00e0 l\u2019aide des machines-outils CNC les plus avanc\u00e9es, et peintes en ateliers \u00e0 l\u2019aide de laque en poudre ou de laque deux composants pour meubles, dans une couleur design assortie, mate, satin\u00e9e ou brillante.<\/p>\n<p>[seo-gallery type=&#8221;3-columns&#8221; taxonomy=&#8221;148&#8243; num=&#8221;4,11&#8243;]<\/p>\n<p>Un projet d\u2019int\u00e9rieur avec une cuisine sur mesure apporte dans tous les cas une valeur ajout\u00e9e, car nos cuisines sur mesure sont, pi\u00e8ce par pi\u00e8ce, des cr\u00e9ations uniques. Dans des cuisines sur mesure, nous ne placerons jamais d\u2019armoires standard \u00e0 la finition al\u00e9atoire pour donner l\u2019impression d\u2019une cuisine sur mesure. Nos cuisines sur mesure sont enti\u00e8rement fabriqu\u00e9es selon les souhaits et les besoins, mais aussi le budget, du commanditaire.<\/p>\n<p>Venez vous en convaincre et d\u00e9couvrez plus d\u2019am\u00e9nagements de bureaux de Marcotte Style. Admirez quelques-unes de\u00a0nos r\u00e9alisations\u00a0ou\u00a0contactez-nous\u00a0sans engagement.<\/p>\n<h3>Les petites cuisines font \u00e9galement la diff\u00e9rence:<\/h3>\n<p>Une grande partie de la journ\u00e9e se passe dans la cuisine si elle est attrayante. Comme c&#8217;est merveilleux de ne pas pouvoir profiter quotidiennement de votre cuisine. Marcottestyle pourra \u00e9galement m\u00e9tamorphoser votre petite cuisine en une cuisine gracieuse soudainement fra\u00eeche et confortable qui aura l&#8217;air beaucoup plus spacieuse. En attendant, le c\u00f4t\u00e9 pratique est \u00e9galement \u00e0 l&#8217;\u00e9tude, rendant la cuisine plus agr\u00e9able. Jetez un coup d&#8217;\u0153il \u00e0 la fa\u00e7on dont un petit espace normal peut devenir tr\u00e8s attrayant:<\/p>\n\n\t\t<style type=\"text\/css\">\n\t\t\t#gallery-1 {\n\t\t\t\tmargin: auto;\n\t\t\t}\n\t\t\t#gallery-1 .gallery-item {\n\t\t\t\tfloat: left;\n\t\t\t\tmargin-top: 10px;\n\t\t\t\ttext-align: center;\n\t\t\t\twidth: 33%;\n\t\t\t}\n\t\t\t#gallery-1 img {\n\t\t\t\tborder: 2px solid #cfcfcf;\n\t\t\t}\n\t\t\t#gallery-1 .gallery-caption {\n\t\t\t\tmargin-left: 0;\n\t\t\t}\n\t\t\t\/* see gallery_shortcode() in wp-includes\/media.php *\/\n\t\t<\/style>\n\t\t<div id='gallery-1' class='gallery galleryid-5708 gallery-columns-3 gallery-size-thumbnail'><dl class='gallery-item'>\n\t\t\t<dt class='gallery-icon landscape'>\n\t\t\t\t<a href='https:\/\/marcottestyle.com\/fr\/espaces\/cuisine-design\/marcottestyle-landelijke-keuken-1-2-2\/'><img decoding=\"async\" width=\"150\" height=\"150\" src=\"https:\/\/marcottestyle.com\/wp-content\/uploads\/xstore\/xstore-placeholder-1x1.png\" class=\"attachment-thumbnail size-thumbnail lazyload lazyload-simple et-lazyload-fadeIn\" alt=\"\" data-src=\"https:\/\/marcottestyle.com\/wp-content\/uploads\/2020\/02\/Marcottestyle-landelijke-keuken-1-150x150.jpg\" title=\"\"><\/a>\n\t\t\t<\/dt><\/dl><dl class='gallery-item'>\n\t\t\t<dt class='gallery-icon portrait'>\n\t\t\t\t<a href='https:\/\/marcottestyle.com\/fr\/espaces\/cuisine-design\/marcottestyle-landelijke-keuken-5-2-2\/'><img decoding=\"async\" width=\"150\" height=\"150\" src=\"https:\/\/marcottestyle.com\/wp-content\/uploads\/xstore\/xstore-placeholder-1x1.png\" class=\"attachment-thumbnail size-thumbnail lazyload lazyload-simple et-lazyload-fadeIn\" alt=\"Landelijke en moderne meubels in interieurproject Grimbergen\" data-src=\"https:\/\/marcottestyle.com\/wp-content\/uploads\/2020\/02\/Marcottestyle-landelijke-keuken-5-150x150.jpg\" title=\"\"><\/a>\n\t\t\t<\/dt><\/dl><dl class='gallery-item'>\n\t\t\t<dt class='gallery-icon landscape'>\n\t\t\t\t<a href='https:\/\/marcottestyle.com\/fr\/espaces\/cuisine-design\/marcottestyle-landelijke-keuken-4-2\/'><img decoding=\"async\" width=\"150\" height=\"150\" src=\"https:\/\/marcottestyle.com\/wp-content\/uploads\/xstore\/xstore-placeholder-1x1.png\" class=\"attachment-thumbnail size-thumbnail lazyload lazyload-simple et-lazyload-fadeIn\" alt=\"\" data-src=\"https:\/\/marcottestyle.com\/wp-content\/uploads\/2020\/02\/Marcottestyle-landelijke-keuken-4-150x150.jpg\" title=\"\"><\/a>\n\t\t\t<\/dt><\/dl><br style=\"clear: both\" \/><dl class='gallery-item'>\n\t\t\t<dt class='gallery-icon landscape'>\n\t\t\t\t<a href='https:\/\/marcottestyle.com\/fr\/espaces\/cuisine-design\/marcottestyle-landelijke-keuken-2-2\/'><img loading=\"lazy\" decoding=\"async\" width=\"150\" height=\"150\" src=\"https:\/\/marcottestyle.com\/wp-content\/uploads\/xstore\/xstore-placeholder-1x1.png\" class=\"attachment-thumbnail size-thumbnail lazyload lazyload-simple et-lazyload-fadeIn\" alt=\"\" data-src=\"https:\/\/marcottestyle.com\/wp-content\/uploads\/2020\/02\/Marcottestyle-landelijke-keuken-2-150x150.jpg\" title=\"\"><\/a>\n\t\t\t<\/dt><\/dl><dl class='gallery-item'>\n\t\t\t<dt class='gallery-icon landscape'>\n\t\t\t\t<a href='https:\/\/marcottestyle.com\/fr\/espaces\/cuisine-design\/marcottestyle-keuken-voor-en-na-1-2\/'><img loading=\"lazy\" decoding=\"async\" width=\"150\" height=\"150\" src=\"https:\/\/marcottestyle.com\/wp-content\/uploads\/xstore\/xstore-placeholder-1x1.png\" class=\"attachment-thumbnail size-thumbnail lazyload lazyload-simple et-lazyload-fadeIn\" alt=\"\" data-src=\"https:\/\/marcottestyle.com\/wp-content\/uploads\/2020\/02\/Marcottestyle-keuken-voor-en-na-1-150x150.jpg\" title=\"\"><\/a>\n\t\t\t<\/dt><\/dl>\n\t\t\t<br style='clear: both' \/>\n\t\t<\/div>\n\n","protected":false},"excerpt":{"rendered":"<p>Pour garantir la continuit\u00e9 en passant dans tous les espaces, nous avons pour beaucoup de nos clients fabriqu\u00e9 des cuisines sur mesure. Le travail sur&#8230;<\/p>\n","protected":false},"author":2,"featured_media":0,"parent":0,"menu_order":16,"comment_status":"closed","ping_status":"closed","template":"elementor_header_footer","meta":{"ngg_post_thumbnail":0,"footnotes":""},"class_list":["post-5708","page","type-page","status-publish","hentry"],"_links":{"self":[{"href":"https:\/\/marcottestyle.com\/fr\/wp-json\/wp\/v2\/pages\/5708","targetHints":{"allow":["GET"]}}],"collection":[{"href":"https:\/\/marcottestyle.com\/fr\/wp-json\/wp\/v2\/pages"}],"about":[{"href":"https:\/\/marcottestyle.com\/fr\/wp-json\/wp\/v2\/types\/page"}],"author":[{"embeddable":true,"href":"https:\/\/marcottestyle.com\/fr\/wp-json\/wp\/v2\/users\/2"}],"replies":[{"embeddable":true,"href":"https:\/\/marcottestyle.com\/fr\/wp-json\/wp\/v2\/comments?post=5708"}],"version-history":[{"count":5,"href":"https:\/\/marcottestyle.com\/fr\/wp-json\/wp\/v2\/pages\/5708\/revisions"}],"predecessor-version":[{"id":13929,"href":"https:\/\/marcottestyle.com\/fr\/wp-json\/wp\/v2\/pages\/5708\/revisions\/13929"}],"wp:attachment":[{"href":"https:\/\/marcottestyle.com\/fr\/wp-json\/wp\/v2\/media?parent=5708"}],"curies":[{"name":"wp","href":"https:\/\/api.w.org\/{rel}","templated":true}]}}