{"id":5711,"date":"2018-02-13T11:33:04","date_gmt":"2018-02-13T10:33:04","guid":{"rendered":"http:\/\/marcottestyle.com\/?page_id=5711"},"modified":"2024-09-28T13:20:30","modified_gmt":"2024-09-28T11:20:30","slug":"salle-de-bains-sur-mesure","status":"publish","type":"page","link":"https:\/\/marcottestyle.com\/fr\/salle-de-bains-sur-mesure\/","title":{"rendered":"Salles de bains sur mesure"},"content":{"rendered":"<h3>C&#8217;est ainsi que les salles de bains sont fabriqu\u00e9es sur mesure<\/h3>\n<p>  Parce que nous voulons que votre salle de bains sur mesure r\u00e9ponde parfaitement \u00e0 vos attentes, nous commencerons par dresser une liste d\u00e9taill\u00e9e de vos souhaits et de vos exigences.<br \/>\nPensez par exemple \u00e0 ce que vous aimez dans votre salle de bains actuelle ou \u00e0 ce qui vous manque encore.<br \/>\nQuelles sont les parties que vous souhaitez absolument retrouver et quelles sont celles qui sont simplement optionnelles ?<br \/>\nNotre architecte d&#8217;int\u00e9rieur se fera un plaisir de vous montrer quelques salles de bains sur mesure pour vous inspirer.<br \/>\nEn fonction de vos souhaits, nous vous proposerons des meubles de salle de bains standard ou sur mesure.<br \/>\nUne belle salle de bains \u00e9pur\u00e9e sur mesure s&#8217;adapte \u00e9galement \u00e0 tous les styles.<br \/>\n\u00c9quip\u00e9e d&#8217;une bonne ventilation, une salle de bains peut \u00e9galement \u00eatre int\u00e9gr\u00e9e \u00e0 la chambre \u00e0 coucher et \u00e9ventuellement l\u00e9g\u00e8rement s\u00e9par\u00e9e par une paroi en verre.<br \/>\nLe tout toujours avec des lignes \u00e9pur\u00e9es ou arrondies et des mat\u00e9riaux luxueux.<br \/>\nDans les nouveaux int\u00e9rieurs, les douches sont de plus en plus spacieuses, avec un sol de douche au niveau du sol, sans support.          [seo-gallery type=&#8221;3-columns&#8221; taxonomy=&#8221;126&#8243; num=&#8221;4,11&#8243;]<\/p>\n<blockquote><p>Dans le cadre d&#8217;une conception globale, nos salles de bains sur mesure sont luxueusement r\u00e9alis\u00e9es en bois, en c\u00e9ramique ou en carrelage.<br \/>\nC&#8217;est ainsi que nous r\u00e9alisons une cr\u00e9ation unique ! <\/p><\/blockquote>\n<p> <a href=\"http:\/\/marcottestyle.com\/contact\/\">Contactez-nous<\/a> sans engagement ou <a href=\"http:\/\/marcottestyle.com\/portfolio\/\">consultez nos r\u00e9f\u00e9rences<\/a>.<\/p>\n","protected":false},"excerpt":{"rendered":"<p>C&#8217;est ainsi que les salles de bains sont fabriqu\u00e9es sur mesure Parce que nous voulons que votre salle de bains sur mesure r\u00e9ponde parfaitement \u00e0&#8230;<\/p>\n","protected":false},"author":2,"featured_media":0,"parent":0,"menu_order":15,"comment_status":"closed","ping_status":"closed","template":"elementor_header_footer","meta":{"ngg_post_thumbnail":0,"footnotes":""},"class_list":["post-5711","page","type-page","status-publish","hentry"],"_links":{"self":[{"href":"https:\/\/marcottestyle.com\/fr\/wp-json\/wp\/v2\/pages\/5711","targetHints":{"allow":["GET"]}}],"collection":[{"href":"https:\/\/marcottestyle.com\/fr\/wp-json\/wp\/v2\/pages"}],"about":[{"href":"https:\/\/marcottestyle.com\/fr\/wp-json\/wp\/v2\/types\/page"}],"author":[{"embeddable":true,"href":"https:\/\/marcottestyle.com\/fr\/wp-json\/wp\/v2\/users\/2"}],"replies":[{"embeddable":true,"href":"https:\/\/marcottestyle.com\/fr\/wp-json\/wp\/v2\/comments?post=5711"}],"version-history":[{"count":5,"href":"https:\/\/marcottestyle.com\/fr\/wp-json\/wp\/v2\/pages\/5711\/revisions"}],"predecessor-version":[{"id":39349,"href":"https:\/\/marcottestyle.com\/fr\/wp-json\/wp\/v2\/pages\/5711\/revisions\/39349"}],"wp:attachment":[{"href":"https:\/\/marcottestyle.com\/fr\/wp-json\/wp\/v2\/media?parent=5711"}],"curies":[{"name":"wp","href":"https:\/\/api.w.org\/{rel}","templated":true}]}}