{"id":5716,"date":"2018-02-13T11:30:57","date_gmt":"2018-02-13T10:30:57","guid":{"rendered":"http:\/\/marcottestyle.com\/?page_id=5716"},"modified":"2024-09-28T13:20:42","modified_gmt":"2024-09-28T11:20:42","slug":"tapis-jab","status":"publish","type":"page","link":"https:\/\/marcottestyle.com\/fr\/collections\/tapis-jab\/","title":{"rendered":"Tapis Jab"},"content":{"rendered":"\t\t<div data-elementor-type=\"wp-page\" data-elementor-id=\"5716\" class=\"elementor elementor-5716 elementor-5458\" data-elementor-settings=\"{&quot;ha_cmc_init_switcher&quot;:&quot;no&quot;}\" data-elementor-post-type=\"page\">\n\t\t\t\t<div class=\"elementor-element elementor-element-fa9fa48 e-flex e-con-boxed e-con e-parent\" data-id=\"fa9fa48\" data-element_type=\"container\" data-e-type=\"container\" data-settings=\"{&quot;_ha_eqh_enable&quot;:false}\">\n\t\t\t\t\t<div class=\"e-con-inner\">\n\t\t\t\t\t<\/div>\n\t\t\t\t<\/div>\n\t\t<div class=\"elementor-element elementor-element-d1d5111 e-flex e-con-boxed e-con e-parent\" data-id=\"d1d5111\" data-element_type=\"container\" data-e-type=\"container\" data-settings=\"{&quot;_ha_eqh_enable&quot;:false}\">\n\t\t\t\t\t<div class=\"e-con-inner\">\n\t\t\t\t<div class=\"elementor-element elementor-element-2ef4819 elementor-widget elementor-widget-spacer\" data-id=\"2ef4819\" data-element_type=\"widget\" data-e-type=\"widget\" data-widget_type=\"spacer.default\">\n\t\t\t\t<div class=\"elementor-widget-container\">\n\t\t\t\t\t\t\t<div class=\"elementor-spacer\">\n\t\t\t<div class=\"elementor-spacer-inner\"><\/div>\n\t\t<\/div>\n\t\t\t\t\t\t<\/div>\n\t\t\t\t<\/div>\n\t\t\t\t\t<\/div>\n\t\t\t\t<\/div>\n\t\t<div class=\"elementor-element elementor-element-e82d122 e-flex e-con-boxed e-con e-parent\" data-id=\"e82d122\" data-element_type=\"container\" data-e-type=\"container\" data-settings=\"{&quot;_ha_eqh_enable&quot;:false}\">\n\t\t\t\t\t<div class=\"e-con-inner\">\n\t\t\t\t<div class=\"elementor-element elementor-element-4d05ae5 elementor-widget elementor-widget-text-editor\" data-id=\"4d05ae5\" data-element_type=\"widget\" data-e-type=\"widget\" data-widget_type=\"text-editor.default\">\n\t\t\t\t<div class=\"elementor-widget-container\">\n\t\t\t\t\t\t\t\t\t<p>Lors de l&#8217;am\u00e9nagement d&#8217;un espace de vie, les tapis assortis sont un \u00e9l\u00e9ment important de la d\u00e9coration g\u00e9n\u00e9rale. <span style=\"text-decoration: underline;\"><span style=\"color: #96825b;\"><a style=\"color: #96825b; text-decoration: underline;\" title=\"d\u00e9coration\" href=\"https:\/\/marcottestyle.com\/fr\/collections\/article-decoration\/\">d\u00e9coration<\/a><\/span><\/span>.<br \/>\nPour une belle harmonie, les couleurs de l&#8217;ensemble correspondront aux couleurs principales choisies au d\u00e9part.<br \/>\nOn retrouvera la m\u00eame gamme de couleurs dans les <span style=\"text-decoration: underline;\"><span style=\"color: #96825b;\"><a style=\"color: #96825b; text-decoration: underline;\" title=\"rideaux\" href=\"https:\/\/marcottestyle.com\/fr\/collections\/rideaux\/\">rideaux<\/a><\/span><\/span>les peintures murales, les si\u00e8ges&#8230;  <\/p>\n\t\t\t\t\t\t\t\t<\/div>\n\t\t\t\t<\/div>\n\t\t\t\t\t<\/div>\n\t\t\t\t<\/div>\n\t\t<div class=\"elementor-element elementor-element-40f7c66 e-flex e-con-boxed e-con e-parent\" data-id=\"40f7c66\" data-element_type=\"container\" data-e-type=\"container\" data-settings=\"{&quot;_ha_eqh_enable&quot;:false}\">\n\t\t\t\t\t<div class=\"e-con-inner\">\n\t\t\t\t<div class=\"elementor-element elementor-element-40a8167 elementor-align-left elementor-widget elementor-widget-etheme_advanced_headline\" data-id=\"40a8167\" data-element_type=\"widget\" data-e-type=\"widget\" data-widget_type=\"etheme_advanced_headline.default\">\n\t\t\t\t<div class=\"elementor-widget-container\">\n\t\t\t\t\t        \n        <div class=\"etheme-a-h-wrapper\">\n        \n            \n\t\t\t\n        <h2 class=\"etheme-advanced-headline etheme-advanced-headline-mask\">\n\n            Notre offre :\n        <\/h2>\n\t\t\n                    \n        <\/div>\n        \n\t\t\t\t\t\t<\/div>\n\t\t\t\t<\/div>\n\t\t\t\t\t<\/div>\n\t\t\t\t<\/div>\n\t\t<div class=\"elementor-element elementor-element-d1483c2 e-flex e-con-boxed e-con e-parent\" data-id=\"d1483c2\" data-element_type=\"container\" data-e-type=\"container\" data-settings=\"{&quot;_ha_eqh_enable&quot;:false}\">\n\t\t\t\t\t<div class=\"e-con-inner\">\n\t\t\t\t<div class=\"elementor-element elementor-element-7e4ec65 elementor-widget elementor-widget-text-editor\" data-id=\"7e4ec65\" data-element_type=\"widget\" data-e-type=\"widget\" data-widget_type=\"text-editor.default\">\n\t\t\t\t<div class=\"elementor-widget-container\">\n\t\t\t\t\t\t\t\t\t<p>Nous sommes le principal distributeur de <span style=\"text-decoration: underline;\"><span style=\"color: #96825b;\"><a style=\"color: #96825b; text-decoration: underline;\" href=\"https:\/\/shop.marcottestyle.com\/product-categorie\/tapijten\/jab-tapijten\/\">JAB<\/a><\/span><\/span> et disposons d&#8217;une vaste collection d&#8217;\u00e9chantillons de tapis avec toutes les variations de couleurs possibles, dont les prix vont de 366,40 \u20ac pour le &#8220;CETO&#8221; de 2mx2m avec une bordure en alcantara de 1cm \u00e0 1 175 \u20ac pour le &#8220;TIVO&#8221; avec une bordure en cuir de 5cm.<br \/>\nLes tapis \u00e9pais de 2mx2m en pure laine &#8220;LANA&#8221; co\u00fbtent alors jusqu&#8217;\u00e0 1 448 \u20ac.<br \/>\nNous sommes fiers de rendre ces prix transparents et publics.  <\/p>\n<p>Tous les tapis sont fabriqu\u00e9s sur mesure et garnis de 1 \u00e0 8 cm d&#8217;alcantara, de cuir, de cuir Nubuck ou de motifs.<br \/>\nIls peuvent \u00e9galement \u00eatre command\u00e9s en rouleaux de 4 ou 5 m\u00e8tres de large, ce qui est bien s\u00fbr tr\u00e8s \u00e9conomique.<br \/>\nIl peut \u00eatre \u00e0 rayures ou en forme de barrage formant un mariage avec des couleurs s\u00e9lectionn\u00e9es appropri\u00e9es, jusqu&#8217;\u00e0 ce que le tapis puisse \u00eatre fabriqu\u00e9 avec un dessin ou un motif personnel.  <\/p>\n\t\t\t\t\t\t\t\t<\/div>\n\t\t\t\t<\/div>\n\t\t\t\t\t<\/div>\n\t\t\t\t<\/div>\n\t\t<div class=\"elementor-element elementor-element-7deb15a e-flex e-con-boxed e-con e-parent\" data-id=\"7deb15a\" data-element_type=\"container\" data-e-type=\"container\" data-settings=\"{&quot;_ha_eqh_enable&quot;:false}\">\n\t\t\t\t\t<div class=\"e-con-inner\">\n\t\t\t\t<div class=\"elementor-element elementor-element-ff047fb elementor-widget elementor-widget-text-editor\" data-id=\"ff047fb\" data-element_type=\"widget\" data-e-type=\"widget\" data-widget_type=\"text-editor.default\">\n\t\t\t\t<div class=\"elementor-widget-container\">\n\t\t\t\t\t\t\t\t\t<p>Des tapis qui s&#8217;harmonisent parfaitement avec le style de votre maison transformeront votre int\u00e9rieur en un lieu homog\u00e8ne et agr\u00e9able.<br \/>\nD\u00e9couvrez \u00e9galement nos tapis personnalis\u00e9s ! <\/p>\n\t\t\t\t\t\t\t\t<\/div>\n\t\t\t\t<\/div>\n\t\t\t\t\t<\/div>\n\t\t\t\t<\/div>\n\t\t<div class=\"elementor-element elementor-element-33f1427 e-flex e-con-boxed e-con e-parent\" data-id=\"33f1427\" data-element_type=\"container\" data-e-type=\"container\" data-settings=\"{&quot;_ha_eqh_enable&quot;:false}\">\n\t\t\t\t\t<div class=\"e-con-inner\">\n\t\t\t\t<div class=\"elementor-element elementor-element-c6a3ec0 elementor-widget elementor-widget-shortcode\" data-id=\"c6a3ec0\" data-element_type=\"widget\" data-e-type=\"widget\" data-widget_type=\"shortcode.default\">\n\t\t\t\t<div class=\"elementor-widget-container\">\n\t\t\t\t\t\t\t<div class=\"elementor-shortcode\">ngg_shortcode_0_placeholder<\/div>\n\t\t\t\t\t\t<\/div>\n\t\t\t\t<\/div>\n\t\t\t\t<div class=\"elementor-element elementor-element-cffa667 elementor-widget elementor-widget-spacer\" data-id=\"cffa667\" data-element_type=\"widget\" data-e-type=\"widget\" data-widget_type=\"spacer.default\">\n\t\t\t\t<div class=\"elementor-widget-container\">\n\t\t\t\t\t\t\t<div class=\"elementor-spacer\">\n\t\t\t<div class=\"elementor-spacer-inner\"><\/div>\n\t\t<\/div>\n\t\t\t\t\t\t<\/div>\n\t\t\t\t<\/div>\n\t\t\t\t\t<\/div>\n\t\t\t\t<\/div>\n\t\t<div class=\"elementor-element elementor-element-fc0ac17 e-flex e-con-boxed e-con e-parent\" data-id=\"fc0ac17\" data-element_type=\"container\" data-e-type=\"container\" data-settings=\"{&quot;_ha_eqh_enable&quot;:false}\">\n\t\t\t\t\t<div class=\"e-con-inner\">\n\t\t\t\t<div class=\"elementor-element elementor-element-27b0a39 elementor-widget elementor-widget-text-editor\" data-id=\"27b0a39\" data-element_type=\"widget\" data-e-type=\"widget\" data-widget_type=\"text-editor.default\">\n\t\t\t\t<div class=\"elementor-widget-container\">\n\t\t\t\t\t\t\t\t\t<p>Votre <span style=\"text-decoration: underline;\"><span style=\"color: #96825b;\"><a style=\"color: #96825b; text-decoration: underline;\" title=\"architecte d'int\u00e9rieur\" href=\"https:\/\/marcottestyle.com\/fr\/decorateur-d-interieur\/\">architecte d&#8217;int\u00e9rieur<\/a><\/span><\/span> vous laissera d&#8217;abord choisir le tapis assorti aux rideaux et d\u00e9cidera ensuite de la couleur des murs.<br \/>\nVous obtiendrez ainsi le meilleur r\u00e9sultat si vous souhaitez cr\u00e9er un ensemble avec des couleurs particuli\u00e8res.<br \/>\nCes moquettes sont tiss\u00e9es avec des fibres synth\u00e9tiques droites et denses semblables \u00e0 de la laine.<br \/>\nComme les fibres sont creuses et noy\u00e9es dans un lit de r\u00e9sine, elles restent flexibles et toujours droites.<br \/>\nLa qualit\u00e9 est telle que si vous d\u00e9placez un meuble apr\u00e8s un certain temps, aucune trace ne sera visible.    <\/p>\n\t\t\t\t\t\t\t\t<\/div>\n\t\t\t\t<\/div>\n\t\t\t\t\t<\/div>\n\t\t\t\t<\/div>\n\t\t<div class=\"elementor-element elementor-element-054bd65 e-flex e-con-boxed e-con e-parent\" data-id=\"054bd65\" data-element_type=\"container\" data-e-type=\"container\" data-settings=\"{&quot;_ha_eqh_enable&quot;:false}\">\n\t\t\t\t\t<div class=\"e-con-inner\">\n\t\t\t\t<div class=\"elementor-element elementor-element-c814e38 elementor-widget elementor-widget-instant-advanced-gallery\" data-id=\"c814e38\" data-element_type=\"widget\" data-e-type=\"widget\" data-settings=\"{&quot;item_per_row&quot;:1,&quot;hover_effect&quot;:&quot;zoomCrossLine&quot;,&quot;gallery_layout&quot;:&quot;grid&quot;,&quot;display_type&quot;:&quot;fadeInToTop&quot;,&quot;display_speed&quot;:{&quot;unit&quot;:&quot;px&quot;,&quot;size&quot;:0.8,&quot;sizes&quot;:[]},&quot;load_more&quot;:&quot;none&quot;,&quot;item_per_row_tablet&quot;:2,&quot;item_per_row_mobile&quot;:1,&quot;height&quot;:{&quot;unit&quot;:&quot;px&quot;,&quot;size&quot;:300,&quot;sizes&quot;:[]},&quot;height_tablet&quot;:{&quot;unit&quot;:&quot;px&quot;,&quot;size&quot;:&quot;&quot;,&quot;sizes&quot;:[]},&quot;height_mobile&quot;:{&quot;unit&quot;:&quot;px&quot;,&quot;size&quot;:&quot;&quot;,&quot;sizes&quot;:[]},&quot;margin&quot;:{&quot;unit&quot;:&quot;px&quot;,&quot;size&quot;:15,&quot;sizes&quot;:[]},&quot;margin_tablet&quot;:{&quot;unit&quot;:&quot;px&quot;,&quot;size&quot;:15,&quot;sizes&quot;:[]},&quot;margin_mobile&quot;:{&quot;unit&quot;:&quot;px&quot;,&quot;size&quot;:15,&quot;sizes&quot;:[]}}\" data-widget_type=\"instant-advanced-gallery.default\">\n\t\t\t\t<div class=\"elementor-widget-container\">\n\t\t\t\t\t\r\n<div id=\"instant-gallery-c814e38\" class=\"instant-gallery-wrapper\">\r\n\r\n\t\r\n\t<div id=\"instant-gallery-grid-c814e38\" class=\"galleryResponsive instant-gallery-type-grid qmg instant-gallery\">\r\n\t\t\t\t\t<div class=\"qmg-item filtre-1\">\r\n\t\t\t\t<div class=\"qmg-caption\">\r\n\t\t\t\t\t<div class=\"qmg-caption-defaultWrap\">\r\n\t\t\t\t\t\t<img fetchpriority=\"high\" decoding=\"async\" width=\"1920\" height=\"1281\" src=\"https:\/\/marcottestyle.com\/wp-content\/uploads\/xstore\/xstore-placeholder.png\" class=\"attachment-full size-full wp-image-13563 lazyload lazyload-simple et-lazyload-fadeIn\" alt=\"\" sizes=\"(max-width: 1920px) 100vw, 1920px\" data-src=\"https:\/\/marcottestyle.com\/wp-content\/uploads\/2020\/01\/Marcottestyle-landelijk-1.jpg\" data-srcset=\"https:\/\/marcottestyle.com\/wp-content\/uploads\/2020\/01\/Marcottestyle-landelijk-1.jpg 1920w, https:\/\/marcottestyle.com\/wp-content\/uploads\/2020\/01\/Marcottestyle-landelijk-1-300x200.jpg 300w, https:\/\/marcottestyle.com\/wp-content\/uploads\/2020\/01\/Marcottestyle-landelijk-1-1024x683.jpg 1024w, https:\/\/marcottestyle.com\/wp-content\/uploads\/2020\/01\/Marcottestyle-landelijk-1-768x512.jpg 768w, https:\/\/marcottestyle.com\/wp-content\/uploads\/2020\/01\/Marcottestyle-landelijk-1-1536x1025.jpg 1536w, https:\/\/marcottestyle.com\/wp-content\/uploads\/2020\/01\/Marcottestyle-landelijk-1-1280x854.jpg 1280w\" title=\"\">\t\t\t\t\t<\/div>\r\n\t\t\t\t\t<div class=\"qmg-caption-activeWrap\">\r\n\t\t\t\t\t\t<div class=\"qmg-l-caption-alignCenter\">\r\n\t\t\t\t\t\t\t<div class=\"qmg-l-caption-body\">\r\n\t\t\t\t\t\t\t\t\t\t\t\t\t\t\t\t\t<div class=\"qmg-action-icons-wrapper\">\r\n\t\t\t\t\t\t\t\t\t\t\t\t\t\t\t\t\t\t\t\t\t<a href=\"#lightbox\" data-fancybox=\"gallery-c814e38\" data-type=\"image\" data-thumb=\"https:\/\/marcottestyle.com\/wp-content\/uploads\/2020\/01\/Marcottestyle-landelijk-1.jpg\" class=\"qmg-icon-lightbox\" data-caption=\"\" data-src=\"https:\/\/marcottestyle.com\/wp-content\/uploads\/2020\/01\/Marcottestyle-landelijk-1.jpg\" rel=\"nofollow\"><i aria-hidden=\"true\" class=\"et-icon et-zoom\"><\/i><\/a>\r\n\t\t\t\t\t\t\t\t\t\t\t\t\t\t\t\t\t\t\t\t\t\t\t\t\t\t\t\t\t<\/div>\r\n\t\t\t\t\t\t\t\t\t\t\t\t\t\t\t\t\t\t\t\t\t\t\t<\/div>\r\n\t\t\t\t\t\t<\/div>\r\n\t\t\t\t\t<\/div>\r\n\t\t\t\t<\/div>\r\n\t\t\t\t\t\t\t\t\t\t\t<\/div>\r\n\t\t\t<\/div>\r\n\r\n\t\r\n<\/div>\r\n\t\t\t\t<\/div>\n\t\t\t\t<\/div>\n\t\t\t\t\t<\/div>\n\t\t\t\t<\/div>\n\t\t\t\t<\/div>\n\t\t","protected":false},"excerpt":{"rendered":"<p>[rev_slider alias=&#8221;Tapijten-Op-Maat&#8221; slidertitle=&#8221;Tapijten Op Maat&#8221;][\/rev_slider] Lors de l&#8217;am\u00e9nagement d&#8217;un espace de vie, les tapis assortis sont un \u00e9l\u00e9ment important de la d\u00e9coration g\u00e9n\u00e9rale. d\u00e9coration. Pour&#8230;<\/p>\n","protected":false},"author":2,"featured_media":12344,"parent":5698,"menu_order":14,"comment_status":"closed","ping_status":"closed","template":"elementor_header_footer","meta":{"ngg_post_thumbnail":0,"footnotes":""},"class_list":["post-5716","page","type-page","status-publish","has-post-thumbnail","hentry"],"_links":{"self":[{"href":"https:\/\/marcottestyle.com\/fr\/wp-json\/wp\/v2\/pages\/5716","targetHints":{"allow":["GET"]}}],"collection":[{"href":"https:\/\/marcottestyle.com\/fr\/wp-json\/wp\/v2\/pages"}],"about":[{"href":"https:\/\/marcottestyle.com\/fr\/wp-json\/wp\/v2\/types\/page"}],"author":[{"embeddable":true,"href":"https:\/\/marcottestyle.com\/fr\/wp-json\/wp\/v2\/users\/2"}],"replies":[{"embeddable":true,"href":"https:\/\/marcottestyle.com\/fr\/wp-json\/wp\/v2\/comments?post=5716"}],"version-history":[{"count":8,"href":"https:\/\/marcottestyle.com\/fr\/wp-json\/wp\/v2\/pages\/5716\/revisions"}],"predecessor-version":[{"id":39357,"href":"https:\/\/marcottestyle.com\/fr\/wp-json\/wp\/v2\/pages\/5716\/revisions\/39357"}],"up":[{"embeddable":true,"href":"https:\/\/marcottestyle.com\/fr\/wp-json\/wp\/v2\/pages\/5698"}],"wp:featuredmedia":[{"embeddable":true,"href":"https:\/\/marcottestyle.com\/fr\/wp-json\/wp\/v2\/media\/12344"}],"wp:attachment":[{"href":"https:\/\/marcottestyle.com\/fr\/wp-json\/wp\/v2\/media?parent=5716"}],"curies":[{"name":"wp","href":"https:\/\/api.w.org\/{rel}","templated":true}]}}