{"id":5721,"date":"2018-02-13T11:28:00","date_gmt":"2018-02-13T10:28:00","guid":{"rendered":"http:\/\/marcottestyle.com\/?page_id=5721"},"modified":"2024-09-28T13:20:43","modified_gmt":"2024-09-28T11:20:43","slug":"couvre-lit","status":"publish","type":"page","link":"https:\/\/marcottestyle.com\/fr\/couvre-lit\/","title":{"rendered":"Couvre-lit"},"content":{"rendered":"<p>Un architecte d&#8217;int\u00e9rieur qui tient \u00e0 ce que son travail soit fini dans les moindres d\u00e9tails proposera toujours des couvre-lits personnalis\u00e9s comme cerise sur le g\u00e2teau.<br \/>\nNos int\u00e9rieurs sont toujours dot\u00e9s d&#8217;un magnifique couvre-lit matelass\u00e9 assorti, dans le m\u00eame tissu que les rideaux.<br \/>\nVoil\u00e0 qui compl\u00e8te vraiment un int\u00e9rieur.<br \/>\nCette harmonie d\u00e9montre une fois de plus la passion avec laquelle nous travaillons.<br \/>\nLa collection JAB est \u00e9galement utilis\u00e9e ici.<br \/>\nDe nombreux motifs attrayants sont possibles pour le matelassage du tissu.<br \/>\nEnfin, le sur-mesure est \u00e9galement utile pour ceux qui n&#8217;ont pas trop d&#8217;ordre \u00e0 respecter.<br \/>\nVous vous levez, vous a\u00e9rez le lit et il suffit de mettre le couvre-lit pour que tout soit en ordre.<br \/>\nC&#8217;est comme si vous fermiez la porte de votre dressing.<br \/>\nUn peu comme si vous fermiez la porte de votre dressing et que vous mettiez de l&#8217;ordre dans vos affaires. [seo-gallery type=&#8221;3-columns&#8221; taxonomy=&#8221;124&#8243; num=&#8221;4,11&#8243;]<\/p>\n<blockquote><p>Un couvre-lit compl\u00e8te simplement l&#8217;ameublement et laisse tout en ordre.<\/p><\/blockquote>\n<p> N&#8217;h\u00e9sitez pas \u00e0 nous <a href=\"http:\/\/marcottestyle.com\/contact\/\">contacter<\/a> ou \u00e0 <a href=\"http:\/\/marcottestyle.com\/portfolio\/\">jeter un coup d&#8217;\u0153il \u00e0 nos r\u00e9alisations<\/a>.         <\/p>\n","protected":false},"excerpt":{"rendered":"<p>Un architecte d&#8217;int\u00e9rieur qui tient \u00e0 ce que son travail soit fini dans les moindres d\u00e9tails proposera toujours des couvre-lits personnalis\u00e9s comme cerise sur le&#8230;<\/p>\n","protected":false},"author":2,"featured_media":0,"parent":0,"menu_order":13,"comment_status":"closed","ping_status":"closed","template":"elementor_header_footer","meta":{"ngg_post_thumbnail":0,"footnotes":""},"class_list":["post-5721","page","type-page","status-publish","hentry"],"_links":{"self":[{"href":"https:\/\/marcottestyle.com\/fr\/wp-json\/wp\/v2\/pages\/5721","targetHints":{"allow":["GET"]}}],"collection":[{"href":"https:\/\/marcottestyle.com\/fr\/wp-json\/wp\/v2\/pages"}],"about":[{"href":"https:\/\/marcottestyle.com\/fr\/wp-json\/wp\/v2\/types\/page"}],"author":[{"embeddable":true,"href":"https:\/\/marcottestyle.com\/fr\/wp-json\/wp\/v2\/users\/2"}],"replies":[{"embeddable":true,"href":"https:\/\/marcottestyle.com\/fr\/wp-json\/wp\/v2\/comments?post=5721"}],"version-history":[{"count":4,"href":"https:\/\/marcottestyle.com\/fr\/wp-json\/wp\/v2\/pages\/5721\/revisions"}],"predecessor-version":[{"id":39365,"href":"https:\/\/marcottestyle.com\/fr\/wp-json\/wp\/v2\/pages\/5721\/revisions\/39365"}],"wp:attachment":[{"href":"https:\/\/marcottestyle.com\/fr\/wp-json\/wp\/v2\/media?parent=5721"}],"curies":[{"name":"wp","href":"https:\/\/api.w.org\/{rel}","templated":true}]}}