{"id":5727,"date":"2018-02-13T11:23:39","date_gmt":"2018-02-13T10:23:39","guid":{"rendered":"http:\/\/marcottestyle.com\/?page_id=5727"},"modified":"2018-02-21T15:50:45","modified_gmt":"2018-02-21T14:50:45","slug":"service-de-table","status":"publish","type":"page","link":"https:\/\/marcottestyle.com\/fr\/service-de-table\/","title":{"rendered":"Service de table"},"content":{"rendered":"<p>Nous disposons de magnifiques collections de nappes, serviettes, verres, somptueuse porcelaine de table passant en lave-vaisselle. En cas d\u2019am\u00e9nagement total complet, nous pouvons donc vous faire profiter de conditions vraiment exceptionnelles.<\/p>\n<p>Un am\u00e9nagement total avec un service de table ad\u00e9quat n\u2019est bien entendu pas toujours n\u00e9cessaire car la plupart d\u2019entre nous ont d\u00e9j\u00e0 leur beau service. Mais un nouveau service suppl\u00e9mentaire et appropri\u00e9 \u00e0 l\u2019int\u00e9rieur si on peut se le permettre et pour quelqu&#8217;un qui attache de l\u2019importance \u00e0 la convivialit\u00e9, est certainement appr\u00e9ciable.<\/p>\n<p>M\u00eame si vous n&#8217;avez pas encore l\u2019id\u00e9e pour commencer un nouvel int\u00e9rieur globale, vous pourrez en guise de bienvenu, profiter de nos rabais de prestige\u00a0jusqu\u2019\u00e0 20% sur le prix\u00a0en boutique, lorsque vous achetez une collections pour 12 personnes. Les d\u00e9lais de livraison varient de 3jours \u00e0 4 semaines.<\/p>\n<p>[seo-gallery type=&#8221;3-columns&#8221; taxonomy=&#8221;122&#8243; num=&#8221;4,11&#8243;]<\/p>\n<p>\u00c9tant distributeur principal de GIEN, nous pr\u00e9sentons souvent en guise de remerciant pour la coop\u00e9ration agr\u00e9able une encore plus grande remise sur notre collection de couverts. Un design d&#8217;int\u00e9rieur avec des couverts et porcelaine de table appropri\u00e9e donne un sentiment noble \u00e0 l&#8217;ensemble.<\/p>\n<p>Toute le service de table est naturellement r\u00e9sistante au lave-vaisselle.<\/p>\n<p>La porcelaine de Gien vous donne des motifs extraordinaires avec de belles sc\u00e8nes de natures sur la base de couleurs pastel douces.<\/p>\n<p>Venez vous en convaincre et d\u00e9couvrez plus de Marcottestyle. Admirez en quelques-unes de\u00a0nos r\u00e9alisations\u00a0ou\u00a0contactez-nous\u00a0sans engagement.<\/p>\n","protected":false},"excerpt":{"rendered":"<p>Nous disposons de magnifiques collections de nappes, serviettes, verres, somptueuse porcelaine de table passant en lave-vaisselle. En cas d\u2019am\u00e9nagement total complet, nous pouvons donc vous&#8230;<\/p>\n","protected":false},"author":2,"featured_media":0,"parent":0,"menu_order":11,"comment_status":"closed","ping_status":"closed","template":"elementor_header_footer","meta":{"ngg_post_thumbnail":0,"footnotes":""},"class_list":["post-5727","page","type-page","status-publish","hentry"],"_links":{"self":[{"href":"https:\/\/marcottestyle.com\/fr\/wp-json\/wp\/v2\/pages\/5727","targetHints":{"allow":["GET"]}}],"collection":[{"href":"https:\/\/marcottestyle.com\/fr\/wp-json\/wp\/v2\/pages"}],"about":[{"href":"https:\/\/marcottestyle.com\/fr\/wp-json\/wp\/v2\/types\/page"}],"author":[{"embeddable":true,"href":"https:\/\/marcottestyle.com\/fr\/wp-json\/wp\/v2\/users\/2"}],"replies":[{"embeddable":true,"href":"https:\/\/marcottestyle.com\/fr\/wp-json\/wp\/v2\/comments?post=5727"}],"version-history":[{"count":2,"href":"https:\/\/marcottestyle.com\/fr\/wp-json\/wp\/v2\/pages\/5727\/revisions"}],"predecessor-version":[{"id":6356,"href":"https:\/\/marcottestyle.com\/fr\/wp-json\/wp\/v2\/pages\/5727\/revisions\/6356"}],"wp:attachment":[{"href":"https:\/\/marcottestyle.com\/fr\/wp-json\/wp\/v2\/media?parent=5727"}],"curies":[{"name":"wp","href":"https:\/\/api.w.org\/{rel}","templated":true}]}}