{"id":5737,"date":"2018-02-13T11:05:28","date_gmt":"2018-02-13T10:05:28","guid":{"rendered":"http:\/\/marcottestyle.com\/?page_id=5737"},"modified":"2018-02-21T15:48:07","modified_gmt":"2018-02-21T14:48:07","slug":"sanitaire","status":"publish","type":"page","link":"https:\/\/marcottestyle.com\/fr\/sanitaire\/","title":{"rendered":"Sanitaire"},"content":{"rendered":"<p>Guelques exemples donnant une id\u00e9e d\u2019atmosph\u00e8re. Notre d\u00e9corateur d\u2019int\u00e9rieur vous guidera dans les salles d&#8217;exposition s\u00e9lectionn\u00e9, o\u00f9 l\u2019on est distributeur agr\u00e9e. Par cette voie, vous obtenez non seulement les meilleures conditions, mais aussi un tr\u00e8s large \u00e9ventail de sanitaire de qualit\u00e9, avec les plus grandes marques avec en plus un avis accompagnement professionnel gratuit.<\/p>\n<p>Marcotte Style distribue via Fonne Smeulders avec 2000m\u00b2 de showroom :\u00a0Catalano, Cristina, TDA, HSK, maar ook Villeroy &amp; Boch, Alape, Grohe, Duravit, Hansgrohe, Sphinx, Franke, Allibert, Dornbracht, Keramag, Damixa, Solitaire, Vola, Axor, Roca, ideal Standard, Riho, Giacomini, Assenti, Kermi, Mixamix, Borma, Damixa, KVR,<\/p>\n<p>Et pour les meubles : Assenti, Detremmerie, Sleurs, Dibo, Duravit, Sphinx\u2026<\/p>\n<p>De cette fa\u00e7on nous vous accompagnerons volontiers \u00e0 trouver le carrelage ad\u00e9quat qui fera l\u2019unit\u00e9 dans le design d&#8217;int\u00e9rieur. Ici, nous offrons une tr\u00e8s large gamme de carrelage. Si cela n\u2019est toujours pas assez, nous vous guiderons dans d\u2019autres salles d&#8217;exposition comme la soci\u00e9t\u00e9 Grigorieff ou Van Marcke. Presque toutes les salles de bains expos\u00e9es sont fournies de carrelage ad\u00e9quat pour vous donner une id\u00e9e d&#8217;harmonie et d&#8217;\u00e9quilibre entre les carrelages et le sanitaire. De cette fa\u00e7on, on a un point de vue clair sur les couleurs et les combinaisons.<\/p>\n<p>[seo-gallery type=&#8221;3-columns&#8221; taxonomy=&#8221;117&#8243; num=&#8221;4,11&#8243;]<\/p>\n<p>Bains, douches en c\u00e9ramiques ou lavabos sont disponibles dans des variations infinies de taille, de forme et de conception. Bien entendu, ils doivent \u00e9galement satisfaire les exigences d&#8217;installation professionnelles. Pour cela notre sp\u00e9cialiste d\u2019int\u00e9rieur vous aidera \u00e0 faire le meilleur choix dans votre nouvelle salle de bain qui sera adapt\u00e9e au mieux \u00e0 la conception de cette pi\u00e8ce que le designer auro con\u00e7u avec vous. Du plus petit \u00e9vier \u00e0 la plus grande baignoire double, vous pourrez ainsi donner votre touche personnelle. Cela modifie une salle de bain d\u2019un espace purement fonctionnel \u00e0 un refuge agr\u00e9able pour la relaxation. Une salle de bains doit r\u00e9pondre aussi bien aux exigences esth\u00e9tiques que fonctionnelles.<\/p>\n<p>Venez vous en convaincre et d\u00e9couvrez plus de Marcotte Style. Admirez en quelques-unes de\u00a0nos r\u00e9alisations\u00a0ou\u00a0contactez-nous\u00a0sans engagement.<\/p>\n","protected":false},"excerpt":{"rendered":"<p>Guelques exemples donnant une id\u00e9e d\u2019atmosph\u00e8re. Notre d\u00e9corateur d\u2019int\u00e9rieur vous guidera dans les salles d&#8217;exposition s\u00e9lectionn\u00e9, o\u00f9 l\u2019on est distributeur agr\u00e9e. Par cette voie, vous&#8230;<\/p>\n","protected":false},"author":2,"featured_media":0,"parent":0,"menu_order":6,"comment_status":"closed","ping_status":"closed","template":"elementor_header_footer","meta":{"ngg_post_thumbnail":0,"footnotes":""},"class_list":["post-5737","page","type-page","status-publish","hentry"],"_links":{"self":[{"href":"https:\/\/marcottestyle.com\/fr\/wp-json\/wp\/v2\/pages\/5737","targetHints":{"allow":["GET"]}}],"collection":[{"href":"https:\/\/marcottestyle.com\/fr\/wp-json\/wp\/v2\/pages"}],"about":[{"href":"https:\/\/marcottestyle.com\/fr\/wp-json\/wp\/v2\/types\/page"}],"author":[{"embeddable":true,"href":"https:\/\/marcottestyle.com\/fr\/wp-json\/wp\/v2\/users\/2"}],"replies":[{"embeddable":true,"href":"https:\/\/marcottestyle.com\/fr\/wp-json\/wp\/v2\/comments?post=5737"}],"version-history":[{"count":1,"href":"https:\/\/marcottestyle.com\/fr\/wp-json\/wp\/v2\/pages\/5737\/revisions"}],"predecessor-version":[{"id":5738,"href":"https:\/\/marcottestyle.com\/fr\/wp-json\/wp\/v2\/pages\/5737\/revisions\/5738"}],"wp:attachment":[{"href":"https:\/\/marcottestyle.com\/fr\/wp-json\/wp\/v2\/media?parent=5737"}],"curies":[{"name":"wp","href":"https:\/\/api.w.org\/{rel}","templated":true}]}}