{"id":5744,"date":"2018-02-13T12:05:49","date_gmt":"2018-02-13T11:05:49","guid":{"rendered":"http:\/\/marcottestyle.com\/?page_id=5744"},"modified":"2024-09-28T13:20:16","modified_gmt":"2024-09-28T11:20:16","slug":"plafonds","status":"publish","type":"page","link":"https:\/\/marcottestyle.com\/fr\/plafonds\/","title":{"rendered":"Plafonds"},"content":{"rendered":"<h3>Lieux<\/h3>\n<p>  L&#8217;installation de plafonds abaiss\u00e9s avec des lattes crois\u00e9es sur de petites poutres est typique d&#8217;une d\u00e9coration d&#8217;int\u00e9rieur de style champ\u00eatre.<br \/>\nVotre architecte d&#8217;int\u00e9rieur veillera \u00e0 ce que tous les spots soient bien r\u00e9partis aux endroits o\u00f9 la lumi\u00e8re est vraiment n\u00e9cessaire et \u00e0 d&#8217;autres endroits o\u00f9 elle l&#8217;est un peu moins pour cr\u00e9er une atmosph\u00e8re.<br \/>\nGr\u00e2ce aux machines CNC, de grands panneaux MDF sont trait\u00e9s pour cr\u00e9er un ensemble presque sans soudure.<br \/>\nDans ce cas, le retrait ou la dilatation du bois, que l&#8217;on attend d&#8217;un int\u00e9rieur solidement fini, est minime, voire inexistant.<br \/>\nContactez-nous sans engagement Bien entendu, les faux plafonds en gyprox plat sont \u00e9galement r\u00e9alis\u00e9s dans le cadre d&#8217;un am\u00e9nagement int\u00e9rieur complet.<br \/>\nPar exemple, l&#8217;architecte d&#8217;int\u00e9rieur int\u00e9grera g\u00e9n\u00e9ralement des bo\u00eetes \u00e0 musique en plus de quelques spots, ce qui ajoutera d\u00e9j\u00e0 une certaine valeur \u00e0 la d\u00e9coration int\u00e9rieure.<br \/>\nAttention : la pose d&#8217;un plafond lisse et pr\u00eat \u00e0 peindre est un art mineur.<br \/>\nElle demande plus de temps, mais le peintre est doublement r\u00e9compens\u00e9 par le gain de temps qu&#8217;elle lui procure.         [seo-gallery type=&#8221;3-columns&#8221; taxonomy=&#8221;136&#8243; num=&#8221;4,11&#8243;]<\/p>\n<h3>R\u00e9novation des plafonds et rev\u00eatements de plafonds<\/h3>\n<p>  Vous envisagez d&#8217;installer un nouveau plafond ou de r\u00e9nover votre plafond existant ?<br \/>\nMarcotte Style est sp\u00e9cialis\u00e9 dans les rev\u00eatements de plafond, la r\u00e9novation et la r\u00e9paration de plafonds.<br \/>\nNous vous garantissons une finition de plafond parfaite, enti\u00e8rement conforme \u00e0 vos go\u00fbts et \u00e0 votre style.<br \/>\nVous recherchez un style rural ou plut\u00f4t moderne ?<br \/>\nTout est possible.<br \/>\nPour nous, la r\u00e9alisation d&#8217;un plafond est toujours un nouveau projet qui part de z\u00e9ro.<br \/>\nVous pouvez confier la r\u00e9novation de votre plafond \u00e0 Marcotte Style en toute s\u00e9r\u00e9nit\u00e9, de la conception \u00e0 la finition.<br \/>\nNous n&#8217;utilisons que des mat\u00e9riaux de la plus haute qualit\u00e9 pour nos rev\u00eatements de plafond.         <\/p>\n<blockquote><p>Les plafonds appartiennent \u00e9galement \u00e0 un certain style.<br \/>\nMarcotte Style veille \u00e0 ce que votre plafond soit \u00e9galement int\u00e9gr\u00e9 dans la d\u00e9coration int\u00e9rieure. <\/p><\/blockquote>\n","protected":false},"excerpt":{"rendered":"<p>Lieux L&#8217;installation de plafonds abaiss\u00e9s avec des lattes crois\u00e9es sur de petites poutres est typique d&#8217;une d\u00e9coration d&#8217;int\u00e9rieur de style champ\u00eatre. Votre architecte d&#8217;int\u00e9rieur veillera&#8230;<\/p>\n","protected":false},"author":2,"featured_media":0,"parent":0,"menu_order":26,"comment_status":"closed","ping_status":"closed","template":"elementor_header_footer","meta":{"ngg_post_thumbnail":0,"footnotes":""},"class_list":["post-5744","page","type-page","status-publish","hentry"],"_links":{"self":[{"href":"https:\/\/marcottestyle.com\/fr\/wp-json\/wp\/v2\/pages\/5744","targetHints":{"allow":["GET"]}}],"collection":[{"href":"https:\/\/marcottestyle.com\/fr\/wp-json\/wp\/v2\/pages"}],"about":[{"href":"https:\/\/marcottestyle.com\/fr\/wp-json\/wp\/v2\/types\/page"}],"author":[{"embeddable":true,"href":"https:\/\/marcottestyle.com\/fr\/wp-json\/wp\/v2\/users\/2"}],"replies":[{"embeddable":true,"href":"https:\/\/marcottestyle.com\/fr\/wp-json\/wp\/v2\/comments?post=5744"}],"version-history":[{"count":4,"href":"https:\/\/marcottestyle.com\/fr\/wp-json\/wp\/v2\/pages\/5744\/revisions"}],"predecessor-version":[{"id":39336,"href":"https:\/\/marcottestyle.com\/fr\/wp-json\/wp\/v2\/pages\/5744\/revisions\/39336"}],"wp:attachment":[{"href":"https:\/\/marcottestyle.com\/fr\/wp-json\/wp\/v2\/media?parent=5744"}],"curies":[{"name":"wp","href":"https:\/\/api.w.org\/{rel}","templated":true}]}}