{"id":5747,"date":"2018-02-13T11:01:25","date_gmt":"2018-02-13T10:01:25","guid":{"rendered":"http:\/\/marcottestyle.com\/?page_id=5747"},"modified":"2024-09-28T13:21:19","modified_gmt":"2024-09-28T11:21:19","slug":"cache-radiateur","status":"publish","type":"page","link":"https:\/\/marcottestyle.com\/fr\/cache-radiateur\/","title":{"rendered":"Meubles de radiateur"},"content":{"rendered":"<p>Les armoires \u00e0 radiateurs sont toujours enti\u00e8rement personnalis\u00e9es et coup\u00e9es \u00e0 onglet en fonction de la longueur de chaque mur.<br \/>\nTout est fabriqu\u00e9 en atelier et lors de la pose du meuble, le d\u00e9corateur d&#8217;int\u00e9rieur veille \u00e0 la bonne finition.<br \/>\nPar exemple, les bords sont rogn\u00e9s pour s&#8217;adapter au plus pr\u00e8s des murs qui ne sont pas toujours droits.    \n\t\t<style type=\"text\/css\">\n\t\t\t#gallery-1 {\n\t\t\t\tmargin: auto;\n\t\t\t}\n\t\t\t#gallery-1 .gallery-item {\n\t\t\t\tfloat: left;\n\t\t\t\tmargin-top: 10px;\n\t\t\t\ttext-align: center;\n\t\t\t\twidth: 33%;\n\t\t\t}\n\t\t\t#gallery-1 img {\n\t\t\t\tborder: 2px solid #cfcfcf;\n\t\t\t}\n\t\t\t#gallery-1 .gallery-caption {\n\t\t\t\tmargin-left: 0;\n\t\t\t}\n\t\t\t\/* see gallery_shortcode() in wp-includes\/media.php *\/\n\t\t<\/style>\n\t\t<div id='gallery-1' class='gallery galleryid-5747 gallery-columns-3 gallery-size-thumbnail'><dl class='gallery-item'>\n\t\t\t<dt class='gallery-icon landscape'>\n\t\t\t\t<a href='https:\/\/marcottestyle.com\/fr\/cache-radiateur\/marcottestyle-totaalinrichting-in-temse-26-2\/'><img decoding=\"async\" width=\"150\" height=\"150\" src=\"https:\/\/marcottestyle.com\/wp-content\/uploads\/xstore\/xstore-placeholder-1x1.png\" class=\"attachment-thumbnail size-thumbnail lazyload lazyload-simple et-lazyload-fadeIn\" alt=\"\" data-src=\"https:\/\/marcottestyle.com\/wp-content\/uploads\/2020\/02\/Marcottestyle-totaalinrichting-in-temse-26-150x150.jpg\" title=\"\"><\/a>\n\t\t\t<\/dt><\/dl><dl class='gallery-item'>\n\t\t\t<dt class='gallery-icon portrait'>\n\t\t\t\t<a href='https:\/\/marcottestyle.com\/fr\/cache-radiateur\/marcyle-radiatoren11-2\/'><img decoding=\"async\" width=\"150\" height=\"150\" src=\"https:\/\/marcottestyle.com\/wp-content\/uploads\/xstore\/xstore-placeholder-1x1.png\" class=\"attachment-thumbnail size-thumbnail lazyload lazyload-simple et-lazyload-fadeIn\" alt=\"\" data-src=\"https:\/\/marcottestyle.com\/wp-content\/uploads\/2020\/02\/Marcyle-radiatoren11-150x150.jpg\" title=\"\"><\/a>\n\t\t\t<\/dt><\/dl><dl class='gallery-item'>\n\t\t\t<dt class='gallery-icon landscape'>\n\t\t\t\t<a href='https:\/\/marcottestyle.com\/fr\/cache-radiateur\/marcottestyle-radiatorkasten-op-maat-1-2\/'><img decoding=\"async\" width=\"150\" height=\"150\" src=\"https:\/\/marcottestyle.com\/wp-content\/uploads\/xstore\/xstore-placeholder-1x1.png\" class=\"attachment-thumbnail size-thumbnail lazyload lazyload-simple et-lazyload-fadeIn\" alt=\"\" data-src=\"https:\/\/marcottestyle.com\/wp-content\/uploads\/2020\/02\/Marcottestyle-radiatorkasten-op-maat-1-150x150.jpg\" title=\"\"><\/a>\n\t\t\t<\/dt><\/dl><br style=\"clear: both\" \/>\n\t\t<\/div>\n  Dans toute d\u00e9coration int\u00e9rieure, les lambris et les armoires de radiateurs peuvent \u00eatre en ch\u00eane massif ou en MDF.<br \/>\nCe dernier est un panneau de bois press\u00e9 de haute qualit\u00e9 qui pr\u00e9sente une densit\u00e9 tr\u00e8s \u00e9lev\u00e9e, de bonnes propri\u00e9t\u00e9s de gonflement et de r\u00e9sistance \u00e0 la flexion, ainsi qu&#8217;une possible r\u00e9sistance \u00e0 l&#8217;humidit\u00e9.<br \/>\nCependant, nos am\u00e9nagements int\u00e9rieurs sont toujours r\u00e9alis\u00e9s en MDF de la meilleure qualit\u00e9.<br \/>\nCes panneaux sont plus faciles \u00e0 travailler que les panneaux de fibres plaqu\u00e9s ou le contreplaqu\u00e9.<br \/>\nIls sont \u00e9galement les seuls \u00e0 pouvoir \u00eatre frais\u00e9s et trait\u00e9s comme du bois massif.<br \/>\nDes rainures profondes sont possibles gr\u00e2ce \u00e0 des machines \u00e0 commande num\u00e9rique perfectionn\u00e9es.<br \/>\nTout est toujours livr\u00e9 et appliqu\u00e9 dans une couche d&#8217;appr\u00eat.<br \/>\nM\u00e9fiez-vous des d\u00e9corateurs d&#8217;int\u00e9rieur inexp\u00e9riment\u00e9s qui vous livrent \u00e0 moindre co\u00fbt une seule face appr\u00eat\u00e9e.<br \/>\nLes panneaux libres qui ne sont pas fix\u00e9s sur les quatre c\u00f4t\u00e9s ont vraiment besoin du m\u00eame nombre d&#8217;appr\u00eats et de couches de peinture au recto et au verso pour \u00e9viter tout gauchissement.<br \/>\nIci aussi, tout est dessin\u00e9 avec pr\u00e9cision \u00e0 l&#8217;aide de notre programme CAD.<br \/>\nRien n&#8217;est laiss\u00e9 au hasard. [seo-gallery type=&#8221;3-columns&#8221; taxonomy=&#8221;115&#8243; num=&#8221;4,11&#8243;]<\/p>\n<blockquote><p>Nos armoires \u00e0 radiateurs deviennent de v\u00e9ritables beaux meubles qui rehaussent m\u00eame l&#8217;int\u00e9rieur.<\/p><\/blockquote>\n<p> <a href=\"http:\/\/marcottestyle.com\/contact\/\">Contactez-nous<\/a> sans engagement ou <a href=\"http:\/\/marcottestyle.com\/portfolio\/\">consultez nos r\u00e9f\u00e9rences<\/a>.          <\/p>\n","protected":false},"excerpt":{"rendered":"<p>Les armoires \u00e0 radiateurs sont toujours enti\u00e8rement personnalis\u00e9es et coup\u00e9es \u00e0 onglet en fonction de la longueur de chaque mur. Tout est fabriqu\u00e9 en atelier&#8230;<\/p>\n","protected":false},"author":2,"featured_media":0,"parent":0,"menu_order":4,"comment_status":"closed","ping_status":"closed","template":"elementor_header_footer","meta":{"ngg_post_thumbnail":0,"footnotes":""},"class_list":["post-5747","page","type-page","status-publish","hentry"],"_links":{"self":[{"href":"https:\/\/marcottestyle.com\/fr\/wp-json\/wp\/v2\/pages\/5747","targetHints":{"allow":["GET"]}}],"collection":[{"href":"https:\/\/marcottestyle.com\/fr\/wp-json\/wp\/v2\/pages"}],"about":[{"href":"https:\/\/marcottestyle.com\/fr\/wp-json\/wp\/v2\/types\/page"}],"author":[{"embeddable":true,"href":"https:\/\/marcottestyle.com\/fr\/wp-json\/wp\/v2\/users\/2"}],"replies":[{"embeddable":true,"href":"https:\/\/marcottestyle.com\/fr\/wp-json\/wp\/v2\/comments?post=5747"}],"version-history":[{"count":2,"href":"https:\/\/marcottestyle.com\/fr\/wp-json\/wp\/v2\/pages\/5747\/revisions"}],"predecessor-version":[{"id":39392,"href":"https:\/\/marcottestyle.com\/fr\/wp-json\/wp\/v2\/pages\/5747\/revisions\/39392"}],"wp:attachment":[{"href":"https:\/\/marcottestyle.com\/fr\/wp-json\/wp\/v2\/media?parent=5747"}],"curies":[{"name":"wp","href":"https:\/\/api.w.org\/{rel}","templated":true}]}}