{"id":5751,"date":"2018-02-13T12:02:29","date_gmt":"2018-02-13T11:02:29","guid":{"rendered":"http:\/\/marcottestyle.com\/?page_id=5751"},"modified":"2020-01-20T11:38:16","modified_gmt":"2020-01-20T10:38:16","slug":"chaises","status":"publish","type":"page","link":"https:\/\/marcottestyle.com\/fr\/chaises\/","title":{"rendered":"Chaises"},"content":{"rendered":"<h3>Collections propres :<\/h3>\n<p>Vous avez ici un avant-go\u00fbt de certains produits qui sont actuellement disponible et qui pourrait s\u2019int\u00e9grer \u00e9ventuellement dans le style de votre nouvel int\u00e9rieur. Vous \u00e9pargnez ici la marge du revendeur en passant directement chez nous comme grossiste ou importateur. Dans le cadre d&#8217;un projet total le designer d&#8217;int\u00e9rieur vous fera une pr\u00e9s\u00e9lection des chaises qui s\u2019int\u00e8gre le meilleur possible avec le reste de l&#8217;int\u00e9rieur. De cette fa\u00e7on nous vous donnerons d\u00e9j\u00e0 un aper\u00e7u de votre premier choix provisoire dans le dossier architectural qui s&#8217;inscrivent parfaitement dans le nouvel int\u00e9rieur ainsi que le prix du mobilier choisi. Cela vous permet de se concentrer sur du mobilier encore moins cher ou soit plus cher. Ensemble avec le designer d\u2019int\u00e9rieur vous allez parcourir nos showroom afin de faire votre choix d\u00e9finitif.<\/p>\n<p>[seo-gallery type=&#8221;3-columns&#8221; taxonomy=&#8221;134&#8243; num=&#8221;4,11&#8243;]<\/p>\n<p><strong>Un int\u00e9rieur r\u00e9ussi est une cr\u00e9ation d\u2019unit\u00e9 que le concepteur ne peut que obtenir lorsque presque tous les espaces sont pris en mains..<\/strong><\/p>\n<p>Ainsi, les plupart chaises sont en stock et peuvent \u00eatre obtenus avec plusieurs \u00e9toffes. Un architecte d&#8217;int\u00e9rieur peut \u00e9galement vous assister \u00e0 faire correspondre les tissus et couleurs des chaises choisies aux fauteuils et faires inint\u00e9gr\u00e9 \u00e0 son tour le tout avec la couleur des rideaux, des tapis et peinture murale..<\/p>\n<p>Dans une conception d\u2019am\u00e9nagement totale, aucun frais d\u2019honoraire vous sera mis en compte lors de l\u2019ex\u00e9cution et le design d&#8217;int\u00e9rieur sera comme vous l&#8217;avez souhait\u00e9, o\u00f9 le concepteur vous conduira \u00e0 travers toute la gamme de couleurs afin d\u2019aboutir \u00e0 un concept parfait et de pouvoir faire le bon choix de peinture murale. La consultation des couleurs vous \u00eates \u00e9galement offert dans ce cas, car objectif est uniquement r\u00e9alis\u00e9 lorsque l&#8217;int\u00e9rieur complet soit homog\u00e8ne o\u00f9 tout s\u2019accorde..<\/p>\n<p>Venez vous en convaincre et d\u00e9couvrez quelques autres chaises de Marcotte Style.<\/p>\n<p>Admirez en quelques-unes dans\u00a0nos r\u00e9alisations\u00a0ou\u00a0contactez-nous\u00a0sans engagement!<\/p>\n<p>&nbsp;<\/p>\n<p>&nbsp;<\/p>\n","protected":false},"excerpt":{"rendered":"<p>Collections propres : Vous avez ici un avant-go\u00fbt de certains produits qui sont actuellement disponible et qui pourrait s\u2019int\u00e9grer \u00e9ventuellement dans le style de votre&#8230;<\/p>\n","protected":false},"author":2,"featured_media":0,"parent":0,"menu_order":24,"comment_status":"closed","ping_status":"closed","template":"elementor_header_footer","meta":{"ngg_post_thumbnail":0,"footnotes":""},"class_list":["post-5751","page","type-page","status-publish","hentry"],"_links":{"self":[{"href":"https:\/\/marcottestyle.com\/fr\/wp-json\/wp\/v2\/pages\/5751","targetHints":{"allow":["GET"]}}],"collection":[{"href":"https:\/\/marcottestyle.com\/fr\/wp-json\/wp\/v2\/pages"}],"about":[{"href":"https:\/\/marcottestyle.com\/fr\/wp-json\/wp\/v2\/types\/page"}],"author":[{"embeddable":true,"href":"https:\/\/marcottestyle.com\/fr\/wp-json\/wp\/v2\/users\/2"}],"replies":[{"embeddable":true,"href":"https:\/\/marcottestyle.com\/fr\/wp-json\/wp\/v2\/comments?post=5751"}],"version-history":[{"count":3,"href":"https:\/\/marcottestyle.com\/fr\/wp-json\/wp\/v2\/pages\/5751\/revisions"}],"predecessor-version":[{"id":5754,"href":"https:\/\/marcottestyle.com\/fr\/wp-json\/wp\/v2\/pages\/5751\/revisions\/5754"}],"wp:attachment":[{"href":"https:\/\/marcottestyle.com\/fr\/wp-json\/wp\/v2\/media?parent=5751"}],"curies":[{"name":"wp","href":"https:\/\/api.w.org\/{rel}","templated":true}]}}