{"id":5755,"date":"2018-02-13T12:00:41","date_gmt":"2018-02-13T11:00:41","guid":{"rendered":"http:\/\/marcottestyle.com\/?page_id=5755"},"modified":"2024-09-28T13:20:23","modified_gmt":"2024-09-28T11:20:23","slug":"tables","status":"publish","type":"page","link":"https:\/\/marcottestyle.com\/fr\/tables\/","title":{"rendered":"Tableaux"},"content":{"rendered":"<p>Il va de soi que les tables design ne doivent pas seulement \u00eatre assorties \u00e0 l&#8217;ensemble de l&#8217;ameublement, mais aussi aux chaises.<br \/>\nMarcotte Style, en tant qu&#8217;importateur ou grossiste, sera toujours en mesure de vous proposer des conditions int\u00e9ressantes que vous ne trouverez pas facilement pour la qualit\u00e9 offerte.<br \/>\nDans un projet d&#8217;ameublement total, un architecte d&#8217;int\u00e9rieur veillera toujours \u00e0 ce que le design de la table s&#8217;harmonise avec les chaises dans le concept d&#8217;int\u00e9rieur, mais l&#8217;aspect technique n&#8217;est pas non plus n\u00e9gligeable ; notre designer int\u00e9grera d&#8217;abord la table design avec les chaises sur mesure dans le plan CAD afin de v\u00e9rifier si la taille souhait\u00e9e de la table sur mesure s&#8217;adapte \u00e0 la salle \u00e0 manger.<br \/>\nUne table trop grande est g\u00eanante, mais une petite table dans un grand espace ne convient pas non plus.<br \/>\nEn fonction des besoins de la famille, notre architecte d&#8217;int\u00e9rieur vous proposera une table sur mesure avec d&#8217;\u00e9ventuelles rallonges.<br \/>\nLe design de la table est important, mais la hauteur de la table par rapport \u00e0 la chaise l&#8217;est tout autant.<br \/>\nEn ce qui concerne les accoudoirs de la chaise, si elle en a, nous veillerons \u00e0 ce qu&#8217;ils puissent passer sous le plateau de la table ou non.<br \/>\nOutre le fait que toutes les tables sont g\u00e9n\u00e9ralement moins ch\u00e8res que dans un magasin ordinaire ou un atelier, les conseils sont \u00e9galement tr\u00e8s importants.<br \/>\nVous souhaitez acheter une table sur mesure ?<br \/>\nChez Marcotte Style, nous ne vous laissons pas vous d\u00e9brouiller tout seul !           <\/p>\n<h3>Sur mesure<\/h3>\n<p>  Notre objectif est de trouver la table qui s&#8217;harmonise non seulement avec les chaises, mais qui s&#8217;int\u00e8gre \u00e9galement dans le concept global de l&#8217;int\u00e9rieur.<br \/>\nMarcotte Style est r\u00e9put\u00e9 pour la continuit\u00e9 d&#8217;un seul et m\u00eame style dans toute la maison.<br \/>\nL&#8217;ameublement total par excellence.<br \/>\nVous pouvez donc nous confier l&#8217;am\u00e9nagement d&#8217;un salon et d&#8217;une salle \u00e0 manger, pour autant que nous puissions vous proposer quelque chose d&#8217;unique et de complet, car vous b\u00e9n\u00e9ficiez des conseils gratuits de nos designers.<br \/>\nUn int\u00e9rieur sign\u00e9 Marcotte Style laissera toujours une signature, m\u00eame s&#8217;il ne s&#8217;agit que d&#8217;une salle \u00e0 manger homog\u00e8ne avec salon.      <\/p>\n<div>[seo-gallery type=&#8221;3-columns&#8221; taxonomy=&#8221;133&#8243; num=&#8221;4,11&#8243;]<\/div>\n<div><\/div>\n<blockquote><p>Vous avez besoin de tables assorties aux chaises et qui s&#8217;int\u00e8grent parfaitement au concept de l&#8217;int\u00e9rieur ?<br \/>\nPrenez contact avec nous d\u00e8s aujourd&#8217;hui ! <\/p><\/blockquote>\n<p>  N&#8217;h\u00e9sitez pas \u00e0 <a href=\"http:\/\/marcottestyle.com\/contact\/\">nous<\/a> contacter ou \u00e0 <a href=\"http:\/\/marcottestyle.com\/portfolio\/\">consulter notre portfolio.<\/a><\/p>\n","protected":false},"excerpt":{"rendered":"<p>Il va de soi que les tables design ne doivent pas seulement \u00eatre assorties \u00e0 l&#8217;ensemble de l&#8217;ameublement, mais aussi aux chaises. Marcotte Style, en&#8230;<\/p>\n","protected":false},"author":2,"featured_media":0,"parent":0,"menu_order":23,"comment_status":"closed","ping_status":"closed","template":"elementor_header_footer","meta":{"ngg_post_thumbnail":0,"footnotes":""},"class_list":["post-5755","page","type-page","status-publish","hentry"],"_links":{"self":[{"href":"https:\/\/marcottestyle.com\/fr\/wp-json\/wp\/v2\/pages\/5755","targetHints":{"allow":["GET"]}}],"collection":[{"href":"https:\/\/marcottestyle.com\/fr\/wp-json\/wp\/v2\/pages"}],"about":[{"href":"https:\/\/marcottestyle.com\/fr\/wp-json\/wp\/v2\/types\/page"}],"author":[{"embeddable":true,"href":"https:\/\/marcottestyle.com\/fr\/wp-json\/wp\/v2\/users\/2"}],"replies":[{"embeddable":true,"href":"https:\/\/marcottestyle.com\/fr\/wp-json\/wp\/v2\/comments?post=5755"}],"version-history":[{"count":3,"href":"https:\/\/marcottestyle.com\/fr\/wp-json\/wp\/v2\/pages\/5755\/revisions"}],"predecessor-version":[{"id":39342,"href":"https:\/\/marcottestyle.com\/fr\/wp-json\/wp\/v2\/pages\/5755\/revisions\/39342"}],"wp:attachment":[{"href":"https:\/\/marcottestyle.com\/fr\/wp-json\/wp\/v2\/media?parent=5755"}],"curies":[{"name":"wp","href":"https:\/\/api.w.org\/{rel}","templated":true}]}}