{"id":5758,"date":"2018-02-13T11:50:16","date_gmt":"2018-02-13T10:50:16","guid":{"rendered":"http:\/\/marcottestyle.com\/?page_id=5758"},"modified":"2018-02-21T15:57:07","modified_gmt":"2018-02-21T14:57:07","slug":"canape","status":"publish","type":"page","link":"https:\/\/marcottestyle.com\/fr\/canape\/","title":{"rendered":"Canap\u00e9"},"content":{"rendered":"<h3>Nos Collections:<\/h3>\n<p>Choisir les fauteuils, canap\u00e9s ou si\u00e8ges appropri\u00e9s au reste de l\u2019int\u00e9rieur est une des fondations du succ\u00e8s de la d\u00e9coration d\u2019int\u00e9rieure. Marcotte Style ne vous vendra pas seulement un si\u00e8ge ou canap\u00e9 sans d\u2019abord prendre en mains, au moins tout le living et salle \u00e0 manger pour en faire une unit\u00e9 qui se marie dans l\u2019ensemble de l\u2019int\u00e9rieur.<\/p>\n<p>Acheter rien qu\u2019un nouveau canap\u00e9 avec une table sans v\u00e9rifier si cela s\u2019int\u00e8gre dans l&#8217;environnement de la d\u00e9coration, est un investissement perdu. Marcotte Style vous proposera non seulement un meilleur prix en travaillant directement sans courtage, mais vous donnera aussi un avis professionnel. Vous allez recevoir en plus un avis professionnel sur le choix des couleurs. Nous allons toujours d\u2019abord contr\u00f4ler les mesures, mod\u00e8le et couleur qui vous conviendra le mieux pour s\u2019int\u00e9grer dans l\u2019ensemble de l\u2019int\u00e9rieur.<\/p>\n<p>Tout ce faits avec le m\u00eame interlocuteur afin d\u2019effacer toutes possibilit\u00e9 de malentendus. Ainsi le designer vous pr\u00e9sentera d&#8217;abord quelques si\u00e8ges, canap\u00e9s, \u00e9ventuellement des tapis et rideaux appropri\u00e9s qui forment parfaitement un ensemble et s\u2019int\u00e8gre dans le cadre de votre int\u00e9rieur globale. En outre, vous recevrez chaque fois lors de l\u2019ex\u00e9cution tous les conseils de couleur gratuitement, afin que notre sp\u00e9cialiste int\u00e9rieur puisse int\u00e9grer tout dans le dossier d&#8217;architecture. En suite vous obtenez un premier projet avec les prix corrects appropri\u00e9s \u00e0 votre budget pr\u00e9vu, apr\u00e8s lequel tout peut encore \u00eatre adapt\u00e9.<\/p>\n<p>[seo-gallery type=&#8221;3-columns&#8221; taxonomy=&#8221;132&#8243; num=&#8221;4,11&#8243;]<\/p>\n<p>Chez Marcotte Style le\u00a0<strong>r\u00e9sultat est toujours gagnant\/gagnant<\/strong>\u00a0pour les deux parties ou nous ne facturons pas de frais d\u2019honoraire lors d\u2019un am\u00e9nagement complet.<\/p>\n<p>Vous pouvez trouver d\u00e9finitivement votre choix dans plus de 6000m\u00b2 de showroom, r\u00e9parties sur l&#8217;ensemble du pays. Lors d\u2019un Concept global nous avons toujours quelques autres alternatives dans le cas o\u00f9 vous ne trouveriez n\u00e9anmoins pas encore votre choix de meubles.<\/p>\n<p>Puisqu&#8217;il y a tellement de mod\u00e8les et r\u00e9guli\u00e8res de nouvelles cr\u00e9ations dans la collection, nous ne pouvons montrer ici que certains mod\u00e8les.<\/p>\n<p>Venez vous en convaincre et d\u00e9couvrez encore d&#8217;autre canap\u00e9s de Marcotte Style.<\/p>\n<p>Admirez en quelques-unes dans\u00a0nos r\u00e9alisations!<\/p>\n<p>&nbsp;<\/p>\n","protected":false},"excerpt":{"rendered":"<p>Nos Collections: Choisir les fauteuils, canap\u00e9s ou si\u00e8ges appropri\u00e9s au reste de l\u2019int\u00e9rieur est une des fondations du succ\u00e8s de la d\u00e9coration d\u2019int\u00e9rieure. Marcotte Style&#8230;<\/p>\n","protected":false},"author":2,"featured_media":0,"parent":0,"menu_order":23,"comment_status":"closed","ping_status":"closed","template":"elementor_header_footer","meta":{"ngg_post_thumbnail":0,"footnotes":""},"class_list":["post-5758","page","type-page","status-publish","hentry"],"_links":{"self":[{"href":"https:\/\/marcottestyle.com\/fr\/wp-json\/wp\/v2\/pages\/5758","targetHints":{"allow":["GET"]}}],"collection":[{"href":"https:\/\/marcottestyle.com\/fr\/wp-json\/wp\/v2\/pages"}],"about":[{"href":"https:\/\/marcottestyle.com\/fr\/wp-json\/wp\/v2\/types\/page"}],"author":[{"embeddable":true,"href":"https:\/\/marcottestyle.com\/fr\/wp-json\/wp\/v2\/users\/2"}],"replies":[{"embeddable":true,"href":"https:\/\/marcottestyle.com\/fr\/wp-json\/wp\/v2\/comments?post=5758"}],"version-history":[{"count":1,"href":"https:\/\/marcottestyle.com\/fr\/wp-json\/wp\/v2\/pages\/5758\/revisions"}],"predecessor-version":[{"id":5759,"href":"https:\/\/marcottestyle.com\/fr\/wp-json\/wp\/v2\/pages\/5758\/revisions\/5759"}],"wp:attachment":[{"href":"https:\/\/marcottestyle.com\/fr\/wp-json\/wp\/v2\/media?parent=5758"}],"curies":[{"name":"wp","href":"https:\/\/api.w.org\/{rel}","templated":true}]}}