{"id":5762,"date":"2018-02-13T11:43:37","date_gmt":"2018-02-13T10:43:37","guid":{"rendered":"http:\/\/marcottestyle.com\/?page_id=5762"},"modified":"2018-02-21T15:56:10","modified_gmt":"2018-02-21T14:56:10","slug":"mobilier-de-bureau","status":"publish","type":"page","link":"https:\/\/marcottestyle.com\/fr\/mobilier-de-bureau\/","title":{"rendered":"Mobilier de Bureau"},"content":{"rendered":"<h3>N\u00f4tre propre collections:<\/h3>\n<p>C&#8217;est toujours un d\u00e9fi pour Marcotte Style de non seulement pouvoir vendre de mobilier de bureau pur et simple, mais aussi de cr\u00e9er l\u2019environnement de travail et cr\u00e9er l&#8217;am\u00e9nagement des locaux de bureaux qui puisse flatter l\u2019\u0153il. Cette nouvelle atmosph\u00e8re et l&#8217;environnement en parfait \u00e9quilibre permettra certainement d&#8217;optimiser la productivit\u00e9. Pour chaque nouveau design d\u2019am\u00e9nagement, un architecte d&#8217;int\u00e9rieur vous sera attribu\u00e9 gratuitement lors de l\u2019ex\u00e9cution du projet. Le mobilier appropri\u00e9 sera introduit dans une projection 3D afin d\u2019obtenir une image exacte de votre future bureau avec votre budget.<\/p>\n<p>Une conception professionnel d&#8217;un plan de bureau vous assure certainement votre image de marque et renforcer la confiance. La fonctionnalit\u00e9 et l\u2019esth\u00e9tique doivent aller main dans la main afin de certifier la r\u00e9ussite de votre entreprise.<\/p>\n<p>En dehors des armoires et cloisons sur mesure et plafonds suspendus pr\u00e9vus d\u2019\u00e9clairage ad\u00e9quat, nous pouvons aussi simplement proposer du mobilier de bureau appropri\u00e9 et en faire la pr\u00e9sentation en 3d.<\/p>\n<p>Nos designers d&#8217;int\u00e9rieur vont tenter de refl\u00e9ter votre philosophie d&#8217;entreprise dans le nouveau projet de bureau. Une entreprise dynamique et hi-teck sera diff\u00e9rent de l\u2019approche d\u2019un bureau de notaire ou d\u2019agence. Pour aboutir \u00e0 un parfait r\u00e9sultat nous utilisons habituellement les derniers gadgets techniques.<\/p>\n<p>Un environnement de travail agr\u00e9able est la base du personnel motiv\u00e9..<\/p>\n<p>Venez vous en convaincre et d\u00e9couvrez plus de bureaux de Marcottestyle.<br \/>\nAdmirez en quelques-unes dans\u00a0nos r\u00e9alisations!<\/p>\n<p>[seo-gallery type=&#8221;3-columns&#8221; taxonomy=&#8221;130&#8243; num=&#8221;4,11&#8243;]<\/p>\n<p>&nbsp;<\/p>\n","protected":false},"excerpt":{"rendered":"<p>N\u00f4tre propre collections: C&#8217;est toujours un d\u00e9fi pour Marcotte Style de non seulement pouvoir vendre de mobilier de bureau pur et simple, mais aussi de&#8230;<\/p>\n","protected":false},"author":2,"featured_media":0,"parent":0,"menu_order":21,"comment_status":"closed","ping_status":"closed","template":"elementor_header_footer","meta":{"ngg_post_thumbnail":0,"footnotes":""},"class_list":["post-5762","page","type-page","status-publish","hentry"],"_links":{"self":[{"href":"https:\/\/marcottestyle.com\/fr\/wp-json\/wp\/v2\/pages\/5762","targetHints":{"allow":["GET"]}}],"collection":[{"href":"https:\/\/marcottestyle.com\/fr\/wp-json\/wp\/v2\/pages"}],"about":[{"href":"https:\/\/marcottestyle.com\/fr\/wp-json\/wp\/v2\/types\/page"}],"author":[{"embeddable":true,"href":"https:\/\/marcottestyle.com\/fr\/wp-json\/wp\/v2\/users\/2"}],"replies":[{"embeddable":true,"href":"https:\/\/marcottestyle.com\/fr\/wp-json\/wp\/v2\/comments?post=5762"}],"version-history":[{"count":2,"href":"https:\/\/marcottestyle.com\/fr\/wp-json\/wp\/v2\/pages\/5762\/revisions"}],"predecessor-version":[{"id":5764,"href":"https:\/\/marcottestyle.com\/fr\/wp-json\/wp\/v2\/pages\/5762\/revisions\/5764"}],"wp:attachment":[{"href":"https:\/\/marcottestyle.com\/fr\/wp-json\/wp\/v2\/media?parent=5762"}],"curies":[{"name":"wp","href":"https:\/\/api.w.org\/{rel}","templated":true}]}}