{"id":5765,"date":"2018-02-13T11:41:23","date_gmt":"2018-02-13T10:41:23","guid":{"rendered":"http:\/\/marcottestyle.com\/?page_id=5765"},"modified":"2018-02-21T15:55:30","modified_gmt":"2018-02-21T14:55:30","slug":"articles-electriques","status":"publish","type":"page","link":"https:\/\/marcottestyle.com\/fr\/articles-electriques\/","title":{"rendered":"Articles \u00e9l\u00e9ctriques"},"content":{"rendered":"<p>Marcotte Style est un distributeur de produits \u00e9lectriques de plusieurs marques conues, dont\u00a0<strong>OSRAM PHILIPS, LED it, Raedus, REXEL,NIKO, TECCINO<\/strong>\u00a0etc\u2026<\/p>\n<p>En tant que client ou maitre d\u2019\u0153uvre, vous recevrez les meilleures conditions en \u00e9tant d\u2019autant plus toujours \u00e0 la hauteur des derniers cris. Cela vous donne \u00e9galement l\u2019avantage que nous pouvons \u00e0 notre tour nous assurer d\u2019un service irr\u00e9prochable de l&#8217;usine elle-m\u00eame.<\/p>\n<p><strong>Panneaux d\u00e9coratifs de chauffage:<\/strong><\/p>\n<p>En raison de leur taille et leur conception pratique tous ces panneaux s\u2019adaptent parfaitement dans chaque chambre.<\/p>\n<p>Contrairement \u00e0 d&#8217;autres syst\u00e8mes de chauffage, ils sont extr\u00eamement faciles \u00e0 installer, \u00e9ventuellement aussi \u00e0 s\u2019agrandir et m\u00eame se d\u00e9placer et sont d\u2019aspects esth\u00e9tiques incomparables! Le panneau de chauffage n&#8217;est que de 3,5 cm d&#8217;\u00e9paisseur peut \u00eatre pr\u00e9vu par une image appropri\u00e9e ou m\u00eame par votre propre photos pr\u00e9f\u00e9r\u00e9es! Le thermostat avec commande \u00e0 distance est toujours pratique.<\/p>\n<p><strong>LED<\/strong><\/p>\n<p>Outre les bandes de LED que nous pouvons laisser dissimul\u00e9s compl\u00e8tement dans vos meubles, murs ou plafonds, nous sommes constamment \u00e0 la recherche de nouvelles alternatives. Nous n&#8217;utilisons que la meilleure capacit\u00e9 de 600 LED par m\u00e8tre qui donnent 800 lumen\/5m de spectacle. Cela donne seulement une consommation de 14,4 W par m\u00e8tre!<\/p>\n<p><strong>Lampes et spots<\/strong><\/p>\n<p>Le domaine des spots est en constante \u00e9volution, o\u00f9 seulement la pointe de l&#8217;iceberg se fait voire. La consommation, la temp\u00e9rature les couleurs, l&#8217;angle du faisceau, le flux lumineux (au mettre courant et la dur\u00e9e de vie est pr\u00e9pond\u00e9rant pour nous. Nous n&#8217;allons donc pas vous attirer avec des lumineux au prix tr\u00e8s abordables, mais sans suffisance de capacit\u00e9 de lumi\u00e8re ou trop de consommations. Nos conseillers vous ferons un calcule professionnel en vous pr\u00e9sentant que le meilleur adapt\u00e9 \u00e0 la circonstance et au meilleur prix. Il a les ampoules classiques \u00e0 LED avec socket E27, mais aussi en forme sph\u00e9rique ou bougie, lampes \u00e0 r\u00e9flecteur, E-Core \u00e9clairage LED encastr\u00e9s et ainsi de suite.<\/p>\n<blockquote><p>Chez Marcotte Style vous pouvez \u00eatre s\u00fbr de faire le bon choix..<\/p><\/blockquote>\n<p>Venez vous en convaincre et d\u00e9couvrez plus de Marcotte Style. Admirez en quelques-unes de\u00a0nos r\u00e9alisations\u00a0ou\u00a0contactez-nous sans engagement.<\/p>\n<p>[seo-gallery type=&#8221;3-columns&#8221; taxonomy=&#8221;129&#8243; num=&#8221;4,11&#8243;<\/p>\n","protected":false},"excerpt":{"rendered":"<p>Marcotte Style est un distributeur de produits \u00e9lectriques de plusieurs marques conues, dont\u00a0OSRAM PHILIPS, LED it, Raedus, REXEL,NIKO, TECCINO\u00a0etc\u2026 En tant que client ou maitre&#8230;<\/p>\n","protected":false},"author":2,"featured_media":0,"parent":0,"menu_order":20,"comment_status":"closed","ping_status":"closed","template":"elementor_header_footer","meta":{"ngg_post_thumbnail":0,"footnotes":""},"class_list":["post-5765","page","type-page","status-publish","hentry"],"_links":{"self":[{"href":"https:\/\/marcottestyle.com\/fr\/wp-json\/wp\/v2\/pages\/5765","targetHints":{"allow":["GET"]}}],"collection":[{"href":"https:\/\/marcottestyle.com\/fr\/wp-json\/wp\/v2\/pages"}],"about":[{"href":"https:\/\/marcottestyle.com\/fr\/wp-json\/wp\/v2\/types\/page"}],"author":[{"embeddable":true,"href":"https:\/\/marcottestyle.com\/fr\/wp-json\/wp\/v2\/users\/2"}],"replies":[{"embeddable":true,"href":"https:\/\/marcottestyle.com\/fr\/wp-json\/wp\/v2\/comments?post=5765"}],"version-history":[{"count":2,"href":"https:\/\/marcottestyle.com\/fr\/wp-json\/wp\/v2\/pages\/5765\/revisions"}],"predecessor-version":[{"id":5767,"href":"https:\/\/marcottestyle.com\/fr\/wp-json\/wp\/v2\/pages\/5765\/revisions\/5767"}],"wp:attachment":[{"href":"https:\/\/marcottestyle.com\/fr\/wp-json\/wp\/v2\/media?parent=5765"}],"curies":[{"name":"wp","href":"https:\/\/api.w.org\/{rel}","templated":true}]}}