{"id":5770,"date":"2018-02-13T10:54:45","date_gmt":"2018-02-13T09:54:45","guid":{"rendered":"http:\/\/marcottestyle.com\/?page_id=5770"},"modified":"2018-02-21T15:45:40","modified_gmt":"2018-02-21T14:45:40","slug":"peinture","status":"publish","type":"page","link":"https:\/\/marcottestyle.com\/fr\/peinture\/","title":{"rendered":"Peinture"},"content":{"rendered":"<p>&nbsp;<\/p>\n<p>Lors d\u2019un am\u00e9nagement int\u00e9rieur total, nous faisons g\u00e9n\u00e9ralement appel \u00e0 un peintre professionnel, sp\u00e9cialis\u00e9 et s\u00e9rieux. Nous offrons alors toujours encore un conseil de couleur gratuit et suivons la progression des travaux.<\/p>\n<p>Un am\u00e9nagement d\u2019int\u00e9rieur sans peinture n&#8217;est naturellement pas imaginable. Cependant, nous allons laisser faire de lourd et d\u00e9licat int\u00e9gralement par notre sous-traitant. Une entreprise familiale avec 15 ans d&#8217;exp\u00e9rience et une 30\u00e8ne d\u2019employ\u00e9s d\u00e9vou\u00e9s qui manipulent professionnellement la peintre, papier peints\u2026<\/p>\n<p>L\u2019avis d\u2019un professionnel en couleur devient de plus en plus important, tant pour l&#8217;int\u00e9rieur et l&#8217;ext\u00e9rieur.<\/p>\n<p>L\u2019\u00e9motion est pr\u00e9sent dans une couleur et cette sensation doit se retrouver de plus en plus dans l&#8217;int\u00e9rieur total qui doit \u00eatre en harmonie. Marcotte Style vous guidera tout le long de l\u2019am\u00e9nagement, m\u00eame si vous peigniez vous-m\u00eame, en vous donnant des conseils de couleur pour obtenir un dispositif qui est compl\u00e8tement harmonieux. Parfois, nous avons \u00e9galement \u00e0 choisir les rideaux en premier lieu et donc continuer avec exactement la m\u00eame couleur sur les murs. Avec un spectre informatique nous d\u00e9finissons la couleur exactement mesur\u00e9e afin de vous donner un conseil d\u2019expert en couleur. Cet avis vous \u00eates totalement gratuit lors de l\u2019ex\u00e9cution de l\u2019am\u00e9nagement.<\/p>\n<p>[seo-gallery type=&#8221;3-columns&#8221; taxonomy=&#8221;112&#8243; num=&#8221;4,11&#8243;]<\/p>\n<p>Nous pr\u00e9f\u00e9rons pr\u00e9alablement toujours poser un papier peint lisse solide. Ceci forme un fond d&#8217;\u00e9cran aux fibres fines, mais parfois il est judicieux d\u2019utiliser \u00e9galement un papier-peint avec une structure l\u00e9g\u00e8re comme le Tasso. Notre expert de peinture vous proposera \u00e9galement des fond d&#8217;\u00e9cran ou papier peint exclusif de par exemple par Chris Mestdagh, Home Interiors, Casadeco ou autres types extraordinaires.<\/p>\n<p>Marcottestyle est distributeur de BOSS PAINTS, o\u00f9 la qualit\u00e9 est tr\u00e8s \u00e9lev\u00e9e et le prix tr\u00e8s concurrentiel. Si vous pr\u00e9f\u00e9rez de travailler avec votre propre peintres ceci est parfaitement possible. Nous vous donnerons toujours les conseils de couleur gratuites et vous pourrez \u00e9galement appr\u00e9cier nos tarifs sp\u00e9ciaux lors de l\u2019achat de votre peinture Boss Paints par notre interm\u00e9diaire. De plus grande quantit\u00e9 vous seront \u00e9galement livr\u00e9es \u00e0 domicile..<\/p>\n<p>Nous nous occupons de tous les d\u00e9tails soigneusement. Vous pouvez compter sur nous pour la qualit\u00e9 et de professionnalisme. Dans une coop\u00e9ration agr\u00e9able nous assurer que votre projet est pr\u00eat \u00e0 temps et dans le budget d\u00e9fini.<\/p>\n<p>Venez vous en convaincre et d\u00e9couvrez plus de Marcotte Style. Admirez en quelques-unes de\u00a0nos r\u00e9alisations\u00a0ou\u00a0contactez-nous\u00a0sans engagement.<\/p>\n<p>&nbsp;<\/p>\n","protected":false},"excerpt":{"rendered":"<p>&nbsp; Lors d\u2019un am\u00e9nagement int\u00e9rieur total, nous faisons g\u00e9n\u00e9ralement appel \u00e0 un peintre professionnel, sp\u00e9cialis\u00e9 et s\u00e9rieux. Nous offrons alors toujours encore un conseil de&#8230;<\/p>\n","protected":false},"author":2,"featured_media":0,"parent":0,"menu_order":1,"comment_status":"closed","ping_status":"closed","template":"elementor_header_footer","meta":{"ngg_post_thumbnail":0,"footnotes":""},"class_list":["post-5770","page","type-page","status-publish","hentry"],"_links":{"self":[{"href":"https:\/\/marcottestyle.com\/fr\/wp-json\/wp\/v2\/pages\/5770","targetHints":{"allow":["GET"]}}],"collection":[{"href":"https:\/\/marcottestyle.com\/fr\/wp-json\/wp\/v2\/pages"}],"about":[{"href":"https:\/\/marcottestyle.com\/fr\/wp-json\/wp\/v2\/types\/page"}],"author":[{"embeddable":true,"href":"https:\/\/marcottestyle.com\/fr\/wp-json\/wp\/v2\/users\/2"}],"replies":[{"embeddable":true,"href":"https:\/\/marcottestyle.com\/fr\/wp-json\/wp\/v2\/comments?post=5770"}],"version-history":[{"count":1,"href":"https:\/\/marcottestyle.com\/fr\/wp-json\/wp\/v2\/pages\/5770\/revisions"}],"predecessor-version":[{"id":5771,"href":"https:\/\/marcottestyle.com\/fr\/wp-json\/wp\/v2\/pages\/5770\/revisions\/5771"}],"wp:attachment":[{"href":"https:\/\/marcottestyle.com\/fr\/wp-json\/wp\/v2\/media?parent=5770"}],"curies":[{"name":"wp","href":"https:\/\/api.w.org\/{rel}","templated":true}]}}