{"id":5795,"date":"2018-02-13T12:16:06","date_gmt":"2018-02-13T11:16:06","guid":{"rendered":"http:\/\/marcottestyle.com\/?page_id=5795"},"modified":"2024-09-28T13:19:45","modified_gmt":"2024-09-28T11:19:45","slug":"salle-de-tv","status":"publish","type":"page","link":"https:\/\/marcottestyle.com\/fr\/espaces\/salle-de-tv\/","title":{"rendered":"Salle de t\u00e9l\u00e9vision"},"content":{"rendered":"<h3>D\u00e9coration d&#8217;une salle de t\u00e9l\u00e9vision<\/h3>\n<p>  La salle de t\u00e9l\u00e9vision est un endroit de la maison o\u00f9 vous pouvez profiter de votre programme t\u00e9l\u00e9vis\u00e9 pr\u00e9f\u00e9r\u00e9 ou vous retrouver en famille pour regarder un film.<br \/>\nIl est donc important que l&#8217;am\u00e9nagement de la salle de t\u00e9l\u00e9vision soit confortable, mais aussi qu&#8217;il s&#8217;harmonise avec le reste de l&#8217;int\u00e9rieur.<br \/>\nL&#8217;architecte d&#8217;int\u00e9rieur de Marcotte Style veillera toujours \u00e0 ce que le confort et le style aillent de pair.<br \/>\nUn t\u00e9l\u00e9viseur en soi n&#8217;est pas un bel objet d\u00e9coratif, mais en le camouflant dans un meuble, on peut donner une toute autre dimension au meuble et au t\u00e9l\u00e9viseur.<br \/>\nVous pouvez donc \u00e9galement confier l&#8217;am\u00e9nagement de votre int\u00e9rieur \u00e0 l&#8217;architecte d&#8217;int\u00e9rieur de Marcotte Style. [seo-gallery type=&#8221;3-columns&#8221; taxonomy=&#8221;142&#8243; num=&#8221;4,11&#8243;]<\/p>\n<blockquote><p>L&#8217;architecte d&#8217;int\u00e9rieur veillera \u00e0 ce que votre salle de t\u00e9l\u00e9vision s&#8217;inscrive dans le style cottage, le style campagnard, le style moderne ou le style contemporain.<\/p><\/blockquote>\n<p> Contactez-nous sans engagement ou <a href=\"http:\/\/marcottestyle.com\/portfolio\/\">consultez notre portfolio<\/a>.    <\/p>\n","protected":false},"excerpt":{"rendered":"<p>D\u00e9coration d&#8217;une salle de t\u00e9l\u00e9vision La salle de t\u00e9l\u00e9vision est un endroit de la maison o\u00f9 vous pouvez profiter de votre programme t\u00e9l\u00e9vis\u00e9 pr\u00e9f\u00e9r\u00e9 ou&#8230;<\/p>\n","protected":false},"author":2,"featured_media":0,"parent":5772,"menu_order":5,"comment_status":"closed","ping_status":"closed","template":"elementor_header_footer","meta":{"ngg_post_thumbnail":0,"footnotes":""},"class_list":["post-5795","page","type-page","status-publish","hentry"],"_links":{"self":[{"href":"https:\/\/marcottestyle.com\/fr\/wp-json\/wp\/v2\/pages\/5795","targetHints":{"allow":["GET"]}}],"collection":[{"href":"https:\/\/marcottestyle.com\/fr\/wp-json\/wp\/v2\/pages"}],"about":[{"href":"https:\/\/marcottestyle.com\/fr\/wp-json\/wp\/v2\/types\/page"}],"author":[{"embeddable":true,"href":"https:\/\/marcottestyle.com\/fr\/wp-json\/wp\/v2\/users\/2"}],"replies":[{"embeddable":true,"href":"https:\/\/marcottestyle.com\/fr\/wp-json\/wp\/v2\/comments?post=5795"}],"version-history":[{"count":3,"href":"https:\/\/marcottestyle.com\/fr\/wp-json\/wp\/v2\/pages\/5795\/revisions"}],"predecessor-version":[{"id":39310,"href":"https:\/\/marcottestyle.com\/fr\/wp-json\/wp\/v2\/pages\/5795\/revisions\/39310"}],"up":[{"embeddable":true,"href":"https:\/\/marcottestyle.com\/fr\/wp-json\/wp\/v2\/pages\/5772"}],"wp:attachment":[{"href":"https:\/\/marcottestyle.com\/fr\/wp-json\/wp\/v2\/media?parent=5795"}],"curies":[{"name":"wp","href":"https:\/\/api.w.org\/{rel}","templated":true}]}}