{"id":5797,"date":"2018-02-13T12:14:03","date_gmt":"2018-02-13T11:14:03","guid":{"rendered":"http:\/\/marcottestyle.com\/?page_id=5797"},"modified":"2024-09-28T13:20:05","modified_gmt":"2024-09-28T11:20:05","slug":"orangerie","status":"publish","type":"page","link":"https:\/\/marcottestyle.com\/fr\/espaces\/orangerie\/","title":{"rendered":"Orangerie"},"content":{"rendered":"<p>L&#8217;orangerie est un endroit douillet o\u00f9 l&#8217;on peut se retirer et se retrouver dans un autre monde.<br \/>\nQu&#8217;il s&#8217;agisse d&#8217;un int\u00e9rieur rural, cottage, moderne ou design, l&#8217;architecte d&#8217;int\u00e9rieur de Marcotte Style veille toujours \u00e0 un design o\u00f9 tout s&#8217;accorde et o\u00f9 l&#8217;on peut se d\u00e9tendre compl\u00e8tement.<br \/>\nL&#8217;orangerie est souvent une extension de la maison, mais sa conception doit \u00eatre telle qu&#8217;elle fasse partie de l&#8217;ensemble de la d\u00e9coration int\u00e9rieure.    <\/p>\n<h3>Notre offre :<\/h3>\n<p>  Marcotte Style dispose de son propre mobilier dans diff\u00e9rents coloris et mat\u00e9riaux, de sorte que l&#8217;am\u00e9nagement de l&#8217;orangerie peut toujours \u00eatre parfaitement coordonn\u00e9 avec le style du reste de l&#8217;int\u00e9rieur.<br \/>\nC&#8217;est donc un endroit o\u00f9 vous pouvez r\u00eaver en toute tranquillit\u00e9.   [seo-gallery type=&#8221;3-columns&#8221; taxonomy=&#8221;141&#8243; num=&#8221;4,11&#8243;]<\/p>\n<blockquote><p>Dans l&#8217;am\u00e9nagement int\u00e9rieur de l&#8217;Orangerie, tous les \u00e9l\u00e9ments s&#8217;harmonisent pour que vous puissiez vous d\u00e9tendre compl\u00e8tement.<br \/>\nComptez sur Marcotte Style ! <\/p><\/blockquote>\n<p>  N&#8217;h\u00e9sitez pas \u00e0 <a href=\"http:\/\/marcottestyle.com\/contact\/\">nous<\/a> contacter ou \u00e0 <a href=\"http:\/\/marcottestyle.com\/portfolio\/\">consulter nos r\u00e9alisations.<\/a><\/p>\n","protected":false},"excerpt":{"rendered":"<p>L&#8217;orangerie est un endroit douillet o\u00f9 l&#8217;on peut se retirer et se retrouver dans un autre monde. Qu&#8217;il s&#8217;agisse d&#8217;un int\u00e9rieur rural, cottage, moderne ou&#8230;<\/p>\n","protected":false},"author":2,"featured_media":0,"parent":5772,"menu_order":4,"comment_status":"closed","ping_status":"closed","template":"elementor_header_footer","meta":{"ngg_post_thumbnail":0,"footnotes":""},"class_list":["post-5797","page","type-page","status-publish","hentry"],"_links":{"self":[{"href":"https:\/\/marcottestyle.com\/fr\/wp-json\/wp\/v2\/pages\/5797","targetHints":{"allow":["GET"]}}],"collection":[{"href":"https:\/\/marcottestyle.com\/fr\/wp-json\/wp\/v2\/pages"}],"about":[{"href":"https:\/\/marcottestyle.com\/fr\/wp-json\/wp\/v2\/types\/page"}],"author":[{"embeddable":true,"href":"https:\/\/marcottestyle.com\/fr\/wp-json\/wp\/v2\/users\/2"}],"replies":[{"embeddable":true,"href":"https:\/\/marcottestyle.com\/fr\/wp-json\/wp\/v2\/comments?post=5797"}],"version-history":[{"count":4,"href":"https:\/\/marcottestyle.com\/fr\/wp-json\/wp\/v2\/pages\/5797\/revisions"}],"predecessor-version":[{"id":39321,"href":"https:\/\/marcottestyle.com\/fr\/wp-json\/wp\/v2\/pages\/5797\/revisions\/39321"}],"up":[{"embeddable":true,"href":"https:\/\/marcottestyle.com\/fr\/wp-json\/wp\/v2\/pages\/5772"}],"wp:attachment":[{"href":"https:\/\/marcottestyle.com\/fr\/wp-json\/wp\/v2\/media?parent=5797"}],"curies":[{"name":"wp","href":"https:\/\/api.w.org\/{rel}","templated":true}]}}