{"id":5800,"date":"2018-02-13T12:12:25","date_gmt":"2018-02-13T11:12:25","guid":{"rendered":"http:\/\/marcottestyle.com\/?page_id=5800"},"modified":"2024-09-28T13:20:09","modified_gmt":"2024-09-28T11:20:09","slug":"bureau","status":"publish","type":"page","link":"https:\/\/marcottestyle.com\/fr\/espaces\/bureau\/","title":{"rendered":"Bureau"},"content":{"rendered":"<h3>Conception de bureaux<\/h3>\n<p>  Un bureau fait-il \u00e9galement partie de l&#8217;am\u00e9nagement de votre maison ?<br \/>\nMarcotte Style le r\u00e9alise pour vous.<br \/>\nDans une maison nouvellement construite, un petit bureau accueillant est souvent souhait\u00e9.<br \/>\nDans une maison rurale, nous cr\u00e9ons une atmosph\u00e8re agr\u00e9able pour le bureau avec des bureaux en ch\u00eane massif.<br \/>\nDans un style moderne, nous concevons plut\u00f4t un bureau sur mesure avec des meubles de bureau design.<br \/>\nVous pouvez imaginer un design de bureau compos\u00e9 de verre, de verre pulv\u00e9ris\u00e9, de PVC avec des fibres synth\u00e9tiques ou d&#8217;un MDF massif laqu\u00e9 \u00e0 haute brillance.       <\/p>\n<h3>Am\u00e9nagez votre bureau dans le m\u00eame style<\/h3>\n<p>  Pour l&#8217;am\u00e9nagement d&#8217;un bureau dans un salon moderne, vous pouvez penser \u00e0 un bureau int\u00e9gr\u00e9 dans le salon.<br \/>\nBien entendu, ce bureau doit s&#8217;aligner sur le style que l&#8217;architecte d&#8217;int\u00e9rieur a d\u00e9fini avec vous pour l&#8217;ensemble de la maison.<br \/>\nL&#8217;architecte d&#8217;int\u00e9rieur concevra le bureau de mani\u00e8re \u00e0 ce que vous n&#8217;ayez pas l&#8217;impression de travailler dans un bureau normal.<br \/>\nLa convivialit\u00e9 de la maison occupera le devant de la sc\u00e8ne et se refl\u00e9tera dans l&#8217;am\u00e9nagement int\u00e9rieur.<br \/>\nContactez-nous sans engagement Am\u00e9nagement de bureau pour le march\u00e9 des entreprises Marcotte Style propose \u00e9galement l&#8217;am\u00e9nagement de bureaux complets.<br \/>\nDans cette conception, la fonctionnalit\u00e9 de l&#8217;espace et du mobilier est au premier plan.<br \/>\nComme Marcotte Style fabrique ses propres meubles, il est possible d&#8217;am\u00e9nager un bureau complet selon votre propre style.<br \/>\nVous pouvez par exemple opter pour un am\u00e9nagement de bureau aust\u00e8re ou un am\u00e9nagement de bureau plus moderne.         [seo-gallery type=&#8221;3-columns&#8221; taxonomy=&#8221;140&#8243; num=&#8221;4,11&#8243;]<\/p>\n<blockquote><p>Vous \u00eates \u00e0 la recherche d&#8217;un nouveau mobilier de bureau design ou vous souhaitez un am\u00e9nagement complet de votre bureau ?<br \/>\nMarcotte Style le r\u00e9alise pour vous. <\/p><\/blockquote>\n<p> <a href=\"http:\/\/marcottestyle.com\/contact\/\">Contactez-nous<\/a> sans engagement ou <a href=\"http:\/\/marcottestyle.com\/portfolio\/\">consultez nos r\u00e9f\u00e9rences<\/a>.  &nbsp;<\/p>\n","protected":false},"excerpt":{"rendered":"<p>Conception de bureaux Un bureau fait-il \u00e9galement partie de l&#8217;am\u00e9nagement de votre maison ? Marcotte Style le r\u00e9alise pour vous. Dans une maison nouvellement construite,&#8230;<\/p>\n","protected":false},"author":2,"featured_media":0,"parent":5772,"menu_order":3,"comment_status":"closed","ping_status":"closed","template":"elementor_header_footer","meta":{"ngg_post_thumbnail":0,"footnotes":""},"class_list":["post-5800","page","type-page","status-publish","hentry"],"_links":{"self":[{"href":"https:\/\/marcottestyle.com\/fr\/wp-json\/wp\/v2\/pages\/5800","targetHints":{"allow":["GET"]}}],"collection":[{"href":"https:\/\/marcottestyle.com\/fr\/wp-json\/wp\/v2\/pages"}],"about":[{"href":"https:\/\/marcottestyle.com\/fr\/wp-json\/wp\/v2\/types\/page"}],"author":[{"embeddable":true,"href":"https:\/\/marcottestyle.com\/fr\/wp-json\/wp\/v2\/users\/2"}],"replies":[{"embeddable":true,"href":"https:\/\/marcottestyle.com\/fr\/wp-json\/wp\/v2\/comments?post=5800"}],"version-history":[{"count":3,"href":"https:\/\/marcottestyle.com\/fr\/wp-json\/wp\/v2\/pages\/5800\/revisions"}],"predecessor-version":[{"id":39327,"href":"https:\/\/marcottestyle.com\/fr\/wp-json\/wp\/v2\/pages\/5800\/revisions\/39327"}],"up":[{"embeddable":true,"href":"https:\/\/marcottestyle.com\/fr\/wp-json\/wp\/v2\/pages\/5772"}],"wp:attachment":[{"href":"https:\/\/marcottestyle.com\/fr\/wp-json\/wp\/v2\/media?parent=5800"}],"curies":[{"name":"wp","href":"https:\/\/api.w.org\/{rel}","templated":true}]}}