{"id":5803,"date":"2018-02-13T12:10:41","date_gmt":"2018-02-13T11:10:41","guid":{"rendered":"http:\/\/marcottestyle.com\/?page_id=5803"},"modified":"2024-09-28T13:20:07","modified_gmt":"2024-09-28T11:20:07","slug":"dressing","status":"publish","type":"page","link":"https:\/\/marcottestyle.com\/fr\/espaces\/dressing\/","title":{"rendered":"Habillage"},"content":{"rendered":"<h3>Ameublement<\/h3>\n<p>  Marcotte Style est un sp\u00e9cialiste de la conception et de l&#8217;installation de rev\u00eatements parfaits.<br \/>\nLors de la conception, l&#8217;architecte d&#8217;int\u00e9rieur examine l&#8217;espace et discute des besoins avec le client.<br \/>\nL&#8217;architecte d&#8217;int\u00e9rieur \u00e9tablit ensuite le plan CAO final en collaboration avec l&#8217;usine situ\u00e9e dans le nord de la France.<br \/>\nLes dressings sont ensuite fabriqu\u00e9s sur mesure directement dans l&#8217;atelier.<br \/>\nEt gr\u00e2ce \u00e0 des machines de sciage et de fraisage de haute technologie, un dressing sur mesure peut \u00eatre con\u00e7u pour le prix d&#8217;une armoire standard.      <\/p>\n<h3>Meubler selon votre budget<\/h3>\n<p>  Marcotte Style peut concevoir des dressings tant pour les grands que pour les petits espaces, mais veille toujours \u00e0 ce que l&#8217;espace soit utilis\u00e9 de mani\u00e8re optimale.<br \/>\nVous pouvez personnaliser l&#8217;am\u00e9nagement selon vos pr\u00e9f\u00e9rences : tiroirs multiples, surfaces laqu\u00e9es, \u00e9tag\u00e8res suppl\u00e9mentaires, tringles, porte-cravates, porte-pantalons et porte-jupes sp\u00e9cifiques, \u00e9tag\u00e8res coulissantes, porte-chaussures, miroirs coulissants, etc.<br \/>\nBien entendu, l&#8217;architecte d&#8217;int\u00e9rieur vous aidera dans cette t\u00e2che.<br \/>\nContactez-nous sans engagement Faites concevoir votre dressing haut de gamme Pour un am\u00e9nagement total de votre int\u00e9rieur, Marcotte Style peut \u00e9galement vous proposer une version haut de gamme et luxueuse.<br \/>\nL\u00e0, nous personnalisons vraiment tout avec des tablettes joliment arrondies.<br \/>\nNotre laque pour meubles \u00e0 deux composants conf\u00e8re non seulement un aspect chic \u00e0 votre dressing, mais en assure \u00e9galement la durabilit\u00e9.<br \/>\nDans notre showroom, nous vous pr\u00e9sentons non seulement un dressing de 40 m\u00e8tres courants dans cette version de luxe, mais aussi du sur-mesure selon le premier principe.        \n\t\t<style type=\"text\/css\">\n\t\t\t#gallery-1 {\n\t\t\t\tmargin: auto;\n\t\t\t}\n\t\t\t#gallery-1 .gallery-item {\n\t\t\t\tfloat: left;\n\t\t\t\tmargin-top: 10px;\n\t\t\t\ttext-align: center;\n\t\t\t\twidth: 33%;\n\t\t\t}\n\t\t\t#gallery-1 img {\n\t\t\t\tborder: 2px solid #cfcfcf;\n\t\t\t}\n\t\t\t#gallery-1 .gallery-caption {\n\t\t\t\tmargin-left: 0;\n\t\t\t}\n\t\t\t\/* see gallery_shortcode() in wp-includes\/media.php *\/\n\t\t<\/style>\n\t\t<div id='gallery-1' class='gallery galleryid-5803 gallery-columns-3 gallery-size-thumbnail'><dl class='gallery-item'>\n\t\t\t<dt class='gallery-icon landscape'>\n\t\t\t\t<a href='https:\/\/marcottestyle.com\/fr\/dressing-sur-mesure\/marcottestyle-dressing-2-2\/'><img decoding=\"async\" width=\"150\" height=\"150\" src=\"https:\/\/marcottestyle.com\/wp-content\/uploads\/xstore\/xstore-placeholder-1x1.png\" class=\"attachment-thumbnail size-thumbnail lazyload lazyload-simple et-lazyload-fadeIn\" alt=\"\" data-src=\"https:\/\/marcottestyle.com\/wp-content\/uploads\/2023\/11\/Marcottestyle-dressing-2-150x150.jpg\" title=\"\"><\/a>\n\t\t\t<\/dt><\/dl><dl class='gallery-item'>\n\t\t\t<dt class='gallery-icon landscape'>\n\t\t\t\t<a href='https:\/\/marcottestyle.com\/fr\/dressing-sur-mesure\/marcottestyle-dressing-b-5-2\/'><img decoding=\"async\" width=\"150\" height=\"150\" src=\"https:\/\/marcottestyle.com\/wp-content\/uploads\/xstore\/xstore-placeholder-1x1.png\" class=\"attachment-thumbnail size-thumbnail lazyload lazyload-simple et-lazyload-fadeIn\" alt=\"\" data-src=\"https:\/\/marcottestyle.com\/wp-content\/uploads\/2023\/11\/Marcottestyle-dressing-b-5-150x150.jpg\" title=\"\"><\/a>\n\t\t\t<\/dt><\/dl><dl class='gallery-item'>\n\t\t\t<dt class='gallery-icon portrait'>\n\t\t\t\t<a href='https:\/\/marcottestyle.com\/fr\/dressing-sur-mesure\/marcottestyle-dressing-13-2\/'><img decoding=\"async\" width=\"150\" height=\"150\" src=\"https:\/\/marcottestyle.com\/wp-content\/uploads\/xstore\/xstore-placeholder-1x1.png\" class=\"attachment-thumbnail size-thumbnail lazyload lazyload-simple et-lazyload-fadeIn\" alt=\"\" data-src=\"https:\/\/marcottestyle.com\/wp-content\/uploads\/2023\/11\/Marcottestyle-dressing-13-150x150.jpg\" title=\"\"><\/a>\n\t\t\t<\/dt><\/dl><br style=\"clear: both\" \/><dl class='gallery-item'>\n\t\t\t<dt class='gallery-icon portrait'>\n\t\t\t\t<a href='https:\/\/marcottestyle.com\/fr\/dressing-sur-mesure\/marcottestyle-dressing-15-2\/'><img loading=\"lazy\" decoding=\"async\" width=\"150\" height=\"150\" src=\"https:\/\/marcottestyle.com\/wp-content\/uploads\/xstore\/xstore-placeholder-1x1.png\" class=\"attachment-thumbnail size-thumbnail lazyload lazyload-simple et-lazyload-fadeIn\" alt=\"\" data-src=\"https:\/\/marcottestyle.com\/wp-content\/uploads\/2023\/11\/Marcottestyle-dressing-15-150x150.jpg\" title=\"\"><\/a>\n\t\t\t<\/dt><\/dl><dl class='gallery-item'>\n\t\t\t<dt class='gallery-icon landscape'>\n\t\t\t\t<a href='https:\/\/marcottestyle.com\/fr\/dressing-sur-mesure\/marcottestyle-dressing-10-2\/'><img loading=\"lazy\" decoding=\"async\" width=\"150\" height=\"150\" src=\"https:\/\/marcottestyle.com\/wp-content\/uploads\/xstore\/xstore-placeholder-1x1.png\" class=\"attachment-thumbnail size-thumbnail lazyload lazyload-simple et-lazyload-fadeIn\" alt=\"\" data-src=\"https:\/\/marcottestyle.com\/wp-content\/uploads\/2023\/11\/Marcottestyle-dressing-10-150x150.jpg\" title=\"\"><\/a>\n\t\t\t<\/dt><\/dl><dl class='gallery-item'>\n\t\t\t<dt class='gallery-icon landscape'>\n\t\t\t\t<a href='https:\/\/marcottestyle.com\/fr\/dressing-sur-mesure\/marcottestyle-voor-en-na-kapellen-1-2\/'><img loading=\"lazy\" decoding=\"async\" width=\"150\" height=\"150\" src=\"https:\/\/marcottestyle.com\/wp-content\/uploads\/xstore\/xstore-placeholder-1x1.png\" class=\"attachment-thumbnail size-thumbnail lazyload lazyload-simple et-lazyload-fadeIn\" alt=\"\" data-src=\"https:\/\/marcottestyle.com\/wp-content\/uploads\/2023\/11\/Marcottestyle-voor-en-na-kapellen-1-150x150.jpg\" title=\"\"><\/a>\n\t\t\t<\/dt><\/dl><br style=\"clear: both\" \/><dl class='gallery-item'>\n\t\t\t<dt class='gallery-icon landscape'>\n\t\t\t\t<a href='https:\/\/marcottestyle.com\/fr\/dressing-sur-mesure\/marcottestyle-voor-en-na-kapellen-3-2\/'><img loading=\"lazy\" decoding=\"async\" width=\"150\" height=\"150\" src=\"https:\/\/marcottestyle.com\/wp-content\/uploads\/xstore\/xstore-placeholder-1x1.png\" class=\"attachment-thumbnail size-thumbnail lazyload lazyload-simple et-lazyload-fadeIn\" alt=\"\" data-src=\"https:\/\/marcottestyle.com\/wp-content\/uploads\/2023\/11\/Marcottestyle-voor-en-na-kapellen-3-150x150.jpg\" title=\"\"><\/a>\n\t\t\t<\/dt><\/dl>\n\t\t\t<br style='clear: both' \/>\n\t\t<\/div>\n  Vous pouvez toujours venir voir la finition de cet habillage dans l&#8217;un de nos showrooms sur rendez-vous.  &nbsp;<\/p>\n<p>&nbsp;<\/p>\n<p>[seo-gallery type=&#8221;3-columns&#8221; taxonomy=&#8221;139&#8243; num=&#8221;4,11&#8243;]<\/p>\n<blockquote><p>Besoin d&#8217;un nouveau dressing ?<br \/>\nMarcotte Style est un sp\u00e9cialiste du design et peut \u00e9galement am\u00e9nager votre environnement pour les petites surfaces. <\/p><\/blockquote>\n<p> <a href=\"http:\/\/marcottestyle.com\/contact\/\">Contactez-nous<\/a> sans engagement ou <a href=\"http:\/\/marcottestyle.com\/portfolio\/\">consultez nos r\u00e9f\u00e9rences<\/a>.  [seo-gallery type=&#8221;4-columns&#8221; taxonomy=&#8221;139&#8243; num=&#8221;4,11&#8243;]<\/p>\n","protected":false},"excerpt":{"rendered":"<p>Ameublement Marcotte Style est un sp\u00e9cialiste de la conception et de l&#8217;installation de rev\u00eatements parfaits. Lors de la conception, l&#8217;architecte d&#8217;int\u00e9rieur examine l&#8217;espace et discute&#8230;<\/p>\n","protected":false},"author":2,"featured_media":12300,"parent":5772,"menu_order":2,"comment_status":"closed","ping_status":"closed","template":"elementor_header_footer","meta":{"ngg_post_thumbnail":0,"footnotes":""},"class_list":["post-5803","page","type-page","status-publish","has-post-thumbnail","hentry"],"_links":{"self":[{"href":"https:\/\/marcottestyle.com\/fr\/wp-json\/wp\/v2\/pages\/5803","targetHints":{"allow":["GET"]}}],"collection":[{"href":"https:\/\/marcottestyle.com\/fr\/wp-json\/wp\/v2\/pages"}],"about":[{"href":"https:\/\/marcottestyle.com\/fr\/wp-json\/wp\/v2\/types\/page"}],"author":[{"embeddable":true,"href":"https:\/\/marcottestyle.com\/fr\/wp-json\/wp\/v2\/users\/2"}],"replies":[{"embeddable":true,"href":"https:\/\/marcottestyle.com\/fr\/wp-json\/wp\/v2\/comments?post=5803"}],"version-history":[{"count":9,"href":"https:\/\/marcottestyle.com\/fr\/wp-json\/wp\/v2\/pages\/5803\/revisions"}],"predecessor-version":[{"id":39324,"href":"https:\/\/marcottestyle.com\/fr\/wp-json\/wp\/v2\/pages\/5803\/revisions\/39324"}],"up":[{"embeddable":true,"href":"https:\/\/marcottestyle.com\/fr\/wp-json\/wp\/v2\/pages\/5772"}],"wp:featuredmedia":[{"embeddable":true,"href":"https:\/\/marcottestyle.com\/fr\/wp-json\/wp\/v2\/media\/12300"}],"wp:attachment":[{"href":"https:\/\/marcottestyle.com\/fr\/wp-json\/wp\/v2\/media?parent=5803"}],"curies":[{"name":"wp","href":"https:\/\/api.w.org\/{rel}","templated":true}]}}