{"id":5806,"date":"2018-02-13T12:08:38","date_gmt":"2018-02-13T11:08:38","guid":{"rendered":"http:\/\/marcottestyle.com\/?page_id=5806"},"modified":"2024-09-28T13:20:12","modified_gmt":"2024-09-28T11:20:12","slug":"meubles-de-jardin-outdoor","status":"publish","type":"page","link":"https:\/\/marcottestyle.com\/fr\/espaces\/meubles-de-jardin-outdoor\/","title":{"rendered":"Terrasse"},"content":{"rendered":"<h3>D\u00e9coration de la terrasse<\/h3>\n<p>  La d\u00e9coration d&#8217;une terrasse est parfois oubli\u00e9e dans le climat rigoureux du Nord.<br \/>\nChez Marcotte Style, nous consid\u00e9rons la terrasse comme une extension de la maison o\u00f9 l&#8217;ameublement doit \u00e9galement \u00eatre appropri\u00e9.<br \/>\nAinsi, l&#8217;am\u00e9nagement de la terrasse tient compte de vos souhaits et de l&#8217;environnement afin de cr\u00e9er un design de terrasse plein de caract\u00e8re et harmonieux.<br \/>\nMarcotte Style est le principal distributeur de la c\u00e9l\u00e8bre marque de luxe VONDOM.<br \/>\nCe mobilier de jardin est g\u00e9n\u00e9ralement plac\u00e9 dans les h\u00f4tels cinq \u00e9toiles avec toit-terrasse ou grande terrasse de luxe.<br \/>\nLes coussins peuvent \u00e9galement \u00eatre rendus r\u00e9sistants aux UV et \u00e0 l&#8217;eau selon votre choix.<br \/>\nDe nombreuses couleurs sont \u00e9galement disponibles, tant pour les coussins que pour les mat\u00e9riaux.<br \/>\nMarcotte Style est toujours \u00e0 la recherche de nouvelles formes et de nouveaux mat\u00e9riaux afin de cr\u00e9er des pi\u00e8ces uniques.<br \/>\nGr\u00e2ce aux diff\u00e9rentes combinaisons de mat\u00e9riaux et de couleurs, chaque mobilier de terrasse Marcotte Style est unique.<br \/>\nJetez \u00e9galement un coup d&#8217;\u0153il \u00e0 notre terrasse de toit exclusive de Marcotte Style <a href=\"http:\/\/marcottestyle.com\/dak-terrassen\/\" target=\"_blank\" rel=\"noopener\">en cliquant sur ce lien<\/a>. [seo-gallery type=&#8221;3-columns&#8221; taxonomy=&#8221;138&#8243; num=&#8221;4,11&#8243;]<\/p>\n<blockquote><p>Les articles d&#8217;ext\u00e9rieur de la collection Marcotte ont toujours un design distinct, ce qui les rend uniques.<\/p><\/blockquote>\n<p> N&#8217;h\u00e9sitez pas \u00e0 <a href=\"http:\/\/marcottestyle.com\/contact\/\">nous<\/a> contacter ou \u00e0 <a href=\"http:\/\/marcottestyle.com\/portfolio\/\">consulter notre portfolio<\/a>.         <\/p>\n","protected":false},"excerpt":{"rendered":"<p>D\u00e9coration de la terrasse La d\u00e9coration d&#8217;une terrasse est parfois oubli\u00e9e dans le climat rigoureux du Nord. Chez Marcotte Style, nous consid\u00e9rons la terrasse comme&#8230;<\/p>\n","protected":false},"author":2,"featured_media":0,"parent":5772,"menu_order":1,"comment_status":"closed","ping_status":"closed","template":"elementor_header_footer","meta":{"ngg_post_thumbnail":0,"footnotes":""},"class_list":["post-5806","page","type-page","status-publish","hentry"],"_links":{"self":[{"href":"https:\/\/marcottestyle.com\/fr\/wp-json\/wp\/v2\/pages\/5806","targetHints":{"allow":["GET"]}}],"collection":[{"href":"https:\/\/marcottestyle.com\/fr\/wp-json\/wp\/v2\/pages"}],"about":[{"href":"https:\/\/marcottestyle.com\/fr\/wp-json\/wp\/v2\/types\/page"}],"author":[{"embeddable":true,"href":"https:\/\/marcottestyle.com\/fr\/wp-json\/wp\/v2\/users\/2"}],"replies":[{"embeddable":true,"href":"https:\/\/marcottestyle.com\/fr\/wp-json\/wp\/v2\/comments?post=5806"}],"version-history":[{"count":3,"href":"https:\/\/marcottestyle.com\/fr\/wp-json\/wp\/v2\/pages\/5806\/revisions"}],"predecessor-version":[{"id":39330,"href":"https:\/\/marcottestyle.com\/fr\/wp-json\/wp\/v2\/pages\/5806\/revisions\/39330"}],"up":[{"embeddable":true,"href":"https:\/\/marcottestyle.com\/fr\/wp-json\/wp\/v2\/pages\/5772"}],"wp:attachment":[{"href":"https:\/\/marcottestyle.com\/fr\/wp-json\/wp\/v2\/media?parent=5806"}],"curies":[{"name":"wp","href":"https:\/\/api.w.org\/{rel}","templated":true}]}}