{"id":5817,"date":"2026-01-01T09:28:22","date_gmt":"2026-01-01T08:28:22","guid":{"rendered":"http:\/\/marcottestyle.com\/?page_id=5817"},"modified":"2025-02-12T21:28:14","modified_gmt":"2025-02-12T20:28:14","slug":"style-cocoon","status":"publish","type":"page","link":"https:\/\/marcottestyle.com\/fr\/style-cocoon\/","title":{"rendered":"Cocoon Interiors"},"content":{"rendered":"\t\t<div data-elementor-type=\"wp-page\" data-elementor-id=\"5817\" class=\"elementor elementor-5817 elementor-5354\" data-elementor-settings=\"{&quot;ha_cmc_init_switcher&quot;:&quot;no&quot;}\" data-elementor-post-type=\"page\">\n\t\t\t\t<div class=\"elementor-element elementor-element-42a097f e-flex e-con-boxed e-con e-parent\" data-id=\"42a097f\" data-element_type=\"container\" data-e-type=\"container\" data-settings=\"{&quot;_ha_eqh_enable&quot;:false}\">\n\t\t\t\t\t<div class=\"e-con-inner\">\n\t\t\t\t<div class=\"elementor-element elementor-element-1e3ff96 elementor-widget elementor-widget-spacer\" data-id=\"1e3ff96\" data-element_type=\"widget\" data-e-type=\"widget\" data-widget_type=\"spacer.default\">\n\t\t\t\t<div class=\"elementor-widget-container\">\n\t\t\t\t\t\t\t<div class=\"elementor-spacer\">\n\t\t\t<div class=\"elementor-spacer-inner\"><\/div>\n\t\t<\/div>\n\t\t\t\t\t\t<\/div>\n\t\t\t\t<\/div>\n\t\t\t\t\t<\/div>\n\t\t\t\t<\/div>\n\t\t<div class=\"elementor-element elementor-element-b236178 e-flex e-con-boxed e-con e-parent\" data-id=\"b236178\" data-element_type=\"container\" data-e-type=\"container\" data-settings=\"{&quot;_ha_eqh_enable&quot;:false}\">\n\t\t\t\t\t<div class=\"e-con-inner\">\n\t\t\t\t<div class=\"elementor-element elementor-element-a6627f9 elementor-align-left elementor-widget elementor-widget-etheme_advanced_headline\" data-id=\"a6627f9\" data-element_type=\"widget\" data-e-type=\"widget\" data-widget_type=\"etheme_advanced_headline.default\">\n\t\t\t\t<div class=\"elementor-widget-container\">\n\t\t\t\t\t        \n        <div class=\"etheme-a-h-wrapper\">\n        \n            \n\t\t\t\n        <h2 class=\"etheme-advanced-headline etheme-advanced-headline-mask\">\n\n            INT\u00c9RIEUR COCON\n        <\/h2>\n\t\t\n                    \n        <\/div>\n        \n\t\t\t\t\t\t<\/div>\n\t\t\t\t<\/div>\n\t\t\t\t\t<\/div>\n\t\t\t\t<\/div>\n\t\t<div class=\"elementor-element elementor-element-fd190f2 e-flex e-con-boxed e-con e-parent\" data-id=\"fd190f2\" data-element_type=\"container\" data-e-type=\"container\" data-settings=\"{&quot;_ha_eqh_enable&quot;:false}\">\n\t\t\t\t\t<div class=\"e-con-inner\">\n\t\t\t\t<div class=\"elementor-element elementor-element-59c55ed elementor-widget elementor-widget-text-editor\" data-id=\"59c55ed\" data-element_type=\"widget\" data-e-type=\"widget\" data-widget_type=\"text-editor.default\">\n\t\t\t\t<div class=\"elementor-widget-container\">\n\t\t\t\t\t\t\t\t\t<p>Le style campagnard met l&#8217;accent sur la s\u00e9curit\u00e9 douillette d&#8217;un int\u00e9rieur campagnard. Vous y trouverez le style cottage, mais sans qu&#8217;il prenne le dessus. Un bon architecte d&#8217;int\u00e9rieur peut transformer une maison ou une villa en style campagnard sans trop d&#8217;intervention. Cela n\u00e9cessite une bonne conception. De nouveaux rideaux, tapis, meubles et peintures font d\u00e9j\u00e0 des merveilles. Bien entendu, l&#8217;architecte d&#8217;int\u00e9rieur veillera \u00e0 ce que tout soit choisi en harmonie. Il \u00e9laborera ses plans de mani\u00e8re \u00e0 ce que l&#8217;ambiance chaleureuse d&#8217;un int\u00e9rieur campagnard soit toujours pr\u00e9sente.      <\/p>\n\t\t\t\t\t\t\t\t<\/div>\n\t\t\t\t<\/div>\n\t\t\t\t\t<\/div>\n\t\t\t\t<\/div>\n\t\t<div class=\"elementor-element elementor-element-3eda36e e-flex e-con-boxed e-con e-parent\" data-id=\"3eda36e\" data-element_type=\"container\" data-e-type=\"container\" data-settings=\"{&quot;_ha_eqh_enable&quot;:false}\">\n\t\t\t\t\t<div class=\"e-con-inner\">\n\t\t\t\t<div class=\"elementor-element elementor-element-56d278f elementor-align-left elementor-widget elementor-widget-etheme_advanced_headline\" data-id=\"56d278f\" data-element_type=\"widget\" data-e-type=\"widget\" data-widget_type=\"etheme_advanced_headline.default\">\n\t\t\t\t<div class=\"elementor-widget-container\">\n\t\t\t\t\t        \n        <div class=\"etheme-a-h-wrapper\">\n        \n            \n\t\t\t\n        <h2 class=\"etheme-advanced-headline etheme-advanced-headline-mask\">\n\n            Vivre \u00e0 la campagne : l'int\u00e9rieur d'un cocon cr\u00e9e la s\u00e9curit\u00e9\n        <\/h2>\n\t\t\n                    \n        <\/div>\n        \n\t\t\t\t\t\t<\/div>\n\t\t\t\t<\/div>\n\t\t\t\t\t<\/div>\n\t\t\t\t<\/div>\n\t\t<div class=\"elementor-element elementor-element-9979541 e-flex e-con-boxed e-con e-parent\" data-id=\"9979541\" data-element_type=\"container\" data-e-type=\"container\" data-settings=\"{&quot;_ha_eqh_enable&quot;:false}\">\n\t\t\t\t\t<div class=\"e-con-inner\">\n\t\t\t\t<div class=\"elementor-element elementor-element-4b60ca2 elementor-widget elementor-widget-text-editor\" data-id=\"4b60ca2\" data-element_type=\"widget\" data-e-type=\"widget\" data-widget_type=\"text-editor.default\">\n\t\t\t\t<div class=\"elementor-widget-container\">\n\t\t\t\t\t\t\t\t\t<p>Dans un monde o\u00f9 l&#8217;on subit tant de stress et de d\u00e9sillusions, on devrait pouvoir rentrer chez soi, dans son propre cocon, dans une maison \u00e0 l&#8217;int\u00e9rieur rural o\u00f9 l&#8217;on peut \u00e0 nouveau ressentir l&#8217;harmonie. Une \u00e9chappatoire \u00e0 l&#8217;agitation, comme une tortue qui se sent en s\u00e9curit\u00e9 dans sa carapace. Cr\u00e9er une maison confortable et harmonieuse est un art que seul un architecte d&#8217;int\u00e9rieur peut r\u00e9aliser. Un style campagnard n&#8217;est vraiment un style que si l&#8217;on opte pour une conception globale. Dans ce cas, l&#8217;architecte d&#8217;int\u00e9rieur peut en faire un tout en conservant le style rural du cocon.    <\/p>\n\t\t\t\t\t\t\t\t<\/div>\n\t\t\t\t<\/div>\n\t\t\t\t\t<\/div>\n\t\t\t\t<\/div>\n\t\t<div class=\"elementor-element elementor-element-7f6b848 e-flex e-con-boxed e-con e-parent\" data-id=\"7f6b848\" data-element_type=\"container\" data-e-type=\"container\" data-settings=\"{&quot;_ha_eqh_enable&quot;:false}\">\n\t\t\t\t\t<div class=\"e-con-inner\">\n\t\t\t\t<div class=\"elementor-element elementor-element-0c65fb3 elementor-widget elementor-widget-shortcode\" data-id=\"0c65fb3\" data-element_type=\"widget\" data-e-type=\"widget\" data-widget_type=\"shortcode.default\">\n\t\t\t\t<div class=\"elementor-widget-container\">\n\t\t\t\t\t\t\t<div class=\"elementor-shortcode\">ngg_shortcode_0_placeholder<\/div>\n\t\t\t\t\t\t<\/div>\n\t\t\t\t<\/div>\n\t\t\t\t<div class=\"elementor-element elementor-element-51e7224 elementor-widget elementor-widget-spacer\" data-id=\"51e7224\" data-element_type=\"widget\" data-e-type=\"widget\" data-widget_type=\"spacer.default\">\n\t\t\t\t<div class=\"elementor-widget-container\">\n\t\t\t\t\t\t\t<div class=\"elementor-spacer\">\n\t\t\t<div class=\"elementor-spacer-inner\"><\/div>\n\t\t<\/div>\n\t\t\t\t\t\t<\/div>\n\t\t\t\t<\/div>\n\t\t\t\t\t<\/div>\n\t\t\t\t<\/div>\n\t\t<div class=\"elementor-element elementor-element-cfcfaa8 e-flex e-con-boxed e-con e-parent\" data-id=\"cfcfaa8\" data-element_type=\"container\" data-e-type=\"container\" data-settings=\"{&quot;_ha_eqh_enable&quot;:false}\">\n\t\t\t\t\t<div class=\"e-con-inner\">\n\t\t\t\t<div class=\"elementor-element elementor-element-c74aa39 elementor-widget elementor-widget-text-editor\" data-id=\"c74aa39\" data-element_type=\"widget\" data-e-type=\"widget\" data-widget_type=\"text-editor.default\">\n\t\t\t\t<div class=\"elementor-widget-container\">\n\t\t\t\t\t\t\t\t\t<p>Dans votre int\u00e9rieur cocon, vous pouvez \u00e9chapper au stress de la vie quotidienne. Nous cr\u00e9ons le sentiment d&#8217;\u00eatre chez soi que tout le monde m\u00e9rite. <\/p>\n\t\t\t\t\t\t\t\t<\/div>\n\t\t\t\t<\/div>\n\t\t\t\t\t<\/div>\n\t\t\t\t<\/div>\n\t\t<div class=\"elementor-element elementor-element-85c454a e-flex e-con-boxed e-con e-parent\" data-id=\"85c454a\" data-element_type=\"container\" data-e-type=\"container\" data-settings=\"{&quot;_ha_eqh_enable&quot;:false}\">\n\t\t\t\t\t<div class=\"e-con-inner\">\n\t\t\t\t<div class=\"elementor-element elementor-element-d484388 elementor-widget elementor-widget-text-editor\" data-id=\"d484388\" data-element_type=\"widget\" data-e-type=\"widget\" data-widget_type=\"text-editor.default\">\n\t\t\t\t<div class=\"elementor-widget-container\">\n\t\t\t\t\t\t\t\t\t<p><a href=\"https:\/\/marcottestyle.com\/contact\/\">Contactez-nous<\/a> sans engagement ou consultez nos <a href=\"https:\/\/marcottestyle.com\/portfolio\/\">r\u00e9alisations.<\/a><\/p>\n<p>Importance :<\/p>\n<p>cocon signifie en fait protection, enclos : dans un cocon int\u00e9rieur, vous vous sentez prot\u00e9g\u00e9 du monde ext\u00e9rieur, comme une chrysalide dans une larve : la forme transitoire entre une larve et un papillon adulte. Ainsi, le cocon d&#8217;une chrysalide de papillon ressemble \u00e0 une maison chaude et confortable, dot\u00e9e d&#8217;un enclos ou d&#8217;une protection. Le style est donc tr\u00e8s proche du style campagnard, cottage ou Long Island, o\u00f9 il est agr\u00e9able de se trouver dans un int\u00e9rieur chaud et douillet !  <\/p>\n\t\t\t\t\t\t\t\t<\/div>\n\t\t\t\t<\/div>\n\t\t\t\t\t<\/div>\n\t\t\t\t<\/div>\n\t\t\t\t<\/div>\n\t\t","protected":false},"excerpt":{"rendered":"<p>INT\u00c9RIEUR COCON Le style campagnard met l&#8217;accent sur la s\u00e9curit\u00e9 douillette d&#8217;un int\u00e9rieur campagnard. Vous y trouverez le style cottage, mais sans qu&#8217;il prenne le&#8230;<\/p>\n","protected":false},"author":2,"featured_media":0,"parent":0,"menu_order":6,"comment_status":"closed","ping_status":"closed","template":"elementor_header_footer","meta":{"ngg_post_thumbnail":0,"footnotes":""},"class_list":["post-5817","page","type-page","status-publish","hentry"],"_links":{"self":[{"href":"https:\/\/marcottestyle.com\/fr\/wp-json\/wp\/v2\/pages\/5817","targetHints":{"allow":["GET"]}}],"collection":[{"href":"https:\/\/marcottestyle.com\/fr\/wp-json\/wp\/v2\/pages"}],"about":[{"href":"https:\/\/marcottestyle.com\/fr\/wp-json\/wp\/v2\/types\/page"}],"author":[{"embeddable":true,"href":"https:\/\/marcottestyle.com\/fr\/wp-json\/wp\/v2\/users\/2"}],"replies":[{"embeddable":true,"href":"https:\/\/marcottestyle.com\/fr\/wp-json\/wp\/v2\/comments?post=5817"}],"version-history":[{"count":3,"href":"https:\/\/marcottestyle.com\/fr\/wp-json\/wp\/v2\/pages\/5817\/revisions"}],"predecessor-version":[{"id":13374,"href":"https:\/\/marcottestyle.com\/fr\/wp-json\/wp\/v2\/pages\/5817\/revisions\/13374"}],"wp:attachment":[{"href":"https:\/\/marcottestyle.com\/fr\/wp-json\/wp\/v2\/media?parent=5817"}],"curies":[{"name":"wp","href":"https:\/\/api.w.org\/{rel}","templated":true}]}}