{"id":5827,"date":"2018-02-14T15:24:52","date_gmt":"2018-02-14T14:24:52","guid":{"rendered":"http:\/\/marcottestyle.com\/?page_id=5827"},"modified":"2024-09-28T13:21:50","modified_gmt":"2024-09-28T11:21:50","slug":"amenagement-interieur","status":"publish","type":"page","link":"https:\/\/marcottestyle.com\/fr\/amenagement-interieur\/","title":{"rendered":"Am\u00e9nagement int\u00e9rieur"},"content":{"rendered":"\t\t<div data-elementor-type=\"wp-page\" data-elementor-id=\"5827\" class=\"elementor elementor-5827 elementor-5375\" data-elementor-settings=\"{&quot;ha_cmc_init_switcher&quot;:&quot;no&quot;}\" data-elementor-post-type=\"page\">\n\t\t\t\t<div class=\"elementor-element elementor-element-2e56f07 e-flex e-con-boxed e-con e-parent\" data-id=\"2e56f07\" data-element_type=\"container\" data-e-type=\"container\" data-settings=\"{&quot;_ha_eqh_enable&quot;:false}\">\n\t\t\t\t\t<div class=\"e-con-inner\">\n\t\t\t\t<div class=\"elementor-element elementor-element-1a335d8 elementor-widget elementor-widget-spacer\" data-id=\"1a335d8\" data-element_type=\"widget\" data-e-type=\"widget\" data-widget_type=\"spacer.default\">\n\t\t\t\t<div class=\"elementor-widget-container\">\n\t\t\t\t\t\t\t<div class=\"elementor-spacer\">\n\t\t\t<div class=\"elementor-spacer-inner\"><\/div>\n\t\t<\/div>\n\t\t\t\t\t\t<\/div>\n\t\t\t\t<\/div>\n\t\t\t\t<div class=\"elementor-element elementor-element-9e2da95 elementor-align-left elementor-widget elementor-widget-etheme_advanced_headline\" data-id=\"9e2da95\" data-element_type=\"widget\" data-e-type=\"widget\" data-widget_type=\"etheme_advanced_headline.default\">\n\t\t\t\t<div class=\"elementor-widget-container\">\n\t\t\t\t\t        \n        <div class=\"etheme-a-h-wrapper\">\n        \n            \n\t\t\t\n        <h2 class=\"etheme-advanced-headline etheme-advanced-headline-mask\">\n\n            Am\u00e9nagement int\u00e9rieur\n        <\/h2>\n\t\t\n                    \n        <\/div>\n        \n\t\t\t\t\t\t<\/div>\n\t\t\t\t<\/div>\n\t\t\t\t\t<\/div>\n\t\t\t\t<\/div>\n\t\t<div class=\"elementor-element elementor-element-c4616ab e-flex e-con-boxed e-con e-parent\" data-id=\"c4616ab\" data-element_type=\"container\" data-e-type=\"container\" data-settings=\"{&quot;_ha_eqh_enable&quot;:false}\">\n\t\t\t\t\t<div class=\"e-con-inner\">\n\t\t\t\t<div class=\"elementor-element elementor-element-e6f1704 elementor-align-left elementor-widget elementor-widget-etheme_advanced_headline\" data-id=\"e6f1704\" data-element_type=\"widget\" data-e-type=\"widget\" data-widget_type=\"etheme_advanced_headline.default\">\n\t\t\t\t<div class=\"elementor-widget-container\">\n\t\t\t\t\t        \n        <div class=\"etheme-a-h-wrapper\">\n        \n            \n\t\t\t\n        <h2 class=\"etheme-advanced-headline etheme-advanced-headline-mask\">\n\n            Marcotte Style - le design d'int\u00e9rieur total\n        <\/h2>\n\t\t\n                    \n        <\/div>\n        \n\t\t\t\t\t\t<\/div>\n\t\t\t\t<\/div>\n\t\t\t\t\t<\/div>\n\t\t\t\t<\/div>\n\t\t<div class=\"elementor-element elementor-element-7f7012f e-flex e-con-boxed e-con e-parent\" data-id=\"7f7012f\" data-element_type=\"container\" data-e-type=\"container\" data-settings=\"{&quot;_ha_eqh_enable&quot;:false}\">\n\t\t\t\t\t<div class=\"e-con-inner\">\n\t\t\t\t<div class=\"elementor-element elementor-element-1e17990 elementor-widget elementor-widget-text-editor\" data-id=\"1e17990\" data-element_type=\"widget\" data-e-type=\"widget\" data-widget_type=\"text-editor.default\">\n\t\t\t\t<div class=\"elementor-widget-container\">\n\t\t\t\t\t\t\t\t\t<p>La diff\u00e9rence doit \u00eatre l\u00e0.<br \/>\nL&#8217;ameublement personnel d\u00e9finit l&#8217;atmosph\u00e8re d&#8217;une maison.<br \/>\nLes couleurs, les meubles et les d\u00e9corations influencent l&#8217;occupant et, en m\u00eame temps, sont une fa\u00e7on de se pr\u00e9senter \u00e0 son entourage.<br \/>\nDe nombreuses personnes ont des opinions bien arr\u00eat\u00e9es sur l&#8217;int\u00e9rieur de leur maison et aiment garder le contr\u00f4le de la d\u00e9coration int\u00e9rieure.<br \/>\nOu, au contraire, vous n&#8217;avez pas le temps de penser vous-m\u00eame \u00e0 tous les d\u00e9tails de votre maison ?<br \/>\nMarcotte Style vous propose un service complet de <span style=\"text-decoration: underline;\"><span style=\"color: #96825b;\"><a style=\"color: #96825b; text-decoration: underline;\" href=\"https:\/\/marcottestyle.com\/binnenhuisinrichting\/\">am\u00e9nagement int\u00e9rieur<\/a><\/span><\/span> de votre maison.<br \/>\nLes styles <span style=\"text-decoration: underline;\"><span style=\"color: #96825b;\"><a style=\"color: #96825b; text-decoration: underline;\" title=\"styles\" href=\"https:\/\/marcottestyle.com\/fr\/styles\/\">styles<\/a><\/span><\/span> propos\u00e9s par le d\u00e9corateur d&#8217;int\u00e9rieur Jean-Jacques Soenen sont destin\u00e9s \u00e0 un am\u00e9nagement complet de la maison, o\u00f9 tous les \u00e9l\u00e9ments de la maison sont mis en harmonie.      <\/p>\n\t\t\t\t\t\t\t\t<\/div>\n\t\t\t\t<\/div>\n\t\t\t\t\t<\/div>\n\t\t\t\t<\/div>\n\t\t<div class=\"elementor-element elementor-element-923c78e e-flex e-con-boxed e-con e-parent\" data-id=\"923c78e\" data-element_type=\"container\" data-e-type=\"container\" data-settings=\"{&quot;_ha_eqh_enable&quot;:false}\">\n\t\t\t\t\t<div class=\"e-con-inner\">\n\t\t\t\t<div class=\"elementor-element elementor-element-193a3d4 elementor-widget elementor-widget-shortcode\" data-id=\"193a3d4\" data-element_type=\"widget\" data-e-type=\"widget\" data-widget_type=\"shortcode.default\">\n\t\t\t\t<div class=\"elementor-widget-container\">\n\t\t\t\t\t\t\t<div class=\"elementor-shortcode\">ngg_shortcode_0_placeholder<\/div>\n\t\t\t\t\t\t<\/div>\n\t\t\t\t<\/div>\n\t\t\t\t<div class=\"elementor-element elementor-element-1920c92 elementor-widget elementor-widget-spacer\" data-id=\"1920c92\" data-element_type=\"widget\" data-e-type=\"widget\" data-widget_type=\"spacer.default\">\n\t\t\t\t<div class=\"elementor-widget-container\">\n\t\t\t\t\t\t\t<div class=\"elementor-spacer\">\n\t\t\t<div class=\"elementor-spacer-inner\"><\/div>\n\t\t<\/div>\n\t\t\t\t\t\t<\/div>\n\t\t\t\t<\/div>\n\t\t\t\t\t<\/div>\n\t\t\t\t<\/div>\n\t\t<div class=\"elementor-element elementor-element-bf5e2ea e-flex e-con-boxed e-con e-parent\" data-id=\"bf5e2ea\" data-element_type=\"container\" data-e-type=\"container\" data-settings=\"{&quot;_ha_eqh_enable&quot;:false}\">\n\t\t\t\t\t<div class=\"e-con-inner\">\n\t\t\t\t<div class=\"elementor-element elementor-element-8dec1a9 elementor-widget elementor-widget-text-editor\" data-id=\"8dec1a9\" data-element_type=\"widget\" data-e-type=\"widget\" data-widget_type=\"text-editor.default\">\n\t\t\t\t<div class=\"elementor-widget-container\">\n\t\t\t\t\t\t\t\t\t<p><span style=\"text-decoration: underline;\"><span style=\"color: #96825b; text-decoration: underline;\"><a style=\"color: #96825b; text-decoration: underline;\" href=\"https:\/\/marcottestyle.com\/contact\/\">Contactez-nous sans engagement<\/a><\/span><\/span><br \/><span style=\"text-decoration: underline;\"><span style=\"color: #96825b; text-decoration: underline;\"><a style=\"color: #96825b; text-decoration: underline;\" href=\"https:\/\/marcottestyle.com\/portfolio\/\">Consultez nos r\u00e9alisations<\/a><\/span><\/span><\/p>\n\t\t\t\t\t\t\t\t<\/div>\n\t\t\t\t<\/div>\n\t\t\t\t\t<\/div>\n\t\t\t\t<\/div>\n\t\t<div class=\"elementor-element elementor-element-49dab4d e-flex e-con-boxed e-con e-parent\" data-id=\"49dab4d\" data-element_type=\"container\" data-e-type=\"container\" data-settings=\"{&quot;_ha_eqh_enable&quot;:false}\">\n\t\t\t\t\t<div class=\"e-con-inner\">\n\t\t\t\t<div class=\"elementor-element elementor-element-11f609e elementor-align-left elementor-widget elementor-widget-etheme_advanced_headline\" data-id=\"11f609e\" data-element_type=\"widget\" data-e-type=\"widget\" data-widget_type=\"etheme_advanced_headline.default\">\n\t\t\t\t<div class=\"elementor-widget-container\">\n\t\t\t\t\t        \n        <div class=\"etheme-a-h-wrapper\">\n        \n            \n\t\t\t\n        <h2 class=\"etheme-advanced-headline etheme-advanced-headline-mask\">\n\n            L'architecte d'int\u00e9rieur qui s'adapte \u00e0 votre style\n        <\/h2>\n\t\t\n                    \n        <\/div>\n        \n\t\t\t\t\t\t<\/div>\n\t\t\t\t<\/div>\n\t\t\t\t\t<\/div>\n\t\t\t\t<\/div>\n\t\t<div class=\"elementor-element elementor-element-0474c35 e-flex e-con-boxed e-con e-parent\" data-id=\"0474c35\" data-element_type=\"container\" data-e-type=\"container\" data-settings=\"{&quot;_ha_eqh_enable&quot;:false}\">\n\t\t\t\t\t<div class=\"e-con-inner\">\n\t\t\t\t<div class=\"elementor-element elementor-element-9001be5 elementor-widget elementor-widget-text-editor\" data-id=\"9001be5\" data-element_type=\"widget\" data-e-type=\"widget\" data-widget_type=\"text-editor.default\">\n\t\t\t\t<div class=\"elementor-widget-container\">\n\t\t\t\t\t\t\t\t\t<p>En tant que superviseur sp\u00e9cialis\u00e9 en <span style=\"text-decoration: underline;\"><span style=\"color: #96825b;\"><a style=\"color: #96825b; text-decoration: underline;\" title=\"design d'int\u00e9rieur\" href=\"https:\/\/marcottestyle.com\/fr\/design-dinterieur\/\">d\u00e9coration d&#8217;int\u00e9rieur<\/a><\/span><\/span> Marcotte Style propose diff\u00e9rents styles applicables aux villas, aux maisons de campagne et aux appartements de luxe.<br \/>\nVous pouvez ainsi choisir d&#8217;am\u00e9nager votre int\u00e9rieur dans un style champ\u00eatre et de l&#8217;accentuer de diverses mani\u00e8res.<br \/>\nVous recherchez une ambiance feutr\u00e9e ?<br \/>\nVous aimez vous retirer dans une atmosph\u00e8re m\u00e9diterran\u00e9enne ?<br \/>\nNous s\u00e9lectionnons les \u00e9l\u00e9ments qui \u00e9voquent le sentiment souhait\u00e9.<br \/>\nLes styles modernes conviennent aux appartements, qui peuvent \u00e9galement \u00eatre dot\u00e9s d&#8217;un look r\u00e9tro apaisant gr\u00e2ce \u00e0 des d\u00e9tails int\u00e9ressants.<br \/>\nSi vous \u00eates cosmopolite, vous pr\u00e9f\u00e9rerez peut-\u00eatre les lignes \u00e9l\u00e9gantes du <span style=\"text-decoration: underline;\"><span style=\"color: #96825b;\"><a style=\"color: #96825b; text-decoration: underline;\" title=\"Le style new-yorkais\" href=\"https:\/\/marcottestyle.com\/fr\/styles\/new-york-style\/\">style new-yorkais<\/a><\/span><\/span>?      <\/p>\n\t\t\t\t\t\t\t\t<\/div>\n\t\t\t\t<\/div>\n\t\t\t\t\t<\/div>\n\t\t\t\t<\/div>\n\t\t<div class=\"elementor-element elementor-element-cc65bf4 e-flex e-con-boxed e-con e-parent\" data-id=\"cc65bf4\" data-element_type=\"container\" data-e-type=\"container\" data-settings=\"{&quot;_ha_eqh_enable&quot;:false}\">\n\t\t\t\t\t<div class=\"e-con-inner\">\n\t\t\t\t<div class=\"elementor-element elementor-element-02c2bc6 elementor-align-left elementor-widget elementor-widget-etheme_advanced_headline\" data-id=\"02c2bc6\" data-element_type=\"widget\" data-e-type=\"widget\" data-widget_type=\"etheme_advanced_headline.default\">\n\t\t\t\t<div class=\"elementor-widget-container\">\n\t\t\t\t\t        \n        <div class=\"etheme-a-h-wrapper\">\n        \n            \n\t\t\t\n        <h2 class=\"etheme-advanced-headline etheme-advanced-headline-mask\">\n\n            Am\u00e9nagement int\u00e9rieur enti\u00e8rement personnalis\u00e9\n        <\/h2>\n\t\t\n                    \n        <\/div>\n        \n\t\t\t\t\t\t<\/div>\n\t\t\t\t<\/div>\n\t\t\t\t\t<\/div>\n\t\t\t\t<\/div>\n\t\t<div class=\"elementor-element elementor-element-86856ac e-flex e-con-boxed e-con e-parent\" data-id=\"86856ac\" data-element_type=\"container\" data-e-type=\"container\" data-settings=\"{&quot;_ha_eqh_enable&quot;:false}\">\n\t\t\t\t\t<div class=\"e-con-inner\">\n\t\t\t\t<div class=\"elementor-element elementor-element-3a6a52b elementor-widget elementor-widget-text-editor\" data-id=\"3a6a52b\" data-element_type=\"widget\" data-e-type=\"widget\" data-widget_type=\"text-editor.default\">\n\t\t\t\t<div class=\"elementor-widget-container\">\n\t\t\t\t\t\t\t\t\t<p>Apr\u00e8s un entretien pr\u00e9liminaire, votre architecte d&#8217;int\u00e9rieur analysera en d\u00e9tail la situation de l&#8217;habitation \u00e0 l&#8217;aide de photos et de divers outils num\u00e9riques.<br \/>\nNous vous conseillons sur les couleurs afin de cr\u00e9er une ambiance parfaite en combinaison avec le mobilier et la d\u00e9coration appropri\u00e9s.<br \/>\nUne personne de contact d\u00e9sign\u00e9e supervise l&#8217;am\u00e9nagement de la maison, garantissant une communication optimale et une ex\u00e9cution efficace du projet.<br \/>\nDu go\u00fbt, de l&#8217;originalit\u00e9 et de l&#8217;engagement.<br \/>\nLe design d&#8217;int\u00e9rieur exclusif de Marcotte Style apporte une harmonie totale \u00e0 votre maison.    <\/p>\n\t\t\t\t\t\t\t\t<\/div>\n\t\t\t\t<\/div>\n\t\t\t\t\t<\/div>\n\t\t\t\t<\/div>\n\t\t<div class=\"elementor-element elementor-element-12f19af e-flex e-con-boxed e-con e-parent\" data-id=\"12f19af\" data-element_type=\"container\" data-e-type=\"container\" data-settings=\"{&quot;_ha_eqh_enable&quot;:false}\">\n\t\t\t\t\t<div class=\"e-con-inner\">\n\t\t\t\t<div class=\"elementor-element elementor-element-3370704 elementor-widget elementor-widget-shortcode\" data-id=\"3370704\" data-element_type=\"widget\" data-e-type=\"widget\" data-widget_type=\"shortcode.default\">\n\t\t\t\t<div class=\"elementor-widget-container\">\n\t\t\t\t\t\t\t<div class=\"elementor-shortcode\">ngg_shortcode_1_placeholder<\/div>\n\t\t\t\t\t\t<\/div>\n\t\t\t\t<\/div>\n\t\t\t\t<div class=\"elementor-element elementor-element-97b36b6 elementor-widget elementor-widget-spacer\" data-id=\"97b36b6\" data-element_type=\"widget\" data-e-type=\"widget\" data-widget_type=\"spacer.default\">\n\t\t\t\t<div class=\"elementor-widget-container\">\n\t\t\t\t\t\t\t<div class=\"elementor-spacer\">\n\t\t\t<div class=\"elementor-spacer-inner\"><\/div>\n\t\t<\/div>\n\t\t\t\t\t\t<\/div>\n\t\t\t\t<\/div>\n\t\t\t\t\t<\/div>\n\t\t\t\t<\/div>\n\t\t<div class=\"elementor-element elementor-element-e869c2a e-flex e-con-boxed e-con e-parent\" data-id=\"e869c2a\" data-element_type=\"container\" data-e-type=\"container\" data-settings=\"{&quot;_ha_eqh_enable&quot;:false}\">\n\t\t\t\t\t<div class=\"e-con-inner\">\n\t\t\t\t<div class=\"elementor-element elementor-element-e67207e elementor-widget elementor-widget-text-editor\" data-id=\"e67207e\" data-element_type=\"widget\" data-e-type=\"widget\" data-widget_type=\"text-editor.default\">\n\t\t\t\t<div class=\"elementor-widget-container\">\n\t\t\t\t\t\t\t\t\t<p>Marcotte Style prend en charge l&#8217;ensemble des projets d&#8217;am\u00e9nagement int\u00e9rieur.<br \/>\nConfiez \u00e0 un<a href=\"https:\/\/marcottestyle.com\/architecte d\u2019int\u00e9rieur\/\"> <span style=\"text-decoration: underline;\"><span style=\"color: #96825b; text-decoration: underline;\">d&#8217;int\u00e9rieur exp\u00e9riment\u00e9<\/span><\/span><\/a>! <\/p>\n\t\t\t\t\t\t\t\t<\/div>\n\t\t\t\t<\/div>\n\t\t\t\t\t<\/div>\n\t\t\t\t<\/div>\n\t\t\t\t<\/div>\n\t\t","protected":false},"excerpt":{"rendered":"<p>Am\u00e9nagement int\u00e9rieur Marcotte Style &#8211; le design d&#8217;int\u00e9rieur total La diff\u00e9rence doit \u00eatre l\u00e0. L&#8217;ameublement personnel d\u00e9finit l&#8217;atmosph\u00e8re d&#8217;une maison. Les couleurs, les meubles et&#8230;<\/p>\n","protected":false},"author":2,"featured_media":0,"parent":0,"menu_order":20,"comment_status":"closed","ping_status":"closed","template":"elementor_header_footer","meta":{"ngg_post_thumbnail":0,"footnotes":""},"class_list":["post-5827","page","type-page","status-publish","hentry"],"_links":{"self":[{"href":"https:\/\/marcottestyle.com\/fr\/wp-json\/wp\/v2\/pages\/5827","targetHints":{"allow":["GET"]}}],"collection":[{"href":"https:\/\/marcottestyle.com\/fr\/wp-json\/wp\/v2\/pages"}],"about":[{"href":"https:\/\/marcottestyle.com\/fr\/wp-json\/wp\/v2\/types\/page"}],"author":[{"embeddable":true,"href":"https:\/\/marcottestyle.com\/fr\/wp-json\/wp\/v2\/users\/2"}],"replies":[{"embeddable":true,"href":"https:\/\/marcottestyle.com\/fr\/wp-json\/wp\/v2\/comments?post=5827"}],"version-history":[{"count":8,"href":"https:\/\/marcottestyle.com\/fr\/wp-json\/wp\/v2\/pages\/5827\/revisions"}],"predecessor-version":[{"id":39422,"href":"https:\/\/marcottestyle.com\/fr\/wp-json\/wp\/v2\/pages\/5827\/revisions\/39422"}],"wp:attachment":[{"href":"https:\/\/marcottestyle.com\/fr\/wp-json\/wp\/v2\/media?parent=5827"}],"curies":[{"name":"wp","href":"https:\/\/api.w.org\/{rel}","templated":true}]}}