{"id":5829,"date":"2018-02-14T15:28:11","date_gmt":"2018-02-14T14:28:11","guid":{"rendered":"http:\/\/marcottestyle.com\/?page_id=5829"},"modified":"2024-09-28T13:21:49","modified_gmt":"2024-09-28T11:21:49","slug":"architecte-dinterieur","status":"publish","type":"page","link":"https:\/\/marcottestyle.com\/fr\/architecte-dinterieur\/","title":{"rendered":"Architecte d&#8217;int\u00e9rieur"},"content":{"rendered":"\t\t<div data-elementor-type=\"wp-page\" data-elementor-id=\"5829\" class=\"elementor elementor-5829 elementor-5377\" data-elementor-settings=\"{&quot;ha_cmc_init_switcher&quot;:&quot;no&quot;}\" data-elementor-post-type=\"page\">\n\t\t\t\t<div class=\"elementor-element elementor-element-6b16d18 e-flex e-con-boxed e-con e-parent\" data-id=\"6b16d18\" data-element_type=\"container\" data-e-type=\"container\" data-settings=\"{&quot;_ha_eqh_enable&quot;:false}\">\n\t\t\t\t\t<div class=\"e-con-inner\">\n\t\t\t\t<div class=\"elementor-element elementor-element-5ae3c13 elementor-widget elementor-widget-spacer\" data-id=\"5ae3c13\" data-element_type=\"widget\" data-e-type=\"widget\" data-widget_type=\"spacer.default\">\n\t\t\t\t<div class=\"elementor-widget-container\">\n\t\t\t\t\t\t\t<div class=\"elementor-spacer\">\n\t\t\t<div class=\"elementor-spacer-inner\"><\/div>\n\t\t<\/div>\n\t\t\t\t\t\t<\/div>\n\t\t\t\t<\/div>\n\t\t\t\t<div class=\"elementor-element elementor-element-7007fc8 elementor-align-left elementor-widget elementor-widget-etheme_advanced_headline\" data-id=\"7007fc8\" data-element_type=\"widget\" data-e-type=\"widget\" data-widget_type=\"etheme_advanced_headline.default\">\n\t\t\t\t<div class=\"elementor-widget-container\">\n\t\t\t\t\t        \n        <div class=\"etheme-a-h-wrapper\">\n        \n            \n\t\t\t\n        <h2 class=\"etheme-advanced-headline etheme-advanced-headline-mask\">\n\n            Architecte d'int\u00e9rieur\n        <\/h2>\n\t\t\n                    \n        <\/div>\n        \n\t\t\t\t\t\t<\/div>\n\t\t\t\t<\/div>\n\t\t\t\t\t<\/div>\n\t\t\t\t<\/div>\n\t\t<div class=\"elementor-element elementor-element-ec93f73 e-flex e-con-boxed e-con e-parent\" data-id=\"ec93f73\" data-element_type=\"container\" data-e-type=\"container\" data-settings=\"{&quot;_ha_eqh_enable&quot;:false}\">\n\t\t\t\t\t<div class=\"e-con-inner\">\n\t\t\t\t<div class=\"elementor-element elementor-element-012cb9d elementor-align-left elementor-widget elementor-widget-etheme_advanced_headline\" data-id=\"012cb9d\" data-element_type=\"widget\" data-e-type=\"widget\" data-widget_type=\"etheme_advanced_headline.default\">\n\t\t\t\t<div class=\"elementor-widget-container\">\n\t\t\t\t\t        \n        <div class=\"etheme-a-h-wrapper\">\n        \n            \n\t\t\t\n        <h2 class=\"etheme-advanced-headline etheme-advanced-headline-mask\">\n\n            Marcotte Style, l'architecte d'int\u00e9rieur\n        <\/h2>\n\t\t\n                    \n        <\/div>\n        \n\t\t\t\t\t\t<\/div>\n\t\t\t\t<\/div>\n\t\t\t\t\t<\/div>\n\t\t\t\t<\/div>\n\t\t<div class=\"elementor-element elementor-element-f45f4b7 e-flex e-con-boxed e-con e-parent\" data-id=\"f45f4b7\" data-element_type=\"container\" data-e-type=\"container\" data-settings=\"{&quot;_ha_eqh_enable&quot;:false}\">\n\t\t\t\t\t<div class=\"e-con-inner\">\n\t\t\t\t<div class=\"elementor-element elementor-element-30ba2f1 elementor-widget elementor-widget-text-editor\" data-id=\"30ba2f1\" data-element_type=\"widget\" data-e-type=\"widget\" data-widget_type=\"text-editor.default\">\n\t\t\t\t<div class=\"elementor-widget-container\">\n\t\t\t\t\t\t\t\t\t<p>Votre maison a besoin d&#8217;un nouveau look \u00e0 l&#8217;int\u00e9rieur ?<br \/>\nMarcotte Style, l&#8217;un des architectes d&#8217;int\u00e9rieur les plus exp\u00e9riment\u00e9s du pays, peut sans aucun doute vous aider. <\/p>\n<p>Chez Marcotte Style, la profession d&#8217;architecte d&#8217;int\u00e9rieur passe \u00e0 la vitesse sup\u00e9rieure. <span style=\"text-decoration: underline;\"><span style=\"color: #96825b;\"><a style=\"color: #96825b; text-decoration: underline;\" title=\"Architecte d'int\u00e9rieur\" href=\"https:\/\/marcottestyle.com\/fr\/architecte-d-interieur\/\">Architecte d&#8217;int\u00e9rieur<\/a><\/span><\/span> Jean-Jacques Soenen est sp\u00e9cialis\u00e9 dans la cr\u00e9ation d&#8217;une architecture d&#8217;int\u00e9rieur homog\u00e8ne et compl\u00e8te.<br \/>\nQu&#8217;il s&#8217;agisse d&#8217;un appartement confortable ou d&#8217;une villa de luxe, chaque pi\u00e8ce ou maison est trait\u00e9e comme un nouveau d\u00e9fi, de sorte que le r\u00e9sultat est \u00e0 chaque fois unique.<br \/>\nL&#8217;architecte travaille avec vous pour cr\u00e9er un design magnifique et totalement adapt\u00e9 \u00e0 vos besoins.  <\/p>\n<p>Marcottestyle commence par un plan.<br \/>\nApr\u00e8s l&#8217;avoir adapt\u00e9 \u00e0 tous les souhaits du client, un nouveau plan est \u00e9labor\u00e9 jusqu&#8217;\u00e0 ce qu&#8217;il soit d\u00e9finitif.<br \/>\nEnsuite, les plans de mise en \u0153uvre sont \u00e9labor\u00e9s et int\u00e9gr\u00e9s dans le plan complet qui \u00e9limine tous les malentendus.<br \/>\nLe dernier maillon est la projection r\u00e9aliste en 3D, o\u00f9 l&#8217;habillage sur mesure est int\u00e9gr\u00e9 \u00e0 l&#8217;int\u00e9rieur.   <\/p>\n\t\t\t\t\t\t\t\t<\/div>\n\t\t\t\t<\/div>\n\t\t\t\t\t<\/div>\n\t\t\t\t<\/div>\n\t\t<div class=\"elementor-element elementor-element-7431b3f e-flex e-con-boxed e-con e-parent\" data-id=\"7431b3f\" data-element_type=\"container\" data-e-type=\"container\" data-settings=\"{&quot;_ha_eqh_enable&quot;:false}\">\n\t\t\t\t\t<div class=\"e-con-inner\">\n\t\t\t\t<div class=\"elementor-element elementor-element-de510bc elementor-widget elementor-widget-shortcode\" data-id=\"de510bc\" data-element_type=\"widget\" data-e-type=\"widget\" data-widget_type=\"shortcode.default\">\n\t\t\t\t<div class=\"elementor-widget-container\">\n\t\t\t\t\t\t\t<div class=\"elementor-shortcode\">ngg_shortcode_0_placeholder<\/div>\n\t\t\t\t\t\t<\/div>\n\t\t\t\t<\/div>\n\t\t\t\t<div class=\"elementor-element elementor-element-8f15d04 elementor-widget elementor-widget-spacer\" data-id=\"8f15d04\" data-element_type=\"widget\" data-e-type=\"widget\" data-widget_type=\"spacer.default\">\n\t\t\t\t<div class=\"elementor-widget-container\">\n\t\t\t\t\t\t\t<div class=\"elementor-spacer\">\n\t\t\t<div class=\"elementor-spacer-inner\"><\/div>\n\t\t<\/div>\n\t\t\t\t\t\t<\/div>\n\t\t\t\t<\/div>\n\t\t\t\t\t<\/div>\n\t\t\t\t<\/div>\n\t\t<div class=\"elementor-element elementor-element-48f8e67 e-flex e-con-boxed e-con e-parent\" data-id=\"48f8e67\" data-element_type=\"container\" data-e-type=\"container\" data-settings=\"{&quot;_ha_eqh_enable&quot;:false}\">\n\t\t\t\t\t<div class=\"e-con-inner\">\n\t\t\t\t<div class=\"elementor-element elementor-element-dbe9bc8 elementor-widget elementor-widget-text-editor\" data-id=\"dbe9bc8\" data-element_type=\"widget\" data-e-type=\"widget\" data-widget_type=\"text-editor.default\">\n\t\t\t\t<div class=\"elementor-widget-container\">\n\t\t\t\t\t\t\t\t\t<p><span style=\"text-decoration: underline;\"><span style=\"color: #96825b; text-decoration: underline;\"><a style=\"color: #96825b; text-decoration: underline;\" href=\"https:\/\/marcottestyle.com\/contact\/\">Contactez-nous sans engagement<\/a><\/span><\/span><br \/><span style=\"text-decoration: underline;\"><span style=\"color: #96825b; text-decoration: underline;\"><a style=\"color: #96825b; text-decoration: underline;\" href=\"https:\/\/marcottestyle.com\/portfolio\/\">Consultez nos r\u00e9alisations<\/a><\/span><\/span><\/p>\n\t\t\t\t\t\t\t\t<\/div>\n\t\t\t\t<\/div>\n\t\t\t\t\t<\/div>\n\t\t\t\t<\/div>\n\t\t<div class=\"elementor-element elementor-element-88cb718 e-flex e-con-boxed e-con e-parent\" data-id=\"88cb718\" data-element_type=\"container\" data-e-type=\"container\" data-settings=\"{&quot;_ha_eqh_enable&quot;:false}\">\n\t\t\t\t\t<div class=\"e-con-inner\">\n\t\t\t\t<div class=\"elementor-element elementor-element-02b9bc3 elementor-align-left elementor-widget elementor-widget-etheme_advanced_headline\" data-id=\"02b9bc3\" data-element_type=\"widget\" data-e-type=\"widget\" data-widget_type=\"etheme_advanced_headline.default\">\n\t\t\t\t<div class=\"elementor-widget-container\">\n\t\t\t\t\t        \n        <div class=\"etheme-a-h-wrapper\">\n        \n            \n\t\t\t\n        <h2 class=\"etheme-advanced-headline etheme-advanced-headline-mask\">\n\n            L'am\u00e9nagement int\u00e9rieur de votre maison\n        <\/h2>\n\t\t\n                    \n        <\/div>\n        \n\t\t\t\t\t\t<\/div>\n\t\t\t\t<\/div>\n\t\t\t\t\t<\/div>\n\t\t\t\t<\/div>\n\t\t<div class=\"elementor-element elementor-element-ffda1a1 e-flex e-con-boxed e-con e-parent\" data-id=\"ffda1a1\" data-element_type=\"container\" data-e-type=\"container\" data-settings=\"{&quot;_ha_eqh_enable&quot;:false}\">\n\t\t\t\t\t<div class=\"e-con-inner\">\n\t\t\t\t<div class=\"elementor-element elementor-element-3a5d126 elementor-widget elementor-widget-text-editor\" data-id=\"3a5d126\" data-element_type=\"widget\" data-e-type=\"widget\" data-widget_type=\"text-editor.default\">\n\t\t\t\t<div class=\"elementor-widget-container\">\n\t\t\t\t\t\t\t\t\t<p>La d\u00e9coration d&#8217;int\u00e9rieur cr\u00e9\u00e9e par Marcotte Style examine la situation actuelle de votre maison et passe d&#8217;abord en revue vos souhaits et vos id\u00e9es avec vous.<\/p>\n<p>La d\u00e9coration d&#8217;int\u00e9rieur de Marcotte Style commence toujours par une analyse approfondie de votre maison et une conversation personnelle sur vos souhaits, vos id\u00e9es et vos pr\u00e9f\u00e9rences.<br \/>\nL&#8217;architecte d&#8217;int\u00e9rieur se met ensuite au travail.<br \/>\nNotre architecture d&#8217;int\u00e9rieur vise toujours l&#8217;homog\u00e9n\u00e9it\u00e9 : chaque endroit de votre maison doit s&#8217;int\u00e9grer dans l&#8217;ensemble.<br \/>\nPour ce faire, nous utilisons des projections graphiques en 3D, des plans CAO et des photos de tous les objets choisis.<br \/>\nAinsi, l&#8217;architecte d&#8217;int\u00e9rieur vous implique dans toutes les phases du projet, ce qui garantit un bel am\u00e9nagement int\u00e9rieur.    <\/p>\n\t\t\t\t\t\t\t\t<\/div>\n\t\t\t\t<\/div>\n\t\t\t\t\t<\/div>\n\t\t\t\t<\/div>\n\t\t<div class=\"elementor-element elementor-element-42d3b25 e-flex e-con-boxed e-con e-parent\" data-id=\"42d3b25\" data-element_type=\"container\" data-e-type=\"container\" data-settings=\"{&quot;_ha_eqh_enable&quot;:false}\">\n\t\t\t\t\t<div class=\"e-con-inner\">\n\t\t\t\t<div class=\"elementor-element elementor-element-fb4429d elementor-align-left elementor-widget elementor-widget-etheme_advanced_headline\" data-id=\"fb4429d\" data-element_type=\"widget\" data-e-type=\"widget\" data-widget_type=\"etheme_advanced_headline.default\">\n\t\t\t\t<div class=\"elementor-widget-container\">\n\t\t\t\t\t        \n        <div class=\"etheme-a-h-wrapper\">\n        \n            \n\t\t\t\n        <h2 class=\"etheme-advanced-headline etheme-advanced-headline-mask\">\n\n            Architecte d'int\u00e9rieur ayant le sens du d\u00e9tail\n        <\/h2>\n\t\t\n                    \n        <\/div>\n        \n\t\t\t\t\t\t<\/div>\n\t\t\t\t<\/div>\n\t\t\t\t\t<\/div>\n\t\t\t\t<\/div>\n\t\t<div class=\"elementor-element elementor-element-3adf9a8 e-flex e-con-boxed e-con e-parent\" data-id=\"3adf9a8\" data-element_type=\"container\" data-e-type=\"container\" data-settings=\"{&quot;_ha_eqh_enable&quot;:false}\">\n\t\t\t\t\t<div class=\"e-con-inner\">\n\t\t\t\t<div class=\"elementor-element elementor-element-ddb656c elementor-widget elementor-widget-text-editor\" data-id=\"ddb656c\" data-element_type=\"widget\" data-e-type=\"widget\" data-widget_type=\"text-editor.default\">\n\t\t\t\t<div class=\"elementor-widget-container\">\n\t\t\t\t\t\t\t\t\t<p>Faire relooker sa maison par l&#8217;architecte d&#8217;int\u00e9rieur de Marcotte Style, c&#8217;est s&#8217;assurer d&#8217;un int\u00e9rieur homog\u00e8ne, o\u00f9 chaque pi\u00e8ce respire la m\u00eame atmosph\u00e8re.<br \/>\nL&#8217;architecte veille \u00e0 ce que tous les \u00e9l\u00e9ments soient parfaitement assortis, afin que votre maison soit en harmonie de la cuisine \u00e0 la salle de bains. <\/p>\n\t\t\t\t\t\t\t\t<\/div>\n\t\t\t\t<\/div>\n\t\t\t\t\t<\/div>\n\t\t\t\t<\/div>\n\t\t<div class=\"elementor-element elementor-element-283f835 e-flex e-con-boxed e-con e-parent\" data-id=\"283f835\" data-element_type=\"container\" data-e-type=\"container\" data-settings=\"{&quot;_ha_eqh_enable&quot;:false}\">\n\t\t\t\t\t<div class=\"e-con-inner\">\n\t\t\t\t<div class=\"elementor-element elementor-element-e584eb2 elementor-widget elementor-widget-shortcode\" data-id=\"e584eb2\" data-element_type=\"widget\" data-e-type=\"widget\" data-widget_type=\"shortcode.default\">\n\t\t\t\t<div class=\"elementor-widget-container\">\n\t\t\t\t\t\t\t<div class=\"elementor-shortcode\">ngg_shortcode_1_placeholder<\/div>\n\t\t\t\t\t\t<\/div>\n\t\t\t\t<\/div>\n\t\t\t\t<div class=\"elementor-element elementor-element-3fdc31e elementor-widget elementor-widget-spacer\" data-id=\"3fdc31e\" data-element_type=\"widget\" data-e-type=\"widget\" data-widget_type=\"spacer.default\">\n\t\t\t\t<div class=\"elementor-widget-container\">\n\t\t\t\t\t\t\t<div class=\"elementor-spacer\">\n\t\t\t<div class=\"elementor-spacer-inner\"><\/div>\n\t\t<\/div>\n\t\t\t\t\t\t<\/div>\n\t\t\t\t<\/div>\n\t\t\t\t\t<\/div>\n\t\t\t\t<\/div>\n\t\t<div class=\"elementor-element elementor-element-20b2bf3 e-flex e-con-boxed e-con e-parent\" data-id=\"20b2bf3\" data-element_type=\"container\" data-e-type=\"container\" data-settings=\"{&quot;_ha_eqh_enable&quot;:false}\">\n\t\t\t\t\t<div class=\"e-con-inner\">\n\t\t\t\t<div class=\"elementor-element elementor-element-4f2ab5d elementor-widget elementor-widget-text-editor\" data-id=\"4f2ab5d\" data-element_type=\"widget\" data-e-type=\"widget\" data-widget_type=\"text-editor.default\">\n\t\t\t\t<div class=\"elementor-widget-container\">\n\t\t\t\t\t\t\t\t\t<p>En outre, l&#8217;architecte peut vous donner des conseils sur la couleur de votre maison si n\u00e9cessaire.<br \/>\nIls accordent une grande importance \u00e0 une bonne communication.<br \/>\nVous communiquez toujours avec la m\u00eame personne, ce qui favorise \u00e9videmment l&#8217;avancement du projet.  <\/p>\n\t\t\t\t\t\t\t\t<\/div>\n\t\t\t\t<\/div>\n\t\t\t\t\t<\/div>\n\t\t\t\t<\/div>\n\t\t<div class=\"elementor-element elementor-element-bd14afa e-flex e-con-boxed e-con e-parent\" data-id=\"bd14afa\" data-element_type=\"container\" data-e-type=\"container\" data-settings=\"{&quot;_ha_eqh_enable&quot;:false}\">\n\t\t\t\t\t<div class=\"e-con-inner\">\n\t\t\t\t<div class=\"elementor-element elementor-element-445724a elementor-widget elementor-widget-text-editor\" data-id=\"445724a\" data-element_type=\"widget\" data-e-type=\"widget\" data-widget_type=\"text-editor.default\">\n\t\t\t\t<div class=\"elementor-widget-container\">\n\t\t\t\t\t\t\t\t\t<p>Vous cherchez un bon d\u00e9corateur d&#8217;int\u00e9rieur ?<br \/>\nChoisissez un d\u00e9corateur d&#8217;int\u00e9rieur ou un designer par l&#8217;interm\u00e9diaire de Marcotte Style. <\/p>\n\t\t\t\t\t\t\t\t<\/div>\n\t\t\t\t<\/div>\n\t\t\t\t\t<\/div>\n\t\t\t\t<\/div>\n\t\t\t\t<\/div>\n\t\t","protected":false},"excerpt":{"rendered":"<p>Architecte d&#8217;int\u00e9rieur Marcotte Style, l&#8217;architecte d&#8217;int\u00e9rieur Votre maison a besoin d&#8217;un nouveau look \u00e0 l&#8217;int\u00e9rieur ? Marcotte Style, l&#8217;un des architectes d&#8217;int\u00e9rieur les plus exp\u00e9riment\u00e9s&#8230;<\/p>\n","protected":false},"author":2,"featured_media":0,"parent":0,"menu_order":21,"comment_status":"closed","ping_status":"closed","template":"elementor_header_footer","meta":{"ngg_post_thumbnail":0,"footnotes":""},"class_list":["post-5829","page","type-page","status-publish","hentry"],"_links":{"self":[{"href":"https:\/\/marcottestyle.com\/fr\/wp-json\/wp\/v2\/pages\/5829","targetHints":{"allow":["GET"]}}],"collection":[{"href":"https:\/\/marcottestyle.com\/fr\/wp-json\/wp\/v2\/pages"}],"about":[{"href":"https:\/\/marcottestyle.com\/fr\/wp-json\/wp\/v2\/types\/page"}],"author":[{"embeddable":true,"href":"https:\/\/marcottestyle.com\/fr\/wp-json\/wp\/v2\/users\/2"}],"replies":[{"embeddable":true,"href":"https:\/\/marcottestyle.com\/fr\/wp-json\/wp\/v2\/comments?post=5829"}],"version-history":[{"count":6,"href":"https:\/\/marcottestyle.com\/fr\/wp-json\/wp\/v2\/pages\/5829\/revisions"}],"predecessor-version":[{"id":39423,"href":"https:\/\/marcottestyle.com\/fr\/wp-json\/wp\/v2\/pages\/5829\/revisions\/39423"}],"wp:attachment":[{"href":"https:\/\/marcottestyle.com\/fr\/wp-json\/wp\/v2\/media?parent=5829"}],"curies":[{"name":"wp","href":"https:\/\/api.w.org\/{rel}","templated":true}]}}