{"id":6715,"date":"2017-07-13T10:08:45","date_gmt":"2017-07-13T08:08:45","guid":{"rendered":"http:\/\/marcottestyle.com\/?page_id=6715"},"modified":"2024-09-28T12:28:27","modified_gmt":"2024-09-28T10:28:27","slug":"cookie-politique-de-confidentialite","status":"publish","type":"page","link":"https:\/\/marcottestyle.com\/fr\/cookie-politique-de-confidentialite\/","title":{"rendered":"Politique en mati\u00e8re de cookies et de protection de la vie priv\u00e9e"},"content":{"rendered":"\t\t<div data-elementor-type=\"wp-page\" data-elementor-id=\"6715\" class=\"elementor elementor-6715 elementor-11\" data-elementor-settings=\"{&quot;ha_cmc_init_switcher&quot;:&quot;no&quot;}\" data-elementor-post-type=\"page\">\n\t\t\t\t<div class=\"elementor-element elementor-element-96182bd e-flex e-con-boxed e-con e-parent\" data-id=\"96182bd\" data-element_type=\"container\" data-e-type=\"container\" data-settings=\"{&quot;_ha_eqh_enable&quot;:false}\">\n\t\t\t\t\t<div class=\"e-con-inner\">\n\t\t\t\t<div class=\"elementor-element elementor-element-bcefa64 elementor-widget elementor-widget-spacer\" data-id=\"bcefa64\" data-element_type=\"widget\" data-e-type=\"widget\" data-widget_type=\"spacer.default\">\n\t\t\t\t<div class=\"elementor-widget-container\">\n\t\t\t\t\t\t\t<div class=\"elementor-spacer\">\n\t\t\t<div class=\"elementor-spacer-inner\"><\/div>\n\t\t<\/div>\n\t\t\t\t\t\t<\/div>\n\t\t\t\t<\/div>\n\t\t\t\t<div class=\"elementor-element elementor-element-0740e45 elementor-align-left elementor-widget elementor-widget-etheme_advanced_headline\" data-id=\"0740e45\" data-element_type=\"widget\" data-e-type=\"widget\" data-widget_type=\"etheme_advanced_headline.default\">\n\t\t\t\t<div class=\"elementor-widget-container\">\n\t\t\t\t\t        \n        <div class=\"etheme-a-h-wrapper\">\n        \n            \n\t\t\t\n        <h2 class=\"etheme-advanced-headline etheme-advanced-headline-mask\">\n\n            Politique en mati\u00e8re de cookies\n        <\/h2>\n\t\t\n                    \n        <\/div>\n        \n\t\t\t\t\t\t<\/div>\n\t\t\t\t<\/div>\n\t\t\t\t\t<\/div>\n\t\t\t\t<\/div>\n\t\t<div class=\"elementor-element elementor-element-7b17eee e-flex e-con-boxed e-con e-parent\" data-id=\"7b17eee\" data-element_type=\"container\" data-e-type=\"container\" data-settings=\"{&quot;_ha_eqh_enable&quot;:false}\">\n\t\t\t\t\t<div class=\"e-con-inner\">\n\t\t\t\t<div class=\"elementor-element elementor-element-8cfa71f elementor-widget elementor-widget-text-editor\" data-id=\"8cfa71f\" data-element_type=\"widget\" data-e-type=\"widget\" data-widget_type=\"text-editor.default\">\n\t\t\t\t<div class=\"elementor-widget-container\">\n\t\t\t\t\t\t\t\t\t<p><span class=\"om-highlight\">Marcotte Style<\/span>, dont le si\u00e8ge social est situ\u00e9 \u00e0 <span class=\"om-highlight\">2950 Kapellen, Marcottedreef 20<\/span>, inscrit au registre des personnes morales d&#8217;<span class=\"om-highlight\">Anvers<\/span> sous le num\u00e9ro <span class=\"om-highlight\">880453459<\/span> et enregistr\u00e9 aupr\u00e8s de l&#8217;administration de la TVA sous le num\u00e9ro <span class=\"om-highlight\">BE 880 453 459<\/span> (ci-apr\u00e8s <strong>&#8220;le propri\u00e9taire du site web&#8221;<\/strong>) utilise des cookies pour am\u00e9liorer l&#8217;exp\u00e9rience de l&#8217;utilisateur (par exemple, m\u00e9moriser un choix de langue, etc.) et pour collecter des statistiques web sur les visiteurs du site web. <span class=\"om-highlight\"><a class=\"url-legal\" href=\"https:\/\/marcottestyle.com\/fr\/\">marcottestyle.com<\/a><\/span> (ci-apr\u00e8s le<strong>&#8220;site web<\/strong>&#8220;).<\/p>\n\t\t\t\t\t\t\t\t<\/div>\n\t\t\t\t<\/div>\n\t\t\t\t\t<\/div>\n\t\t\t\t<\/div>\n\t\t<div class=\"elementor-element elementor-element-8a35729 e-flex e-con-boxed e-con e-parent\" data-id=\"8a35729\" data-element_type=\"container\" data-e-type=\"container\" data-settings=\"{&quot;_ha_eqh_enable&quot;:false}\">\n\t\t\t\t\t<div class=\"e-con-inner\">\n\t\t\t\t<div class=\"elementor-element elementor-element-142ecbc elementor-align-left elementor-widget elementor-widget-etheme_advanced_headline\" data-id=\"142ecbc\" data-element_type=\"widget\" data-e-type=\"widget\" data-widget_type=\"etheme_advanced_headline.default\">\n\t\t\t\t<div class=\"elementor-widget-container\">\n\t\t\t\t\t        \n        <div class=\"etheme-a-h-wrapper\">\n        \n            \n\t\t\t\n        <h2 class=\"etheme-advanced-headline etheme-advanced-headline-mask\">\n\n            Qu'est-ce qu'un biscuit ?\n        <\/h2>\n\t\t\n                    \n        <\/div>\n        \n\t\t\t\t\t\t<\/div>\n\t\t\t\t<\/div>\n\t\t\t\t\t<\/div>\n\t\t\t\t<\/div>\n\t\t<div class=\"elementor-element elementor-element-96a165e e-flex e-con-boxed e-con e-parent\" data-id=\"96a165e\" data-element_type=\"container\" data-e-type=\"container\" data-settings=\"{&quot;_ha_eqh_enable&quot;:false}\">\n\t\t\t\t\t<div class=\"e-con-inner\">\n\t\t\t\t<div class=\"elementor-element elementor-element-7742772 elementor-widget elementor-widget-text-editor\" data-id=\"7742772\" data-element_type=\"widget\" data-e-type=\"widget\" data-widget_type=\"text-editor.default\">\n\t\t\t\t<div class=\"elementor-widget-container\">\n\t\t\t\t\t\t\t\t\t<p>Un cookie est un petit fichier texte qui est plac\u00e9 dans le navigateur de votre ordinateur ou de votre appareil mobile par le serveur d&#8217;un site web lorsque vous consultez ce site.<br \/>\nLe cookie contient un code unique qui permet de reconna\u00eetre votre navigateur lors de votre visite sur le site web (cookie dit &#8220;de session&#8221;) ou lors de visites ult\u00e9rieures et r\u00e9p\u00e9t\u00e9es (cookie dit &#8220;permanent&#8221;).<br \/>\nLes cookies peuvent \u00eatre plac\u00e9s par le serveur du site web que vous visitez ou par des partenaires avec lesquels ce site web coop\u00e8re.<br \/>\nLe serveur d&#8217;un site web ne peut lire que les cookies qu&#8217;il a lui-m\u00eame plac\u00e9s ; il n&#8217;a pas acc\u00e8s aux autres informations qui se trouvent sur votre ordinateur ou votre appareil mobile.<br \/>\nLes cookies sont stock\u00e9s sur votre ordinateur ou votre appareil mobile dans le dossier de votre navigateur.<br \/>\nLe contenu d&#8217;un cookie se compose g\u00e9n\u00e9ralement du nom du serveur qui a plac\u00e9 le cookie, d&#8217;une date d&#8217;expiration et d&#8217;un code num\u00e9rique unique.     <\/p>\n<p>Les cookies facilitent et acc\u00e9l\u00e8rent g\u00e9n\u00e9ralement l&#8217;interaction entre le visiteur et le site web et aident le visiteur \u00e0 naviguer entre les diff\u00e9rentes parties d&#8217;un site web.<br \/>\nLes cookies peuvent \u00e9galement \u00eatre utilis\u00e9s pour rendre le contenu d&#8217;un site web ou la publicit\u00e9 sur un site web plus pertinents pour le visiteur et l&#8217;adapter \u00e0 ses go\u00fbts et besoins personnels. <\/p>\n\t\t\t\t\t\t\t\t<\/div>\n\t\t\t\t<\/div>\n\t\t\t\t\t<\/div>\n\t\t\t\t<\/div>\n\t\t<div class=\"elementor-element elementor-element-6d39da0 e-flex e-con-boxed e-con e-parent\" data-id=\"6d39da0\" data-element_type=\"container\" data-e-type=\"container\" data-settings=\"{&quot;_ha_eqh_enable&quot;:false}\">\n\t\t\t\t\t<div class=\"e-con-inner\">\n\t\t\t\t<div class=\"elementor-element elementor-element-328b368 elementor-align-left elementor-widget elementor-widget-etheme_advanced_headline\" data-id=\"328b368\" data-element_type=\"widget\" data-e-type=\"widget\" data-widget_type=\"etheme_advanced_headline.default\">\n\t\t\t\t<div class=\"elementor-widget-container\">\n\t\t\t\t\t        \n        <div class=\"etheme-a-h-wrapper\">\n        \n            \n\t\t\t\n        <h2 class=\"etheme-advanced-headline etheme-advanced-headline-mask\">\n\n            Utilisation de cookies sur le site web du propri\u00e9taire du site web\n        <\/h2>\n\t\t\n                    \n        <\/div>\n        \n\t\t\t\t\t\t<\/div>\n\t\t\t\t<\/div>\n\t\t\t\t\t<\/div>\n\t\t\t\t<\/div>\n\t\t<div class=\"elementor-element elementor-element-498358d e-flex e-con-boxed e-con e-parent\" data-id=\"498358d\" data-element_type=\"container\" data-e-type=\"container\" data-settings=\"{&quot;_ha_eqh_enable&quot;:false}\">\n\t\t\t\t\t<div class=\"e-con-inner\">\n\t\t\t\t<div class=\"elementor-element elementor-element-fc71314 elementor-widget elementor-widget-text-editor\" data-id=\"fc71314\" data-element_type=\"widget\" data-e-type=\"widget\" data-widget_type=\"text-editor.default\">\n\t\t\t\t<div class=\"elementor-widget-container\">\n\t\t\t\t\t\t\t\t\t<ol start=\"1\">\n<li><strong>Cookies n\u00e9cessaires<\/strong><\/li>\n<\/ol>\n<p>Ces cookies sont essentiels pour visiter le site web et en utiliser certaines parties.<br \/>\nPar exemple, ces cookies vous permettent de naviguer entre les diff\u00e9rentes parties du site web.<br \/>\nSi vous refusez ces cookies, certaines parties du site ne fonctionneront pas ou ne fonctionneront pas de mani\u00e8re optimale.  <\/p>\n<ol start=\"2\">\n<li><strong>Cookies fonctionnels<\/strong><\/li>\n<\/ol>\n<p>Les cookies fonctionnels sont ceux qui rendent le fonctionnement de notre site web plus facile et plus agr\u00e9able pour les visiteurs et qui vous garantissent une exp\u00e9rience de navigation plus personnalis\u00e9e.<br \/>\nIl s&#8217;agit par exemple des cookies qui m\u00e9morisent votre pr\u00e9f\u00e9rence linguistique et votre segment de client\u00e8le, ainsi que des cookies qui d\u00e9terminent, par exemple, si vous avez d\u00e9j\u00e0 \u00e9t\u00e9 invit\u00e9 \u00e0 participer \u00e0 une enqu\u00eate, afin que nous ne vous pr\u00e9sentions pas la m\u00eame enqu\u00eate \u00e0 plusieurs reprises. <\/p>\n<ol start=\"3\">\n<li><strong>Cookies de performance<\/strong><\/li>\n<\/ol>\n<p>Nous utilisons des cookies de performance pour collecter des informations sur l&#8217;utilisation que les visiteurs font de notre site web dans le but d&#8217;am\u00e9liorer le contenu de notre site web, de l&#8217;adapter davantage aux besoins des visiteurs et d&#8217;accro\u00eetre la facilit\u00e9 d&#8217;utilisation de notre site web.<\/p>\n<ol start=\"4\">\n<li><strong>Cookies de tiers<\/strong><\/li>\n<\/ol>\n<p>Notre site web peut \u00e9galement contenir des \u00e9l\u00e9ments d&#8217;autres services tiers, actuels ou futurs, tels que des services vid\u00e9o, des boutons de m\u00e9dias sociaux et\/ou des publicit\u00e9s.<\/p>\n\t\t\t\t\t\t\t\t<\/div>\n\t\t\t\t<\/div>\n\t\t\t\t\t<\/div>\n\t\t\t\t<\/div>\n\t\t<div class=\"elementor-element elementor-element-0982ff5 e-flex e-con-boxed e-con e-parent\" data-id=\"0982ff5\" data-element_type=\"container\" data-e-type=\"container\" data-settings=\"{&quot;_ha_eqh_enable&quot;:false}\">\n\t\t\t\t\t<div class=\"e-con-inner\">\n\t\t\t\t<div class=\"elementor-element elementor-element-7be9ea5 elementor-align-left elementor-widget elementor-widget-etheme_advanced_headline\" data-id=\"7be9ea5\" data-element_type=\"widget\" data-e-type=\"widget\" data-widget_type=\"etheme_advanced_headline.default\">\n\t\t\t\t<div class=\"elementor-widget-container\">\n\t\t\t\t\t        \n        <div class=\"etheme-a-h-wrapper\">\n        \n            \n\t\t\t\n        <h2 class=\"etheme-advanced-headline etheme-advanced-headline-mask\">\n\n            Gestion des cookies\n        <\/h2>\n\t\t\n                    \n        <\/div>\n        \n\t\t\t\t\t\t<\/div>\n\t\t\t\t<\/div>\n\t\t\t\t\t<\/div>\n\t\t\t\t<\/div>\n\t\t<div class=\"elementor-element elementor-element-2156b1d e-flex e-con-boxed e-con e-parent\" data-id=\"2156b1d\" data-element_type=\"container\" data-e-type=\"container\" data-settings=\"{&quot;_ha_eqh_enable&quot;:false}\">\n\t\t\t\t\t<div class=\"e-con-inner\">\n\t\t\t\t<div class=\"elementor-element elementor-element-3f50ab5 elementor-widget elementor-widget-text-editor\" data-id=\"3f50ab5\" data-element_type=\"widget\" data-e-type=\"widget\" data-widget_type=\"text-editor.default\">\n\t\t\t\t<div class=\"elementor-widget-container\">\n\t\t\t\t\t\t\t\t\t<p>Vous pouvez configurer votre navigateur pour qu&#8217;il vous avertisse lorsqu&#8217;un cookie est install\u00e9 ou pour emp\u00eacher la collecte de cookies.<\/p>\n<p>Si vous emp\u00eachez l&#8217;installation de cookies, il se peut que certaines fonctions du site web ne fonctionnent pas ou que vous ne puissiez pas utiliser certains services du propri\u00e9taire du site web.<\/p>\n<p>Nous n&#8217;utilisons pas de cookies pour vous identifier personnellement ou stocker des donn\u00e9es personnelles vous concernant \u00e0 votre insu.<br \/>\nToutefois, si vous souhaitez restreindre, bloquer ou supprimer l&#8217;installation de cookies sur votre ordinateur ou votre terminal mobile, vous pouvez le faire par le biais des param\u00e8tres de votre navigateur.<br \/>\nAcc\u00e9dez \u00e0 la fonction AIDE de votre navigateur.<br \/>\nVous y trouverez la marche \u00e0 suivre.   <\/p>\n\t\t\t\t\t\t\t\t<\/div>\n\t\t\t\t<\/div>\n\t\t\t\t\t<\/div>\n\t\t\t\t<\/div>\n\t\t<div class=\"elementor-element elementor-element-3aa4e1c e-flex e-con-boxed e-con e-parent\" data-id=\"3aa4e1c\" data-element_type=\"container\" data-e-type=\"container\" data-settings=\"{&quot;_ha_eqh_enable&quot;:false}\">\n\t\t\t\t\t<div class=\"e-con-inner\">\n\t\t\t\t<div class=\"elementor-element elementor-element-11a8e19 elementor-align-left elementor-widget elementor-widget-etheme_advanced_headline\" data-id=\"11a8e19\" data-element_type=\"widget\" data-e-type=\"widget\" data-widget_type=\"etheme_advanced_headline.default\">\n\t\t\t\t<div class=\"elementor-widget-container\">\n\t\t\t\t\t        \n        <div class=\"etheme-a-h-wrapper\">\n        \n            \n\t\t\t\n        <h2 class=\"etheme-advanced-headline etheme-advanced-headline-mask\">\n\n            Politique de confidentialit\u00e9\n        <\/h2>\n\t\t\n                    \n        <\/div>\n        \n\t\t\t\t\t\t<\/div>\n\t\t\t\t<\/div>\n\t\t\t\t\t<\/div>\n\t\t\t\t<\/div>\n\t\t<div class=\"elementor-element elementor-element-6c977ca e-flex e-con-boxed e-con e-parent\" data-id=\"6c977ca\" data-element_type=\"container\" data-e-type=\"container\" data-settings=\"{&quot;_ha_eqh_enable&quot;:false}\">\n\t\t\t\t\t<div class=\"e-con-inner\">\n\t\t\t\t<div class=\"elementor-element elementor-element-8cd1759 elementor-widget elementor-widget-text-editor\" data-id=\"8cd1759\" data-element_type=\"widget\" data-e-type=\"widget\" data-widget_type=\"text-editor.default\">\n\t\t\t\t<div class=\"elementor-widget-container\">\n\t\t\t\t\t\t\t\t\t<p>Cette version est valable \u00e0 partir du 1er janvier 2015<\/p>\n<ol start=\"1\">\n<li><strong>Proc\u00e9dures du site web<\/strong><\/li>\n<\/ol>\n<p>Cette politique de confidentialit\u00e9 d\u00e9crit comment le propri\u00e9taire du site Web utilise et s\u00e9curise les donn\u00e9es que l&#8217;utilisateur de ce site Web transmet au propri\u00e9taire du site Web lorsqu&#8217;il visite ce site Web.<\/p>\n<p>L&#8217;utilisateur n&#8217;a pas besoin de fournir d&#8217;informations personnelles pour utiliser le site web <span class=\"om-highlight\"><a class=\"url-legal\" href=\"https:\/\/marcottestyle.com\/fr\/\">marcottestyle.com<\/a><\/span> (ci-apr\u00e8s le<strong>&#8220;site web<\/strong>&#8220;).<\/p>\n<p>En principe, le site web ne collecte pas de donn\u00e9es \u00e0 caract\u00e8re personnel.<br \/>\nSi le site web devait n\u00e9anmoins collecter des donn\u00e9es \u00e0 caract\u00e8re personnel, aujourd&#8217;hui ou \u00e0 l&#8217;avenir, il ne collecterait que les donn\u00e9es \u00e0 caract\u00e8re personnel fournies explicitement et volontairement par les utilisateurs.<br \/>\nCes donn\u00e9es peuvent inclure, sans s&#8217;y limiter, le nom et le pr\u00e9nom de l&#8217;utilisateur, son adresse \u00e9lectronique, son num\u00e9ro de t\u00e9l\u00e9phone, son pays et son profil.<br \/>\nEn principe, le propri\u00e9taire du site web ne demande pas aux utilisateurs des informations sensibles (telles que des donn\u00e9es sur la race, l&#8217;origine ethnique, les croyances religieuses, le casier judiciaire, la sant\u00e9 physique ou mentale ou l&#8217;orientation sexuelle).<br \/>\nLe cas \u00e9ch\u00e9ant, le propri\u00e9taire du site web demandera le consentement explicite des utilisateurs pour collecter et utiliser ces informations.    <\/p>\n<ol start=\"2\">\n<li><strong>Informations collect\u00e9es automatiquement<\/strong><\/li>\n<\/ol>\n<p>2.1 Informations techniques<\/p>\n<p>Comme beaucoup d&#8217;autres sites web, le site web recueille automatiquement certaines informations non identifiables sur les utilisateurs du site web, telles que l&#8217;adresse du protocole Internet (IP) de votre ordinateur, l&#8217;adresse IP de votre fournisseur de services Internet, la date et l&#8217;heure de votre acc\u00e8s au site web, l&#8217;adresse Internet du site web \u00e0 partir duquel vous avez acc\u00e9d\u00e9 directement \u00e0 ce site web, le syst\u00e8me d&#8217;exploitation que vous utilisez, les parties du site web que vous visitez, les pages du site web et les informations que vous avez consult\u00e9es et le mat\u00e9riel que vous avez envoy\u00e9 au site web ou t\u00e9l\u00e9charg\u00e9 \u00e0 partir du site web.<br \/>\nCes informations techniques sont utilis\u00e9es \u00e0 des fins d&#8217;administration du site web et du syst\u00e8me, ainsi que pour am\u00e9liorer le site web.<br \/>\nCes informations techniques peuvent \u00eatre transmises \u00e0 des tiers et stock\u00e9es de mani\u00e8re permanente en vue d&#8217;une utilisation ult\u00e9rieure.  <\/p>\n<p>2.2 Cookies et balises web<\/p>\n<p>Pour assurer la bonne gestion du site web et faciliter la navigation \u00e0 l&#8217;int\u00e9rieur de celui-ci, le propri\u00e9taire du site web peut utiliser des cookies (petits fichiers texte stock\u00e9s dans le navigateur de l&#8217;utilisateur) ou des balises web (images \u00e9lectroniques qui permettent de compter le nombre d&#8217;utilisateurs ayant visit\u00e9 une page particuli\u00e8re et acc\u00e9d\u00e9 \u00e0 certains cookies) pour collecter des donn\u00e9es globales.<br \/>\nLe propri\u00e9taire du site peut utiliser ces outils pour suivre diverses donn\u00e9es dans ses syst\u00e8mes et pour classer les utilisateurs en fonction de divers crit\u00e8res tels que l&#8217;adresse IP, le domaine, le type de navigateur et les pages visit\u00e9es.<br \/>\nCes informations peuvent \u00eatre utilis\u00e9es pour analyser le nombre d&#8217;utilisateurs dans les diff\u00e9rentes sections du site web et pour s&#8217;assurer que le site web constitue une source d&#8217;information utile et efficace.  <\/p>\n<p>Ni les cookies des propri\u00e9taires de sites web ni les pixels invisibles ne collectent de donn\u00e9es personnelles, telles que le nom ou l&#8217;adresse \u00e9lectronique des utilisateurs.<br \/>\nEn outre, la plupart des navigateurs offrent aux utilisateurs la possibilit\u00e9 de d\u00e9sactiver les cookies.<br \/>\nDans certains cas, les utilisateurs peuvent se voir refuser l&#8217;acc\u00e8s \u00e0 certaines parties du site web si leur navigateur est configur\u00e9 pour d\u00e9sactiver les cookies.  <\/p>\n<p>Pour plus d&#8217;informations, veuillez consulter notre politique en mati\u00e8re de cookies, telle qu&#8217;elle est publi\u00e9e sur le site web.<\/p>\n<ol start=\"3\">\n<li><strong>Informations utilis\u00e9es<\/strong><\/li>\n<\/ol>\n<p>Le propri\u00e9taire du site web peut utiliser des informations non personnelles pour g\u00e9n\u00e9rer des rapports de suivi globaux sur les caract\u00e9ristiques d\u00e9mographiques des utilisateurs du site web et sur l&#8217;utilisation du site web, et peut fournir ces rapports \u00e0 des tiers.<br \/>\nLes informations de suivi contenues dans ces rapports ne sont pas li\u00e9es \u00e0 l&#8217;identit\u00e9 des utilisateurs individuels ou \u00e0 toute autre information personnelle les concernant. <\/p>\n<ol start=\"4\">\n<li><strong>Autres questions<\/strong><\/li>\n<\/ol>\n<p>4.1 S\u00e9curit\u00e9<\/p>\n<p>Le propri\u00e9taire du site web s&#8217;efforce de s\u00e9curiser ses serveurs, applications et bases de donn\u00e9es et d&#8217;emp\u00eacher tout acc\u00e8s ou utilisation non autoris\u00e9.<br \/>\n\u00c0 cette fin, le propri\u00e9taire du site web met en \u0153uvre des moyens physiques, administratifs et technologiques pour s\u00e9curiser les informations qu&#8217;il d\u00e9tient. <\/p>\n<p>Malheureusement, le propri\u00e9taire du site ne peut pas garantir une s\u00e9curit\u00e9 \u00e0 100 %.<br \/>\nSi vous avez des inqui\u00e9tudes particuli\u00e8res concernant le traitement de certaines donn\u00e9es personnelles, il est pr\u00e9f\u00e9rable de ne pas transmettre ces informations sur l&#8217;internet. <\/p>\n<p>4.2 Autres sites web<\/p>\n<p>Le site web peut contenir des liens vers d&#8217;autres sites web ou ressources Internet.<br \/>\nLorsque vous cliquez sur l&#8217;un de ces liens, vous acc\u00e9dez \u00e0 un autre site web ou \u00e0 une autre ressource Internet susceptible de collecter sciemment ou par le biais de cookies ou d&#8217;autres technologies des informations vous concernant.<br \/>\nLe propri\u00e9taire du site n&#8217;est en aucun cas responsable de ces autres sites web ou ressources Internet, ni de la collecte, de l&#8217;utilisation et de la diffusion de vos donn\u00e9es personnelles, et n&#8217;exerce aucun contr\u00f4le sur ces sites ou ressources Internet.<br \/>\nVous devez v\u00e9rifier vous-m\u00eame les politiques de confidentialit\u00e9 de ces autres sites web et ressources Internet et \u00e9valuer par vous-m\u00eame la mani\u00e8re dont ils collectent et utilisent les informations.   <\/p>\n<p>4.3 Modifications de la politique de confidentialit\u00e9<\/p>\n<p>Le propri\u00e9taire du site web peut modifier, compl\u00e9ter ou amender sa politique de confidentialit\u00e9 \u00e0 tout moment, pour quelque raison que ce soit, en publiant la politique de confidentialit\u00e9 r\u00e9vis\u00e9e sur le site web de mani\u00e8re tr\u00e8s visible.<\/p>\n<ol start=\"5\">\n<li><strong>Notification<\/strong><\/li>\n<\/ol>\n<p>Le propri\u00e9taire du site se soucie de votre vie priv\u00e9e et s&#8217;engage \u00e0 traiter vos donn\u00e9es personnelles conform\u00e9ment \u00e0 la loi belge, \u00e0 sa &#8220;politique g\u00e9n\u00e9rale de protection des donn\u00e9es&#8221; et aux normes les plus \u00e9lev\u00e9es en mati\u00e8re d&#8217;information loyale.<\/p>\n<ol start=\"6\">\n<li><strong>Pourquoi enregistrons-nous vos donn\u00e9es personnelles ?<\/strong><\/li>\n<\/ol>\n<p>6.1.<br \/>\nAlgemene doeleinden <\/p>\n<p>Le cas \u00e9ch\u00e9ant, le propri\u00e9taire du site traite vos donn\u00e9es \u00e0 caract\u00e8re personnel uniquement aux fins suivantes<br \/>\n(i) toute demande d&#8217;emploi,<br \/>\n(ii) l&#8217;ex\u00e9cution et l&#8217;extension de ses missions ;<br \/>\n(iii) de vous informer sur ses autres biens et\/ou services.   <\/p>\n<p>Pour les finalit\u00e9s mentionn\u00e9es ci-dessus, le propri\u00e9taire du site peut \u00eatre amen\u00e9 \u00e0 acqu\u00e9rir des informations personnelles relatives \u00e0 l&#8217;identit\u00e9 de l&#8217;utilisateur (nom, pr\u00e9nom et adresse), \u00e0 sa carri\u00e8re, \u00e0 son exp\u00e9rience, \u00e0 sa motivation et \u00e0 toutes les informations habituellement contenues dans un curriculum vitae.<\/p>\n<p>6.2.<br \/>\nDirecte marketing en communicatie met derden <\/p>\n<p>Le propri\u00e9taire du site web consid\u00e8re vos donn\u00e9es personnelles comme des informations confidentielles qu&#8217;il ne divulguera jamais \u00e0 des tiers et qui ne seront pas utilis\u00e9es \u00e0 des fins de marketing direct, sauf si vous avez donn\u00e9 votre accord pr\u00e9alable au propri\u00e9taire du site web.<\/p>\n<p>Bien entendu, si vous avez donn\u00e9 votre accord au propri\u00e9taire du site web, vous pouvez toujours vous d\u00e9sabonner de certains services.<br \/>\nConform\u00e9ment \u00e0 la loi, vous avez le droit de vous opposer, sur demande et gratuitement, \u00e0 l&#8217;utilisation de vos donn\u00e9es personnelles \u00e0 des fins de marketing direct.<br \/>\nIl vous suffit d&#8217;adresser votre demande \u00e0 notre service client\u00e8le par courrier \u00e9lectronique (<span class=\"om-highlight\"><a class=\"email-legal\" href=\"mailto:info@marcottestyle.com\">info@marcottestyle.com<\/a><\/span>) ou de nous contacter par t\u00e9l\u00e9phone au <span class=\"om-highlight\"><a class=\"phone-legal\" href=\"tel:003232304011\">+32 3 230 40 11<\/a><\/span>.  <\/p>\n<ol start=\"7\">\n<li><strong>Qui est responsable du traitement de vos donn\u00e9es personnelles ?<\/strong><\/li>\n<\/ol>\n<p>Le responsable du traitement de toutes les donn\u00e9es personnelles collect\u00e9es par le biais du site web est le propri\u00e9taire du site web.<\/p>\n<ol start=\"8\">\n<li><strong>Comment puis-je acc\u00e9der \u00e0 mes donn\u00e9es personnelles ?<\/strong><\/li>\n<\/ol>\n<p>Vous pouvez demander au propri\u00e9taire du site web d&#8217;acc\u00e9der \u00e0 vos donn\u00e9es personnelles, de les modifier ou de les supprimer gratuitement en lui envoyant une lettre ou un courrier \u00e9lectronique, accompagn\u00e9 d&#8217;une copie de votre carte d&#8217;identit\u00e9.<\/p>\n<p>Le propri\u00e9taire du site fera alors tout son possible pour r\u00e9pondre \u00e0 votre demande dans les plus brefs d\u00e9lais.<\/p>\n<ol start=\"9\">\n<li><strong>Informations g\u00e9n\u00e9rales<\/strong><\/li>\n<\/ol>\n<p>La politique de protection de vos donn\u00e9es personnelles est conforme \u00e0 toutes les dispositions l\u00e9gales en vigueur en Belgique et dans l&#8217;Union europ\u00e9enne :<\/p>\n<ul>\n<li>La loi belge du 8 d\u00e9cembre 1992, dite &#8220;loi vie priv\u00e9e&#8221; (modifi\u00e9e en dernier lieu par la loi du 11 d\u00e9cembre 1998)<\/li>\n<li>Directive europ\u00e9enne n\u00b0 95\/46\/CE du 24 octobre 1995 sur la protection de la vie priv\u00e9e<\/li>\n<\/ul>\n<p>Nous ne sommes pas responsables des politiques de confidentialit\u00e9 des sites web accessibles par des liens hypertextes \u00e0 partir du site web.<\/p>\n<p>La pr\u00e9sente politique de protection de la vie priv\u00e9e est exclusivement r\u00e9gie par le droit belge et doit \u00eatre interpr\u00e9t\u00e9e conform\u00e9ment \u00e0 celui-ci.<br \/>\nEn cas de litige, les tribunaux du si\u00e8ge social du propri\u00e9taire du site seront comp\u00e9tents. <\/p>\n\t\t\t\t\t\t\t\t<\/div>\n\t\t\t\t<\/div>\n\t\t\t\t\t<\/div>\n\t\t\t\t<\/div>\n\t\t\t\t<\/div>\n\t\t","protected":false},"excerpt":{"rendered":"<p>Politique en mati\u00e8re de cookies Marcotte Style, dont le si\u00e8ge social est situ\u00e9 \u00e0 2950 Kapellen, Marcottedreef 20, inscrit au registre des personnes morales d&#8217;Anvers&#8230;<\/p>\n","protected":false},"author":2,"featured_media":0,"parent":0,"menu_order":1001,"comment_status":"closed","ping_status":"closed","template":"elementor_header_footer","meta":{"ngg_post_thumbnail":0,"footnotes":""},"class_list":["post-6715","page","type-page","status-publish","hentry"],"_links":{"self":[{"href":"https:\/\/marcottestyle.com\/fr\/wp-json\/wp\/v2\/pages\/6715","targetHints":{"allow":["GET"]}}],"collection":[{"href":"https:\/\/marcottestyle.com\/fr\/wp-json\/wp\/v2\/pages"}],"about":[{"href":"https:\/\/marcottestyle.com\/fr\/wp-json\/wp\/v2\/types\/page"}],"author":[{"embeddable":true,"href":"https:\/\/marcottestyle.com\/fr\/wp-json\/wp\/v2\/users\/2"}],"replies":[{"embeddable":true,"href":"https:\/\/marcottestyle.com\/fr\/wp-json\/wp\/v2\/comments?post=6715"}],"version-history":[{"count":3,"href":"https:\/\/marcottestyle.com\/fr\/wp-json\/wp\/v2\/pages\/6715\/revisions"}],"predecessor-version":[{"id":39201,"href":"https:\/\/marcottestyle.com\/fr\/wp-json\/wp\/v2\/pages\/6715\/revisions\/39201"}],"wp:attachment":[{"href":"https:\/\/marcottestyle.com\/fr\/wp-json\/wp\/v2\/media?parent=6715"}],"curies":[{"name":"wp","href":"https:\/\/api.w.org\/{rel}","templated":true}]}}