{"id":6793,"date":"2018-02-22T16:20:11","date_gmt":"2018-02-22T15:20:11","guid":{"rendered":"http:\/\/marcottestyle.com\/?page_id=6793"},"modified":"2025-02-12T21:18:43","modified_gmt":"2025-02-12T20:18:43","slug":"amenagement-d-hotels","status":"publish","type":"page","link":"https:\/\/marcottestyle.com\/fr\/amenagement-d-hotels\/","title":{"rendered":"Conception de l&#8217;h\u00f4tel"},"content":{"rendered":"\t\t<div data-elementor-type=\"wp-page\" data-elementor-id=\"6793\" class=\"elementor elementor-6793 elementor-6788\" data-elementor-settings=\"{&quot;ha_cmc_init_switcher&quot;:&quot;no&quot;}\" data-elementor-post-type=\"page\">\n\t\t\t\t<div class=\"elementor-element elementor-element-e39325b e-flex e-con-boxed e-con e-parent\" data-id=\"e39325b\" data-element_type=\"container\" data-e-type=\"container\" data-settings=\"{&quot;_ha_eqh_enable&quot;:false}\">\n\t\t\t\t\t<div class=\"e-con-inner\">\n\t\t\t\t\t<\/div>\n\t\t\t\t<\/div>\n\t\t<div class=\"elementor-element elementor-element-e5f8f83 e-flex e-con-boxed e-con e-parent\" data-id=\"e5f8f83\" data-element_type=\"container\" data-e-type=\"container\" data-settings=\"{&quot;_ha_eqh_enable&quot;:false}\">\n\t\t\t\t\t<div class=\"e-con-inner\">\n\t\t\t\t<div class=\"elementor-element elementor-element-bdc4bee elementor-widget elementor-widget-spacer\" data-id=\"bdc4bee\" data-element_type=\"widget\" data-e-type=\"widget\" data-widget_type=\"spacer.default\">\n\t\t\t\t<div class=\"elementor-widget-container\">\n\t\t\t\t\t\t\t<div class=\"elementor-spacer\">\n\t\t\t<div class=\"elementor-spacer-inner\"><\/div>\n\t\t<\/div>\n\t\t\t\t\t\t<\/div>\n\t\t\t\t<\/div>\n\t\t\t\t\t<\/div>\n\t\t\t\t<\/div>\n\t\t<div class=\"elementor-element elementor-element-afd038c e-flex e-con-boxed e-con e-parent\" data-id=\"afd038c\" data-element_type=\"container\" data-e-type=\"container\" data-settings=\"{&quot;_ha_eqh_enable&quot;:false}\">\n\t\t\t\t\t<div class=\"e-con-inner\">\n\t\t\t\t<div class=\"elementor-element elementor-element-efc36e7 elementor-widget elementor-widget-text-editor\" data-id=\"efc36e7\" data-element_type=\"widget\" data-e-type=\"widget\" data-widget_type=\"text-editor.default\">\n\t\t\t\t<div class=\"elementor-widget-container\">\n\t\t\t\t\t\t\t\t\t<p>Gr\u00e2ce au partenariat avec une menuiserie europ\u00e9enne de haute technologie et une grande usine de meubles en Europe de l&#8217;Est, Marcottestyle peut rapidement r\u00e9pondre \u00e0 la demande de meubles sur mesure beaux et abordables.&nbsp;  Panneaux muraux,&nbsp;<span style=\"text-decoration: underline;\"><span style=\"color: #96825b;\"><a style=\"color: #96825b; text-decoration: underline;\" title=\"plafonds\" href=\"https:\/\/marcottestyle.com\/fr\/plafonds\/\">plafonds<\/a><\/span><\/span>les sols ou&nbsp;<span style=\"text-decoration: underline;\"><span style=\"color: #96825b;\"><a style=\"color: #96825b; text-decoration: underline;\" title=\"armoires sur mesure\" href=\"https:\/\/marcottestyle.com\/fr\/placards-sur-mesure\/\">armoires sur mesure<\/a><\/span><\/span>&nbsp;en bois sp\u00e9ciaux, en MDF peint ou en placage est notre sp\u00e9cialit\u00e9. Nous appliquons une peinture haute brillance en 2 composants, toujours exempte de rayures et de poussi\u00e8re, comme l&#8217;\u00e9clat d&#8217;une voiture neuve. &nbsp;<\/p>\n\t\t\t\t\t\t\t\t<\/div>\n\t\t\t\t<\/div>\n\t\t\t\t\t<\/div>\n\t\t\t\t<\/div>\n\t\t<div class=\"elementor-element elementor-element-09e9fba e-flex e-con-boxed e-con e-parent\" data-id=\"09e9fba\" data-element_type=\"container\" data-e-type=\"container\" data-settings=\"{&quot;_ha_eqh_enable&quot;:false}\">\n\t\t\t\t\t<div class=\"e-con-inner\">\n\t\t\t\t<div class=\"elementor-element elementor-element-b2f50d6 elementor-align-left elementor-widget elementor-widget-etheme_advanced_headline\" data-id=\"b2f50d6\" data-element_type=\"widget\" data-e-type=\"widget\" data-widget_type=\"etheme_advanced_headline.default\">\n\t\t\t\t<div class=\"elementor-widget-container\">\n\t\t\t\t\t        \n        <div class=\"etheme-a-h-wrapper\">\n        \n            \n\t\t\t\n        <h2 class=\"etheme-advanced-headline etheme-advanced-headline-mask\">\n\n            Fabrication propre :\n        <\/h2>\n\t\t\n                    \n        <\/div>\n        \n\t\t\t\t\t\t<\/div>\n\t\t\t\t<\/div>\n\t\t\t\t\t<\/div>\n\t\t\t\t<\/div>\n\t\t<div class=\"elementor-element elementor-element-2096ed2 e-flex e-con-boxed e-con e-parent\" data-id=\"2096ed2\" data-element_type=\"container\" data-e-type=\"container\" data-settings=\"{&quot;_ha_eqh_enable&quot;:false}\">\n\t\t\t\t\t<div class=\"e-con-inner\">\n\t\t\t\t<div class=\"elementor-element elementor-element-96bb187 elementor-widget elementor-widget-text-editor\" data-id=\"96bb187\" data-element_type=\"widget\" data-e-type=\"widget\" data-widget_type=\"text-editor.default\">\n\t\t\t\t<div class=\"elementor-widget-container\">\n\t\t\t\t\t\t\t\t\t<p>En outre, tous les meubles sont toujours fabriqu\u00e9s sur mesure, sans diff\u00e9rence de prix par rapport aux mod\u00e8les standard ! Vous pouvez venir voir la plupart des meubles dans notre villa d&#8217;exposition. Plus de 500 types de tissus et de magnifiques cuirs artificiels ou italiens sont disponibles. Jetez un coup d&#8217;\u0153il rapide \u00e0 notre boutique en ligne pour vous inspirer et vous faire une id\u00e9e de ce que nous offrons, bien que pour les h\u00f4tels et les restaurants, tout est toujours fait sur mesure, ce qui ne peut \u00e9videmment pas \u00eatre trouv\u00e9 dans la boutique en ligne.   <\/p>\n\t\t\t\t\t\t\t\t<\/div>\n\t\t\t\t<\/div>\n\t\t\t\t\t<\/div>\n\t\t\t\t<\/div>\n\t\t<div class=\"elementor-element elementor-element-c8917dd e-flex e-con-boxed e-con e-parent\" data-id=\"c8917dd\" data-element_type=\"container\" data-e-type=\"container\" data-settings=\"{&quot;_ha_eqh_enable&quot;:false}\">\n\t\t\t\t\t<div class=\"e-con-inner\">\n\t\t\t\t<div class=\"elementor-element elementor-element-82b801f elementor-align-left elementor-widget elementor-widget-etheme_advanced_headline\" data-id=\"82b801f\" data-element_type=\"widget\" data-e-type=\"widget\" data-widget_type=\"etheme_advanced_headline.default\">\n\t\t\t\t<div class=\"elementor-widget-container\">\n\t\t\t\t\t        \n        <div class=\"etheme-a-h-wrapper\">\n        \n            \n\t\t\t\n        <h2 class=\"etheme-advanced-headline etheme-advanced-headline-mask\">\n\n            La r\u00e9f\u00e9rence pour les h\u00f4tels ou les restaurants de classe :\n        <\/h2>\n\t\t\n                    \n        <\/div>\n        \n\t\t\t\t\t\t<\/div>\n\t\t\t\t<\/div>\n\t\t\t\t\t<\/div>\n\t\t\t\t<\/div>\n\t\t<div class=\"elementor-element elementor-element-d4b3aa9 e-flex e-con-boxed e-con e-parent\" data-id=\"d4b3aa9\" data-element_type=\"container\" data-e-type=\"container\" data-settings=\"{&quot;_ha_eqh_enable&quot;:false}\">\n\t\t\t\t\t<div class=\"e-con-inner\">\n\t\t\t\t<div class=\"elementor-element elementor-element-273105d elementor-widget elementor-widget-text-editor\" data-id=\"273105d\" data-element_type=\"widget\" data-e-type=\"widget\" data-widget_type=\"text-editor.default\">\n\t\t\t\t<div class=\"elementor-widget-container\">\n\t\t\t\t\t\t\t\t\t<p>Marcottestyle est une r\u00e9f\u00e9rence en mati\u00e8re de design h\u00f4telier dans un style contemporain, classique, campagnard ou moderne. Le fait que des h\u00f4tels renomm\u00e9s et chics et m\u00eame des ambassades fassent souvent appel \u00e0 nos services peut \u00eatre consid\u00e9r\u00e9 comme une r\u00e9f\u00e9rence. <\/p>\n\t\t\t\t\t\t\t\t<\/div>\n\t\t\t\t<\/div>\n\t\t\t\t\t<\/div>\n\t\t\t\t<\/div>\n\t\t<div class=\"elementor-element elementor-element-cf8db3f e-flex e-con-boxed e-con e-parent\" data-id=\"cf8db3f\" data-element_type=\"container\" data-e-type=\"container\" data-settings=\"{&quot;_ha_eqh_enable&quot;:false}\">\n\t\t\t\t\t<div class=\"e-con-inner\">\n\t\t\t\t<div class=\"elementor-element elementor-element-83ff06b elementor-widget elementor-widget-shortcode\" data-id=\"83ff06b\" data-element_type=\"widget\" data-e-type=\"widget\" data-widget_type=\"shortcode.default\">\n\t\t\t\t<div class=\"elementor-widget-container\">\n\t\t\t\t\t\t\t<div class=\"elementor-shortcode\">ngg_shortcode_0_placeholder<\/div>\n\t\t\t\t\t\t<\/div>\n\t\t\t\t<\/div>\n\t\t\t\t<div class=\"elementor-element elementor-element-0e89d08 elementor-widget elementor-widget-spacer\" data-id=\"0e89d08\" data-element_type=\"widget\" data-e-type=\"widget\" data-widget_type=\"spacer.default\">\n\t\t\t\t<div class=\"elementor-widget-container\">\n\t\t\t\t\t\t\t<div class=\"elementor-spacer\">\n\t\t\t<div class=\"elementor-spacer-inner\"><\/div>\n\t\t<\/div>\n\t\t\t\t\t\t<\/div>\n\t\t\t\t<\/div>\n\t\t\t\t\t<\/div>\n\t\t\t\t<\/div>\n\t\t\t\t<\/div>\n\t\t","protected":false},"excerpt":{"rendered":"<p>[rev_slider alias=&#8221;Hotelinrichting&#8221; slidertitle=&#8221;Hotelinrichting&#8221;][\/rev_slider] Gr\u00e2ce au partenariat avec une menuiserie europ\u00e9enne de haute technologie et une grande usine de meubles en Europe de l&#8217;Est, Marcottestyle peut&#8230;<\/p>\n","protected":false},"author":2,"featured_media":12328,"parent":0,"menu_order":10,"comment_status":"closed","ping_status":"closed","template":"elementor_header_footer","meta":{"ngg_post_thumbnail":0,"footnotes":""},"class_list":["post-6793","page","type-page","status-publish","has-post-thumbnail","hentry"],"_links":{"self":[{"href":"https:\/\/marcottestyle.com\/fr\/wp-json\/wp\/v2\/pages\/6793","targetHints":{"allow":["GET"]}}],"collection":[{"href":"https:\/\/marcottestyle.com\/fr\/wp-json\/wp\/v2\/pages"}],"about":[{"href":"https:\/\/marcottestyle.com\/fr\/wp-json\/wp\/v2\/types\/page"}],"author":[{"embeddable":true,"href":"https:\/\/marcottestyle.com\/fr\/wp-json\/wp\/v2\/users\/2"}],"replies":[{"embeddable":true,"href":"https:\/\/marcottestyle.com\/fr\/wp-json\/wp\/v2\/comments?post=6793"}],"version-history":[{"count":6,"href":"https:\/\/marcottestyle.com\/fr\/wp-json\/wp\/v2\/pages\/6793\/revisions"}],"predecessor-version":[{"id":39283,"href":"https:\/\/marcottestyle.com\/fr\/wp-json\/wp\/v2\/pages\/6793\/revisions\/39283"}],"wp:featuredmedia":[{"embeddable":true,"href":"https:\/\/marcottestyle.com\/fr\/wp-json\/wp\/v2\/media\/12328"}],"wp:attachment":[{"href":"https:\/\/marcottestyle.com\/fr\/wp-json\/wp\/v2\/media?parent=6793"}],"curies":[{"name":"wp","href":"https:\/\/api.w.org\/{rel}","templated":true}]}}