{"id":7328,"date":"2018-03-02T19:34:07","date_gmt":"2018-03-02T18:34:07","guid":{"rendered":"http:\/\/marcottestyle.com\/?page_id=7328"},"modified":"2020-01-14T19:10:40","modified_gmt":"2020-01-14T18:10:40","slug":"amenagement-complet-interieur","status":"publish","type":"page","link":"https:\/\/marcottestyle.com\/fr\/amenagement-complet-interieur\/","title":{"rendered":"Am\u00e9nagement complet d&#8217;interieur"},"content":{"rendered":"<h3>Marcottestyle est le sp\u00e9cialiste de tout am\u00e9nagement int\u00e9rieur total:<\/h3>\n<p><img fetchpriority=\"high\" decoding=\"async\" class=\"alignleft wp-image-13525 size-medium\" src=\"http:\/\/marcottestyle.com\/wp-content\/uploads\/2020\/01\/Marcottestyle-totaal-interieurinrichting-300x200.jpg\" alt=\"\" width=\"300\" height=\"200\" title=\"\" srcset=\"https:\/\/marcottestyle.com\/wp-content\/uploads\/2020\/01\/Marcottestyle-totaal-interieurinrichting-300x200.jpg 300w, https:\/\/marcottestyle.com\/wp-content\/uploads\/2020\/01\/Marcottestyle-totaal-interieurinrichting-1024x683.jpg 1024w, https:\/\/marcottestyle.com\/wp-content\/uploads\/2020\/01\/Marcottestyle-totaal-interieurinrichting-768x512.jpg 768w, https:\/\/marcottestyle.com\/wp-content\/uploads\/2020\/01\/Marcottestyle-totaal-interieurinrichting-1536x1024.jpg 1536w, https:\/\/marcottestyle.com\/wp-content\/uploads\/2020\/01\/Marcottestyle-totaal-interieurinrichting-1280x853.jpg 1280w, https:\/\/marcottestyle.com\/wp-content\/uploads\/2020\/01\/Marcottestyle-totaal-interieurinrichting.jpg 1920w\" sizes=\"(max-width: 300px) 100vw, 300px\" \/>La r\u00e9novation compl\u00e8te de votre maison pr\u00e9sente de nombreux avantages et une tr\u00e8s grande valeur ajout\u00e9e. Si vous aimez vivre dans votre r\u00e9gion, bien que votre maison soit quelque peu d\u00e9pass\u00e9e, une r\u00e9novation compl\u00e8te est une option int\u00e9ressante. L&#8217;investissement que vous faites ici n&#8217;est en aucun cas perdu et parfois une plus-value dans les ventes peut vous surprendre agr\u00e9ablement apr\u00e8s quelques ann\u00e9es.<\/p>\n<p>Deux m\u00e9thodes se distinguent pour une d\u00e9coration int\u00e9rieure compl\u00e8te. En d&#8217;autres termes, il n&#8217;est intervenu que l\u00e9g\u00e8rement partout, en mettant davantage l&#8217;accent sur la peinture, l&#8217;\u00e9clairage des armoires sur mesure, les nouveaux meubles et la d\u00e9coration avec des rideaux et des tapis. Le plus important, c&#8217;est qu&#8217;il devienne un tout o\u00f9 convivialit\u00e9 et tranquillit\u00e9 sont le r\u00e9sultat agr\u00e9able. De plus, de nouveaux plafonds suspendus avec spots LED peuvent \u00eatre install\u00e9s. De nouveaux planchers et des fen\u00eatres bien isol\u00e9es sont \u00e9galement importants.<\/p>\n<p><a href=\"https:\/\/marcottestyle.com\/fr\/contact\/\">N&#8217;h\u00e9sitez pas \u00e0 nous contacter<\/a><\/p>\n<p>[seo-gallery type=&#8221;3-columns&#8221; taxonomy=&#8221;110&#8243; num=&#8221;4,11&#8243;]<\/p>\n<p>Ou une r\u00e9novation en profondeur est parfois n\u00e9cessaire, o\u00f9 tout remonte \u00e0 une situation de coque. Ici Marcottestyle va proposer un int\u00e9rieur compl\u00e8tement nouveau. L\u00e0 o\u00f9 il y a beaucoup d&#8217;espaces, il est g\u00e9n\u00e9ralement sugg\u00e9r\u00e9 de changer compl\u00e8tement la disposition, car \u00e0 ce stade, il est important de redistribuer les espaces si n\u00e9cessaire. Par exemple, au lieu de cinq ou de petites chambres avec seulement deux salles de bains, seules trois grandes chambres peuvent \u00eatre cr\u00e9\u00e9es, chacune avec une salle de bain et un dressing en suite. Une fois que vous vous \u00eates habitu\u00e9 \u00e0 une disposition aussi contemporaine, vous ne pouvez plus imaginer autre chose. De plus, le renouvellement de l&#8217;\u00e9lectricit\u00e9, les fen\u00eatres, les planchers, les plafonds, le pl\u00e2trier sont au programme. Apr\u00e8s s\u00e9chage, tout est peint selon un calendrier et un design sp\u00e9cifiques. Tout de A \u00e0 Z est pr\u00e9vu ici et apr\u00e8s les travaux de structure, il est temps de proc\u00e9der \u00e0 la conception proprement dite.<\/p>\n<h3>Alliant fonctionnalit\u00e9 et esth\u00e9tique:<\/h3>\n<p>La force de Marcottestyle est bien s\u00fbr la capacit\u00e9 d&#8217;\u00e9quilibrer l&#8217;esth\u00e9tique et la fonctionnalit\u00e9. Bien s\u00fbr, tout est toujours esth\u00e9tiquement parfait ici, mais il existe de nombreuses fa\u00e7ons d&#8217;y parvenir, \u00e0 condition que la fonctionnalit\u00e9 et le c\u00f4t\u00e9 pratique ne soient pas oubli\u00e9s.<br \/>\nChaque projet est r\u00e9alis\u00e9 avec c\u0153ur et \u00e2me pour atteindre la r\u00e9alisation parfaite.<\/p>\n<blockquote><p>Consultez nos r\u00e9alisations et portez une attention particuli\u00e8re \u00e0 chaque d\u00e9tail: Marcottestyle ne laisse rien au hasard. Tout est pens\u00e9 sur plan pour obtenir un r\u00e9sultat parfait.<\/p><\/blockquote>\n<p><a href=\"https:\/\/marcottestyle.com\/fr\/realisations\/\">Regardez nos r\u00e9alisations:<\/a><\/p>\n<p>[seo-gallery type=&#8221;3-columns&#8221; taxonomy=&#8221;110&#8243; num=&#8221;4,11&#8243;]<\/p>\n","protected":false},"excerpt":{"rendered":"<p>Marcottestyle est le sp\u00e9cialiste de tout am\u00e9nagement int\u00e9rieur total: La r\u00e9novation compl\u00e8te de votre maison pr\u00e9sente de nombreux avantages et une tr\u00e8s grande valeur ajout\u00e9e&#8230;.<\/p>\n","protected":false},"author":2,"featured_media":0,"parent":0,"menu_order":39,"comment_status":"closed","ping_status":"closed","template":"","meta":{"ngg_post_thumbnail":0,"footnotes":""},"class_list":["post-7328","page","type-page","status-publish","hentry"],"_links":{"self":[{"href":"https:\/\/marcottestyle.com\/fr\/wp-json\/wp\/v2\/pages\/7328","targetHints":{"allow":["GET"]}}],"collection":[{"href":"https:\/\/marcottestyle.com\/fr\/wp-json\/wp\/v2\/pages"}],"about":[{"href":"https:\/\/marcottestyle.com\/fr\/wp-json\/wp\/v2\/types\/page"}],"author":[{"embeddable":true,"href":"https:\/\/marcottestyle.com\/fr\/wp-json\/wp\/v2\/users\/2"}],"replies":[{"embeddable":true,"href":"https:\/\/marcottestyle.com\/fr\/wp-json\/wp\/v2\/comments?post=7328"}],"version-history":[{"count":5,"href":"https:\/\/marcottestyle.com\/fr\/wp-json\/wp\/v2\/pages\/7328\/revisions"}],"predecessor-version":[{"id":13530,"href":"https:\/\/marcottestyle.com\/fr\/wp-json\/wp\/v2\/pages\/7328\/revisions\/13530"}],"wp:attachment":[{"href":"https:\/\/marcottestyle.com\/fr\/wp-json\/wp\/v2\/media?parent=7328"}],"curies":[{"name":"wp","href":"https:\/\/api.w.org\/{rel}","templated":true}]}}