{"id":76107,"date":"2020-01-01T13:24:16","date_gmt":"2020-01-01T12:24:16","guid":{"rendered":"http:\/\/marcottestyle.com\/interieur-classique-2\/"},"modified":"2025-02-12T21:29:35","modified_gmt":"2025-02-12T20:29:35","slug":"interieur-classique-2","status":"publish","type":"page","link":"https:\/\/marcottestyle.com\/fr\/interieur-classique-2\/","title":{"rendered":"Int\u00e9rieur classique"},"content":{"rendered":"\t\t<div data-elementor-type=\"wp-page\" data-elementor-id=\"76107\" class=\"elementor elementor-76107 elementor-13299\" data-elementor-settings=\"{&quot;ha_cmc_init_switcher&quot;:&quot;no&quot;}\" data-elementor-post-type=\"page\">\n\t\t\t\t<div class=\"elementor-element elementor-element-a26d7b6 e-flex e-con-boxed e-con e-parent\" data-id=\"a26d7b6\" data-element_type=\"container\" data-e-type=\"container\" data-settings=\"{&quot;_ha_eqh_enable&quot;:false}\">\n\t\t\t\t\t<div class=\"e-con-inner\">\n\t\t\t\t<div class=\"elementor-element elementor-element-acfd060 elementor-widget elementor-widget-spacer\" data-id=\"acfd060\" data-element_type=\"widget\" data-e-type=\"widget\" data-widget_type=\"spacer.default\">\n\t\t\t\t<div class=\"elementor-widget-container\">\n\t\t\t\t\t\t\t<div class=\"elementor-spacer\">\n\t\t\t<div class=\"elementor-spacer-inner\"><\/div>\n\t\t<\/div>\n\t\t\t\t\t\t<\/div>\n\t\t\t\t<\/div>\n\t\t\t\t\t<\/div>\n\t\t\t\t<\/div>\n\t\t<div class=\"elementor-element elementor-element-0f4906a e-flex e-con-boxed e-con e-parent\" data-id=\"0f4906a\" data-element_type=\"container\" data-e-type=\"container\" data-settings=\"{&quot;_ha_eqh_enable&quot;:false}\">\n\t\t\t\t\t<div class=\"e-con-inner\">\n\t\t\t\t<div class=\"elementor-element elementor-element-a5d6b93 elementor-align-left elementor-widget elementor-widget-etheme_advanced_headline\" data-id=\"a5d6b93\" data-element_type=\"widget\" data-e-type=\"widget\" data-widget_type=\"etheme_advanced_headline.default\">\n\t\t\t\t<div class=\"elementor-widget-container\">\n\t\t\t\t\t        \n        <div class=\"etheme-a-h-wrapper\">\n        \n            \n\t\t\t\n        <h2 class=\"etheme-advanced-headline etheme-advanced-headline-mask\">\n\n            INT\u00c9RIEUR CLASSIQUE\n        <\/h2>\n\t\t\n                    \n        <\/div>\n        \n\t\t\t\t\t\t<\/div>\n\t\t\t\t<\/div>\n\t\t\t\t\t<\/div>\n\t\t\t\t<\/div>\n\t\t<div class=\"elementor-element elementor-element-61bd79c e-flex e-con-boxed e-con e-parent\" data-id=\"61bd79c\" data-element_type=\"container\" data-e-type=\"container\" data-settings=\"{&quot;_ha_eqh_enable&quot;:false}\">\n\t\t\t\t\t<div class=\"e-con-inner\">\n\t\t\t\t<div class=\"elementor-element elementor-element-c90a1d1 elementor-widget elementor-widget-text-editor\" data-id=\"c90a1d1\" data-element_type=\"widget\" data-e-type=\"widget\" data-widget_type=\"text-editor.default\">\n\t\t\t\t<div class=\"elementor-widget-container\">\n\t\t\t\t\t\t\t\t\t<p>Outre les int\u00e9rieurs r\u00e9tro de Marcottestyle, les int\u00e9rieurs classiques constituent un lien int\u00e9ressant entre le pass\u00e9 et le pr\u00e9sent.<\/p>\n<p>Pour cr\u00e9er un int\u00e9rieur classique attrayant, Marcottestyle a eu l&#8217;id\u00e9e g\u00e9niale de m\u00e9langer deux styles.<br \/>Un int\u00e9rieur purement classique est parfois un peu d\u00e9mod\u00e9 et Marcottestyle essaie de rendre ce type d&#8217;int\u00e9rieur un peu plus jeune et plus frais, tout en donnant au style r\u00e9tro ou classique un r\u00f4le de premier plan. Lorsque l&#8217;on entre dans un int\u00e9rieur classique, on doit avoir le sentiment que seul l&#8217;int\u00e9rieur est d\u00e9cor\u00e9 de mani\u00e8re classique. Ce n&#8217;est qu&#8217;en regardant plus en d\u00e9tail que l&#8217;on commence \u00e0 remarquer les \u00e9l\u00e9ments contemporains ou m\u00eame plus modernes ici et l\u00e0, sans pour autant les perturber.  <\/p>\n\t\t\t\t\t\t\t\t<\/div>\n\t\t\t\t<\/div>\n\t\t\t\t\t<\/div>\n\t\t\t\t<\/div>\n\t\t<div class=\"elementor-element elementor-element-bd735a6 e-flex e-con-boxed e-con e-parent\" data-id=\"bd735a6\" data-element_type=\"container\" data-e-type=\"container\" data-settings=\"{&quot;_ha_eqh_enable&quot;:false}\">\n\t\t\t\t\t<div class=\"e-con-inner\">\n\t\t\t\t<div class=\"elementor-element elementor-element-8994fc5 elementor-widget elementor-widget-shortcode\" data-id=\"8994fc5\" data-element_type=\"widget\" data-e-type=\"widget\" data-widget_type=\"shortcode.default\">\n\t\t\t\t<div class=\"elementor-widget-container\">\n\t\t\t\t\t\t\t<div class=\"elementor-shortcode\">ngg_shortcode_0_placeholder<\/div>\n\t\t\t\t\t\t<\/div>\n\t\t\t\t<\/div>\n\t\t\t\t<div class=\"elementor-element elementor-element-95a43f4 elementor-widget elementor-widget-spacer\" data-id=\"95a43f4\" data-element_type=\"widget\" data-e-type=\"widget\" data-widget_type=\"spacer.default\">\n\t\t\t\t<div class=\"elementor-widget-container\">\n\t\t\t\t\t\t\t<div class=\"elementor-spacer\">\n\t\t\t<div class=\"elementor-spacer-inner\"><\/div>\n\t\t<\/div>\n\t\t\t\t\t\t<\/div>\n\t\t\t\t<\/div>\n\t\t\t\t\t<\/div>\n\t\t\t\t<\/div>\n\t\t<div class=\"elementor-element elementor-element-0e3d11d e-flex e-con-boxed e-con e-parent\" data-id=\"0e3d11d\" data-element_type=\"container\" data-e-type=\"container\" data-settings=\"{&quot;_ha_eqh_enable&quot;:false}\">\n\t\t\t\t\t<div class=\"e-con-inner\">\n\t\t\t\t<div class=\"elementor-element elementor-element-41c68cc elementor-align-left elementor-widget elementor-widget-etheme_advanced_headline\" data-id=\"41c68cc\" data-element_type=\"widget\" data-e-type=\"widget\" data-widget_type=\"etheme_advanced_headline.default\">\n\t\t\t\t<div class=\"elementor-widget-container\">\n\t\t\t\t\t        \n        <div class=\"etheme-a-h-wrapper\">\n        \n            \n\t\t\t\n        <h2 class=\"etheme-advanced-headline etheme-advanced-headline-mask\">\n\n            Des rideaux riches :\n        <\/h2>\n\t\t\n                    \n        <\/div>\n        \n\t\t\t\t\t\t<\/div>\n\t\t\t\t<\/div>\n\t\t\t\t\t<\/div>\n\t\t\t\t<\/div>\n\t\t<div class=\"elementor-element elementor-element-5338b09 e-flex e-con-boxed e-con e-parent\" data-id=\"5338b09\" data-element_type=\"container\" data-e-type=\"container\" data-settings=\"{&quot;_ha_eqh_enable&quot;:false}\">\n\t\t\t\t\t<div class=\"e-con-inner\">\n\t\t\t\t<div class=\"elementor-element elementor-element-854e9f1 elementor-widget elementor-widget-text-editor\" data-id=\"854e9f1\" data-element_type=\"widget\" data-e-type=\"widget\" data-widget_type=\"text-editor.default\">\n\t\t\t\t<div class=\"elementor-widget-container\">\n\t\t\t\t\t\t\t\t\t<p>Il s&#8217;agit d&#8217;un style distingu\u00e9 avec des rideaux, des meubles, des d\u00e9corations et des \u00e9clairages somptueux, m\u00e9lang\u00e9s \u00e0 des \u00e9l\u00e9ments plus contemporains. Cependant, cette d\u00e9coration peut \u00eatre aussi moderne ou classique que vous le souhaitez. Le choix des rideaux est alors tr\u00e8s important dans ce style classique.  <\/p>\n\t\t\t\t\t\t\t\t<\/div>\n\t\t\t\t<\/div>\n\t\t\t\t\t<\/div>\n\t\t\t\t<\/div>\n\t\t<div class=\"elementor-element elementor-element-3133b7c e-flex e-con-boxed e-con e-parent\" data-id=\"3133b7c\" data-element_type=\"container\" data-e-type=\"container\" data-settings=\"{&quot;_ha_eqh_enable&quot;:false}\">\n\t\t\t\t\t<div class=\"e-con-inner\">\n\t\t\t\t<div class=\"elementor-element elementor-element-f236f52 elementor-align-left elementor-widget elementor-widget-etheme_advanced_headline\" data-id=\"f236f52\" data-element_type=\"widget\" data-e-type=\"widget\" data-widget_type=\"etheme_advanced_headline.default\">\n\t\t\t\t<div class=\"elementor-widget-container\">\n\t\t\t\t\t        \n        <div class=\"etheme-a-h-wrapper\">\n        \n            \n\t\t\t\n        <h2 class=\"etheme-advanced-headline etheme-advanced-headline-mask\">\n\n            Un manoir au mobilier somptueux :\n        <\/h2>\n\t\t\n                    \n        <\/div>\n        \n\t\t\t\t\t\t<\/div>\n\t\t\t\t<\/div>\n\t\t\t\t\t<\/div>\n\t\t\t\t<\/div>\n\t\t<div class=\"elementor-element elementor-element-ce94622 e-flex e-con-boxed e-con e-parent\" data-id=\"ce94622\" data-element_type=\"container\" data-e-type=\"container\" data-settings=\"{&quot;_ha_eqh_enable&quot;:false}\">\n\t\t\t\t\t<div class=\"e-con-inner\">\n\t\t\t\t<div class=\"elementor-element elementor-element-5a2f4d7 elementor-widget elementor-widget-text-editor\" data-id=\"5a2f4d7\" data-element_type=\"widget\" data-e-type=\"widget\" data-widget_type=\"text-editor.default\">\n\t\t\t\t<div class=\"elementor-widget-container\">\n\t\t\t\t\t\t\t\t\t<p>Les meubles classiques sont indispensables pour am\u00e9nager une maison de ma\u00eetre fusionnant le pass\u00e9 et le pr\u00e9sent. Ici, nous vivons dans un int\u00e9rieur classique avec une ambiance contemporaine g\u00e9n\u00e9reuse. Chez Marcottestyle, on sent tr\u00e8s bien \u00e0 quel point la combinaison entre le classique et le contemporain est n\u00e9cessaire. Un int\u00e9rieur 100 % classique est m\u00eame possible avec des meubles classiques que Marcottestyle peut \u00e9galement fournir. Jetez un coup d&#8217;\u0153il \u00e0 la collection de meubles classiques de Marcottestyle. Cela vaut la peine. Pour un am\u00e9nagement complet, de nombreux autres meubles peuvent bien s\u00fbr \u00eatre ajout\u00e9s pour s&#8217;adapter \u00e0 l&#8217;int\u00e9rieur classique.      <\/p>\n\t\t\t\t\t\t\t\t<\/div>\n\t\t\t\t<\/div>\n\t\t\t\t\t<\/div>\n\t\t\t\t<\/div>\n\t\t<div class=\"elementor-element elementor-element-61faa60 e-flex e-con-boxed e-con e-parent\" data-id=\"61faa60\" data-element_type=\"container\" data-e-type=\"container\" data-settings=\"{&quot;_ha_eqh_enable&quot;:false}\">\n\t\t\t\t\t<div class=\"e-con-inner\">\n\t\t\t\t<div class=\"elementor-element elementor-element-18d6fb3 elementor-widget elementor-widget-shortcode\" data-id=\"18d6fb3\" data-element_type=\"widget\" data-e-type=\"widget\" data-widget_type=\"shortcode.default\">\n\t\t\t\t<div class=\"elementor-widget-container\">\n\t\t\t\t\t\t\t<div class=\"elementor-shortcode\">ngg_shortcode_1_placeholder<\/div>\n\t\t\t\t\t\t<\/div>\n\t\t\t\t<\/div>\n\t\t\t\t\t<\/div>\n\t\t\t\t<\/div>\n\t\t<div class=\"elementor-element elementor-element-4810754 e-flex e-con-boxed e-con e-parent\" data-id=\"4810754\" data-element_type=\"container\" data-e-type=\"container\" data-settings=\"{&quot;_ha_eqh_enable&quot;:false}\">\n\t\t\t\t\t<div class=\"e-con-inner\">\n\t\t\t\t<div class=\"elementor-element elementor-element-bb7c4c8 elementor-align-left elementor-widget elementor-widget-etheme_advanced_headline\" data-id=\"bb7c4c8\" data-element_type=\"widget\" data-e-type=\"widget\" data-widget_type=\"etheme_advanced_headline.default\">\n\t\t\t\t<div class=\"elementor-widget-container\">\n\t\t\t\t\t        \n        <div class=\"etheme-a-h-wrapper\">\n        \n            \n\t\t\t\n        <h2 class=\"etheme-advanced-headline etheme-advanced-headline-mask\">\n\n            Ambassades \u00e0 l'int\u00e9rieur classique :\n        <\/h2>\n\t\t\n                    \n        <\/div>\n        \n\t\t\t\t\t\t<\/div>\n\t\t\t\t<\/div>\n\t\t\t\t\t<\/div>\n\t\t\t\t<\/div>\n\t\t<div class=\"elementor-element elementor-element-2ed7e74 e-flex e-con-boxed e-con e-parent\" data-id=\"2ed7e74\" data-element_type=\"container\" data-e-type=\"container\" data-settings=\"{&quot;_ha_eqh_enable&quot;:false}\">\n\t\t\t\t\t<div class=\"e-con-inner\">\n\t\t\t\t<div class=\"elementor-element elementor-element-d8bb3f8 elementor-widget elementor-widget-text-editor\" data-id=\"d8bb3f8\" data-element_type=\"widget\" data-e-type=\"widget\" data-widget_type=\"text-editor.default\">\n\t\t\t\t<div class=\"elementor-widget-container\">\n\t\t\t\t\t\t\t\t\t<p>Un int\u00e9rieur classique est en effet id\u00e9al pour l&#8217;am\u00e9nagement d&#8217;une ambassade. La grandeur du pays qu&#8217;une ambassade doit projeter est ici importante. Soit vous optez r\u00e9solument pour un int\u00e9rieur moderne, soit vous optez rapidement pour le style majestueux classique.  <\/p>\n\t\t\t\t\t\t\t\t<\/div>\n\t\t\t\t<\/div>\n\t\t\t\t\t<\/div>\n\t\t\t\t<\/div>\n\t\t<div class=\"elementor-element elementor-element-39d010f e-flex e-con-boxed e-con e-parent\" data-id=\"39d010f\" data-element_type=\"container\" data-e-type=\"container\" data-settings=\"{&quot;_ha_eqh_enable&quot;:false}\">\n\t\t\t\t\t<div class=\"e-con-inner\">\n\t\t\t\t<div class=\"elementor-element elementor-element-ad7da4a elementor-widget elementor-widget-spacer\" data-id=\"ad7da4a\" data-element_type=\"widget\" data-e-type=\"widget\" data-widget_type=\"spacer.default\">\n\t\t\t\t<div class=\"elementor-widget-container\">\n\t\t\t\t\t\t\t<div class=\"elementor-spacer\">\n\t\t\t<div class=\"elementor-spacer-inner\"><\/div>\n\t\t<\/div>\n\t\t\t\t\t\t<\/div>\n\t\t\t\t<\/div>\n\t\t\t\t\t<\/div>\n\t\t\t\t<\/div>\n\t\t\t\t<\/div>\n\t\t","protected":false},"excerpt":{"rendered":"<p>INT\u00c9RIEUR CLASSIQUE Outre les int\u00e9rieurs r\u00e9tro de Marcottestyle, les int\u00e9rieurs classiques constituent un lien int\u00e9ressant entre le pass\u00e9 et le pr\u00e9sent. Pour cr\u00e9er un int\u00e9rieur&#8230;<\/p>\n","protected":false},"author":2,"featured_media":0,"parent":0,"menu_order":0,"comment_status":"closed","ping_status":"closed","template":"elementor_header_footer","meta":{"ngg_post_thumbnail":0,"footnotes":""},"class_list":["post-76107","page","type-page","status-publish","hentry"],"_links":{"self":[{"href":"https:\/\/marcottestyle.com\/fr\/wp-json\/wp\/v2\/pages\/76107","targetHints":{"allow":["GET"]}}],"collection":[{"href":"https:\/\/marcottestyle.com\/fr\/wp-json\/wp\/v2\/pages"}],"about":[{"href":"https:\/\/marcottestyle.com\/fr\/wp-json\/wp\/v2\/types\/page"}],"author":[{"embeddable":true,"href":"https:\/\/marcottestyle.com\/fr\/wp-json\/wp\/v2\/users\/2"}],"replies":[{"embeddable":true,"href":"https:\/\/marcottestyle.com\/fr\/wp-json\/wp\/v2\/comments?post=76107"}],"version-history":[{"count":0,"href":"https:\/\/marcottestyle.com\/fr\/wp-json\/wp\/v2\/pages\/76107\/revisions"}],"wp:attachment":[{"href":"https:\/\/marcottestyle.com\/fr\/wp-json\/wp\/v2\/media?parent=76107"}],"curies":[{"name":"wp","href":"https:\/\/api.w.org\/{rel}","templated":true}]}}